{"id":539549,"date":"2025-09-05T17:38:18","date_gmt":"2025-09-05T14:38:18","guid":{"rendered":"https:\/\/staging.nbg.eu\/product\/or-leupold-delta-point-mounting-kit-for-l-02-w-02-steel-black\/"},"modified":"2025-09-30T14:24:04","modified_gmt":"2025-09-30T11:24:04","slug":"kit-montage-or-leupold-delta-point-pour-l-02-w-02-acier-noir","status":"publish","type":"product","link":"https:\/\/staging.nbg.eu\/fr\/produit\/kit-montage-or-leupold-delta-point-pour-l-02-w-02-acier-noir\/","title":{"rendered":"KIT MONTAGE OR LEUPOLD DELTA POINT POUR L-02, W-02, ACIER NOIR"},"content":{"rendered":"<div class=\"product-description\">\n<h2>KIT DE MONTAGE OR LEUPOLD DELTA POINT PRO LW64<\/h2>\n<p><strong>R\u00e9f\u00e9rence :<\/strong> 0091-01207-0001<\/p>\n<p><strong>Marque :<\/strong> KMR Precision Arms<\/p>\n<h2>Description<\/h2>\n<p>Kit de montage pour les pistolets KMR L-02 ou W-02. Cette plaque de base est con\u00e7ue pour les mod\u00e8les de pistolets KMR L-02 et W-02 pr\u00eats pour l&rsquo;optique (OR), adapt\u00e9e aux optiques avec une empreinte Leupold DeltaPoint Pro.<\/p>\n<h2>D\u00e9tails du produit<\/h2>\n<ul>\n<li>Mat\u00e9riau : Acier<\/li>\n<li>Couleur : Noir<\/li>\n<li>Inclut deux vis d&rsquo;installation M4<\/li>\n<\/ul>\n<h2>Installation<\/h2>\n<ol>\n<li>D\u00e9visser la plaque de base d&rsquo;origine du pistolet<\/li>\n<li>Nettoyer soigneusement la zone de montage de la plaque<\/li>\n<li>Installer la nouvelle plaque de base<\/li>\n<li>Serrer les deux vis M4 incluses en utilisant un frein-filet<\/li>\n<\/ol>\n<p><strong>Important :<\/strong> NE PAS UTILISER DE LOCTITE ROUGE !<\/p>\n<h2>Viseurs point rouge compatibles<\/h2>\n<p>Ce kit de montage est compatible avec divers viseurs point rouge qui partagent le standard de montage Leupold DeltaPoint Pro, notamment :<\/p>\n<ul>\n<li>Leupold DeltaPoint Pro<\/li>\n<li>Vortex Defender XL<\/li>\n<li>Eotech Eflx<\/li>\n<li>Holosun SCS 320<\/li>\n<li>Et plusieurs autres<\/li>\n<\/ul>\n<p>Ce kit de montage permet d&rsquo;attacher facilement votre viseur point rouge pr\u00e9f\u00e9r\u00e9 sur votre pistolet KMR L-02 ou W-02.<\/p>\n<\/div>\n","protected":false},"excerpt":{"rendered":"<p>Plaque de base en acier pour les pistolets KMR L-02\/W-02, compatible avec les optiques DeltaPoint Pro<\/p>\n","protected":false},"featured_media":497547,"template":"","meta":{"_acf_changed":false},"product_brand":[11499],"product_cat":[12145],"product_tag":[],"class_list":{"0":"post-539549","1":"product","2":"type-product","3":"status-publish","4":"has-post-thumbnail","6":"product_brand-kmr-precision","7":"product_cat-pieces-kmr","9":"first","10":"instock","11":"taxable","12":"shipping-taxable","13":"purchasable","14":"product-type-simple"},"acf":[],"_links":{"self":[{"href":"https:\/\/staging.nbg.eu\/fr\/wp-json\/wp\/v2\/product\/539549","targetHints":{"allow":["GET"]}}],"collection":[{"href":"https:\/\/staging.nbg.eu\/fr\/wp-json\/wp\/v2\/product"}],"about":[{"href":"https:\/\/staging.nbg.eu\/fr\/wp-json\/wp\/v2\/types\/product"}],"wp:featuredmedia":[{"embeddable":true,"href":"https:\/\/staging.nbg.eu\/fr\/wp-json\/wp\/v2\/media\/497547"}],"wp:attachment":[{"href":"https:\/\/staging.nbg.eu\/fr\/wp-json\/wp\/v2\/media?parent=539549"}],"wp:term":[{"taxonomy":"product_brand","embeddable":true,"href":"https:\/\/staging.nbg.eu\/fr\/wp-json\/wp\/v2\/product_brand?post=539549"},{"taxonomy":"product_cat","embeddable":true,"href":"https:\/\/staging.nbg.eu\/fr\/wp-json\/wp\/v2\/product_cat?post=539549"},{"taxonomy":"product_tag","embeddable":true,"href":"https:\/\/staging.nbg.eu\/fr\/wp-json\/wp\/v2\/product_tag?post=539549"}],"curies":[{"name":"wp","href":"https:\/\/api.w.org\/{rel}","templated":true}]}}