{"id":538300,"date":"2025-09-05T17:34:38","date_gmt":"2025-09-05T14:34:38","guid":{"rendered":"https:\/\/staging.nbg.eu\/product\/pistol-cz-shadow-2-orange-cal-9h19\/"},"modified":"2025-09-30T12:41:14","modified_gmt":"2025-09-30T09:41:14","slug":"pistolet-cz-shadow-2-orange-cal9x19","status":"publish","type":"product","link":"https:\/\/staging.nbg.eu\/fr\/produit\/pistolet-cz-shadow-2-orange-cal9x19\/","title":{"rendered":"Pistolet CZ Shadow 2 Orange cal.9&#215;19"},"content":{"rendered":"<div class=\"product-description\">\n<h2>CZ Shadow 2 Orange<\/h2>\n<p>Le CZ Shadow 2 Orange est un pistolet con\u00e7u pour les tireurs de comp\u00e9tition et les passionn\u00e9s.<\/p>\n<h2>Pr\u00e9cision<\/h2>\n<ul>\n<li>Bague de canon ajust\u00e9e en usine<\/li>\n<li>D\u00e9tente r\u00e9gl\u00e9e en usine<\/li>\n<li>Glissi\u00e8re et carcasse ajust\u00e9es manuellement<\/li>\n<\/ul>\n<h2>Conception<\/h2>\n<ul>\n<li>Plaquettes de crosse et bases de chargeur assorties<\/li>\n<li>Bouton de d\u00e9verrouillage du chargeur pro\u00e9minent<\/li>\n<li>Bouton de d\u00e9verrouillage du chargeur \u00e9tendu et r\u00e9glable<\/li>\n<\/ul>\n<h2>Durabilit\u00e9<\/h2>\n<ul>\n<li>Finition nitrur\u00e9e<\/li>\n<li>Rev\u00eatement suppl\u00e9mentaire sur la carcasse en acier<\/li>\n<li>Plaquettes en aluminium avec quadrillage<\/li>\n<\/ul>\n<h2>Syst\u00e8me de vis\u00e9e<\/h2>\n<ul>\n<li>Guidon \u00e0 fibre optique<\/li>\n<li>Hausse HAJO r\u00e9glable<\/li>\n<\/ul>\n<h2>Sp\u00e9cifications principales<\/h2>\n<ul>\n<li>Calibre : 9mm Luger<\/li>\n<li>Capacit\u00e9 du chargeur : 17+1 cartouches<\/li>\n<li>Mat\u00e9riau de la carcasse : Acier<\/li>\n<li>M\u00e9canisme de d\u00e9tente : Simple et double action<\/li>\n<li>Canon : Forg\u00e9 \u00e0 froid, 124,2 mm<\/li>\n<li>Poids : 1318 grammes<\/li>\n<li>Longueur totale : 216,7 mm<\/li>\n<\/ul>\n<p>Le CZ Shadow 2 Orange est un pistolet de comp\u00e9tition offrant des fonctionnalit\u00e9s am\u00e9lior\u00e9es en termes de pr\u00e9cision et de personnalisation.<\/p>\n<\/div>\n","protected":false},"excerpt":{"rendered":"<p>Pistolet de 9mm con\u00e7u avec pr\u00e9cision pour les tireurs de comp\u00e9tition. Performance d&rsquo;\u00e9lite.<\/p>\n","protected":false},"featured_media":497133,"template":"","meta":{"_acf_changed":false},"product_brand":[],"product_cat":[12150,12140],"product_tag":[],"class_list":{"0":"post-538300","1":"product","2":"type-product","3":"status-publish","4":"has-post-thumbnail","6":"product_cat-pistolet","7":"product_cat-pistolets","9":"first","10":"instock","11":"taxable","12":"shipping-taxable","13":"purchasable","14":"product-type-simple"},"acf":[],"_links":{"self":[{"href":"https:\/\/staging.nbg.eu\/fr\/wp-json\/wp\/v2\/product\/538300","targetHints":{"allow":["GET"]}}],"collection":[{"href":"https:\/\/staging.nbg.eu\/fr\/wp-json\/wp\/v2\/product"}],"about":[{"href":"https:\/\/staging.nbg.eu\/fr\/wp-json\/wp\/v2\/types\/product"}],"wp:featuredmedia":[{"embeddable":true,"href":"https:\/\/staging.nbg.eu\/fr\/wp-json\/wp\/v2\/media\/497133"}],"wp:attachment":[{"href":"https:\/\/staging.nbg.eu\/fr\/wp-json\/wp\/v2\/media?parent=538300"}],"wp:term":[{"taxonomy":"product_brand","embeddable":true,"href":"https:\/\/staging.nbg.eu\/fr\/wp-json\/wp\/v2\/product_brand?post=538300"},{"taxonomy":"product_cat","embeddable":true,"href":"https:\/\/staging.nbg.eu\/fr\/wp-json\/wp\/v2\/product_cat?post=538300"},{"taxonomy":"product_tag","embeddable":true,"href":"https:\/\/staging.nbg.eu\/fr\/wp-json\/wp\/v2\/product_tag?post=538300"}],"curies":[{"name":"wp","href":"https:\/\/api.w.org\/{rel}","templated":true}]}}