{"id":537735,"date":"2025-09-05T00:17:22","date_gmt":"2025-09-04T21:17:22","guid":{"rendered":"https:\/\/staging.nbg.eu\/product\/badger-ordnance-34mm-condition-one-accessory-ring-cap-tan-700-34\/"},"modified":"2025-09-30T11:50:16","modified_gmt":"2025-09-30T08:50:16","slug":"badger-ordnance-bague-accessoire-condition-one-34mm-tan-700-34","status":"publish","type":"product","link":"https:\/\/staging.nbg.eu\/fr\/produit\/badger-ordnance-bague-accessoire-condition-one-34mm-tan-700-34\/","title":{"rendered":"BADGER ORDNANCE BAGUE ACCESSOIRE CONDITION ONE 34MM TAN (700-34)"},"content":{"rendered":"<div class=\"product-description\">\n<h2>BADGER ORDNANCE 34MM BAGUE ACCESSOIRE CONDITION ONE CAPUCHON TAN (700-34)<\/h2>\n<p>Ajoutez \u00e0 votre support modulaire Condition One avec la bague accessoire Condition One (C1 ARC) de Badger Ordnance. Cet accessoire offre :<\/p>\n<ul>\n<li>Int\u00e9gration avec les supports modulaires Condition One<\/li>\n<li>Options de fixation avant ou arri\u00e8re<\/li>\n<li>Compatibilit\u00e9 avec divers accessoires, incluant les rails pour t\u00e9l\u00e9m\u00e8tres laser et les viseurs point rouge \u00e0 12 heures<\/li>\n<li>Fixation\/d\u00e9tachement sans perturber le z\u00e9rotage de l&rsquo;optique principale<\/li>\n<li>Finition tan pour applications tactiques<\/li>\n<\/ul>\n<p>Am\u00e9liorez votre configuration optique avec le C1 ARC, con\u00e7u pour offrir une personnalisation et une fonctionnalit\u00e9 pour les tireurs et les professionnels. D\u00e9couvrez le C1 ARC de Badger Ordnance.<\/p>\n<\/div>\n","protected":false},"excerpt":{"rendered":"<p>Bague de fixation personnalisable de 34 mm pour les supports Condition One. Accessoire polyvalent pour fixation.<\/p>\n","protected":false},"featured_media":496479,"template":"","meta":{"_acf_changed":false},"product_brand":[11080],"product_cat":[12126,12169],"product_tag":[],"class_list":{"0":"post-537735","1":"product","2":"type-product","3":"status-publish","4":"has-post-thumbnail","6":"product_brand-badger-ordnance","7":"product_cat-accessoires-de-visee","8":"product_cat-visee","10":"first","11":"instock","12":"taxable","13":"shipping-taxable","14":"purchasable","15":"product-type-simple"},"acf":[],"_links":{"self":[{"href":"https:\/\/staging.nbg.eu\/fr\/wp-json\/wp\/v2\/product\/537735","targetHints":{"allow":["GET"]}}],"collection":[{"href":"https:\/\/staging.nbg.eu\/fr\/wp-json\/wp\/v2\/product"}],"about":[{"href":"https:\/\/staging.nbg.eu\/fr\/wp-json\/wp\/v2\/types\/product"}],"wp:featuredmedia":[{"embeddable":true,"href":"https:\/\/staging.nbg.eu\/fr\/wp-json\/wp\/v2\/media\/496479"}],"wp:attachment":[{"href":"https:\/\/staging.nbg.eu\/fr\/wp-json\/wp\/v2\/media?parent=537735"}],"wp:term":[{"taxonomy":"product_brand","embeddable":true,"href":"https:\/\/staging.nbg.eu\/fr\/wp-json\/wp\/v2\/product_brand?post=537735"},{"taxonomy":"product_cat","embeddable":true,"href":"https:\/\/staging.nbg.eu\/fr\/wp-json\/wp\/v2\/product_cat?post=537735"},{"taxonomy":"product_tag","embeddable":true,"href":"https:\/\/staging.nbg.eu\/fr\/wp-json\/wp\/v2\/product_tag?post=537735"}],"curies":[{"name":"wp","href":"https:\/\/api.w.org\/{rel}","templated":true}]}}