{"id":53743,"date":"2024-03-04T08:23:25","date_gmt":"2024-09-13T12:54:05","guid":{"rendered":"https:\/\/staging.nbg.eu\/product\/bore-tech-bronze-rifle-brush-3-pack-multiple-calibers\/"},"modified":"2024-09-13T12:55:05","modified_gmt":"2024-09-13T12:55:05","slug":"brosse-en-bronze-bore-tech-pour-carabine-pack-de-3-calibres-multiples","status":"publish","type":"product","link":"https:\/\/staging.nbg.eu\/fr\/produit\/brosse-en-bronze-bore-tech-pour-carabine-pack-de-3-calibres-multiples\/","title":{"rendered":"Brosse en Bronze Bore Tech pour Carabine (Pack de 3, Calibres Multiples)"},"content":{"rendered":"<p>\nLa brosse pour fusil en bronze Bore Tech est construite avec des caract\u00e9ristiques sp\u00e9cifiques. Elle comprend deux fois plus de poils en bronze phosphoreux pour le nettoyage, et offre :<\/p>\n<ul>\n<li>Un c\u0153ur \u00e0 double torsion avec extr\u00e9mit\u00e9s en boucle pour la s\u00e9curit\u00e9 du canon<\/li>\n<li>Des embouts en aluminium de qualit\u00e9 a\u00e9ronautique<\/li>\n<li>Des diam\u00e8tres de poils sp\u00e9cifiques au calibre<\/li>\n<li>Disponible du calibre .17 au .50<\/li>\n<\/ul>\n<p>Les brosses Bore Tech permettent un nettoyage plus rapide et efficace.<\/p>\n","protected":false},"excerpt":{"rendered":"<p>Brosse en bronze de qualit\u00e9 sup\u00e9rieure pour un nettoyage efficace et s\u00fbr du canon de fusil.<\/p>\n","protected":false},"featured_media":53744,"template":"","meta":{"_acf_changed":false},"product_brand":[11152],"product_cat":[12201,12174],"product_tag":[],"class_list":{"0":"post-53743","1":"product","2":"type-product","3":"status-publish","4":"has-post-thumbnail","6":"product_brand-boretech","7":"product_cat-brosses","8":"product_cat-nettoyage-darmes","10":"first","11":"instock","12":"taxable","13":"shipping-taxable","14":"purchasable","15":"product-type-variable","16":"wvs-archive-product-wrapper"},"acf":[],"_links":{"self":[{"href":"https:\/\/staging.nbg.eu\/fr\/wp-json\/wp\/v2\/product\/53743","targetHints":{"allow":["GET"]}}],"collection":[{"href":"https:\/\/staging.nbg.eu\/fr\/wp-json\/wp\/v2\/product"}],"about":[{"href":"https:\/\/staging.nbg.eu\/fr\/wp-json\/wp\/v2\/types\/product"}],"wp:featuredmedia":[{"embeddable":true,"href":"https:\/\/staging.nbg.eu\/fr\/wp-json\/wp\/v2\/media\/53744"}],"wp:attachment":[{"href":"https:\/\/staging.nbg.eu\/fr\/wp-json\/wp\/v2\/media?parent=53743"}],"wp:term":[{"taxonomy":"product_brand","embeddable":true,"href":"https:\/\/staging.nbg.eu\/fr\/wp-json\/wp\/v2\/product_brand?post=53743"},{"taxonomy":"product_cat","embeddable":true,"href":"https:\/\/staging.nbg.eu\/fr\/wp-json\/wp\/v2\/product_cat?post=53743"},{"taxonomy":"product_tag","embeddable":true,"href":"https:\/\/staging.nbg.eu\/fr\/wp-json\/wp\/v2\/product_tag?post=53743"}],"curies":[{"name":"wp","href":"https:\/\/api.w.org\/{rel}","templated":true}]}}