{"id":535394,"date":"2025-09-04T23:53:51","date_gmt":"2025-09-04T20:53:51","guid":{"rendered":"https:\/\/staging.nbg.eu\/product\/law-tactical-llc-ar-15-m16-gen3-m-folding-stock-adapter-99312\/"},"modified":"2025-09-29T15:51:37","modified_gmt":"2025-09-29T12:51:37","slug":"law-tactical-llc-adaptateur-de-crosse-pliante-ar-15m16-gen3-m-99312","status":"publish","type":"product","link":"https:\/\/staging.nbg.eu\/fr\/produit\/law-tactical-llc-adaptateur-de-crosse-pliante-ar-15m16-gen3-m-99312\/","title":{"rendered":"LAW TACTICAL LLC Adaptateur de Crosse Pliante AR-15\/M16 Gen3-M (99312)"},"content":{"rendered":"<h2>LAW TACTICAL LLC Adaptateur de crosse pliante AR-15\/M16 Gen3-M (99312)<\/h2>\n<p>Adaptateur de crosse pliante compatible pour fusil de type AR. Cet accessoire fonctionne avec les syst\u00e8mes \u00e0 impingement direct et \u00e0 piston \u00e0 gaz, s&rsquo;adaptant aux tubes de crosse et aux crosses A2, carbine, mil-spec ou commerciales.<\/p>\n<ul>\n<li>Compatible avec les groupes porteurs standards (full auto, semi-auto, 5,56 \u00e0 .308)<\/li>\n<li>Pour un transport \u00e0 profil bas<\/li>\n<li>Pliage \u00e0 bouton unique<\/li>\n<li>Verrouillage automatique en position d\u00e9pli\u00e9e<\/li>\n<li>Usin\u00e9 en CNC \u00e0 partir d&rsquo;acier 4140<\/li>\n<li>Con\u00e7u, fabriqu\u00e9 et assembl\u00e9 aux \u00c9tats-Unis<\/li>\n<li>Attache de sangle \u00e0 point unique int\u00e9gr\u00e9e<\/li>\n<\/ul>\n<p>Am\u00e9liore la polyvalence de votre AR sans compromettre sa fonction.<\/p>\n","protected":false},"excerpt":{"rendered":"<p>Adaptateur de crosse pliante compact pour AR-15\/M16 permettant un transport discret.<\/p>\n","protected":false},"featured_media":496051,"template":"","meta":{"_acf_changed":false},"product_brand":[],"product_cat":[12153,12193,12142],"product_tag":[],"class_list":{"0":"post-535394","1":"product","2":"type-product","3":"status-publish","4":"has-post-thumbnail","6":"product_cat-crosses-de-carabine","7":"product_cat-fusil","8":"product_cat-tuning-carabine","10":"first","11":"instock","12":"taxable","13":"shipping-taxable","14":"purchasable","15":"product-type-simple"},"acf":[],"_links":{"self":[{"href":"https:\/\/staging.nbg.eu\/fr\/wp-json\/wp\/v2\/product\/535394","targetHints":{"allow":["GET"]}}],"collection":[{"href":"https:\/\/staging.nbg.eu\/fr\/wp-json\/wp\/v2\/product"}],"about":[{"href":"https:\/\/staging.nbg.eu\/fr\/wp-json\/wp\/v2\/types\/product"}],"wp:featuredmedia":[{"embeddable":true,"href":"https:\/\/staging.nbg.eu\/fr\/wp-json\/wp\/v2\/media\/496051"}],"wp:attachment":[{"href":"https:\/\/staging.nbg.eu\/fr\/wp-json\/wp\/v2\/media?parent=535394"}],"wp:term":[{"taxonomy":"product_brand","embeddable":true,"href":"https:\/\/staging.nbg.eu\/fr\/wp-json\/wp\/v2\/product_brand?post=535394"},{"taxonomy":"product_cat","embeddable":true,"href":"https:\/\/staging.nbg.eu\/fr\/wp-json\/wp\/v2\/product_cat?post=535394"},{"taxonomy":"product_tag","embeddable":true,"href":"https:\/\/staging.nbg.eu\/fr\/wp-json\/wp\/v2\/product_tag?post=535394"}],"curies":[{"name":"wp","href":"https:\/\/api.w.org\/{rel}","templated":true}]}}