{"id":535068,"date":"2025-09-04T20:17:18","date_gmt":"2025-09-04T17:17:18","guid":{"rendered":"https:\/\/staging.nbg.eu\/product\/sprinco-usa-308-m4-extension-tube-cs-xp-buffer-spring-in-hard-tube-25762-orange\/"},"modified":"2025-09-29T15:16:20","modified_gmt":"2025-09-29T12:16:20","slug":"sprinco-usa-308-m4-ressort-de-tampon-cs-xp-pour-tube-dextension-en-tube-rigide-25762-orange","status":"publish","type":"product","link":"https:\/\/staging.nbg.eu\/fr\/produit\/sprinco-usa-308-m4-ressort-de-tampon-cs-xp-pour-tube-dextension-en-tube-rigide-25762-orange\/","title":{"rendered":"SPRINCO USA 308 M4 Ressort de Tampon CS XP pour Tube d&rsquo;Extension en Tube Rigide (25762) Orange"},"content":{"rendered":"<div class=\"product-description\">\n<h2>SPRINCO USA 308 M4 Ressort de tampon pour tube d&rsquo;extension CS XP dans un tube rigide (25762) Orange<\/h2>\n<p>Ce ressort de tampon pour carabines \u00e0 grand ch\u00e2ssis est con\u00e7u pour fonctionner dans plusieurs configurations :<\/p>\n<ul>\n<li>DPMS .308 \/ 6.5 CM avec tube tampon M4 standard de 7&Prime; et tampon court de 2.5&Prime;<\/li>\n<li>SR-25 \/ Armalite carabines \u00e0 profondeur interm\u00e9diaire avec tampons de 3.25&Prime;<\/li>\n<li>Tubes M4 standard de 7&Prime; dans les carabines sur-gass\u00e9es (5.56, 6.8 SPC, 6.5 Grendel, etc.)<\/li>\n<\/ul>\n<p>Ce ressort de tampon est emball\u00e9 dans un tube rigide pour le prot\u00e9ger pendant le transport et le stockage.<\/p>\n<\/div>\n","protected":false},"excerpt":{"rendered":"<p>Ressort tampon polyvalent pour carabines .308\/6,5 CM et fusils surgonfl\u00e9s.<\/p>\n","protected":false},"featured_media":495544,"template":"","meta":{"_acf_changed":false},"product_brand":[],"product_cat":[12193,12204,12142],"product_tag":[],"class_list":{"0":"post-535068","1":"product","2":"type-product","3":"status-publish","4":"has-post-thumbnail","6":"product_cat-fusil","7":"product_cat-ressorts","8":"product_cat-tuning-carabine","10":"first","11":"instock","12":"taxable","13":"shipping-taxable","14":"purchasable","15":"product-type-simple"},"acf":[],"_links":{"self":[{"href":"https:\/\/staging.nbg.eu\/fr\/wp-json\/wp\/v2\/product\/535068","targetHints":{"allow":["GET"]}}],"collection":[{"href":"https:\/\/staging.nbg.eu\/fr\/wp-json\/wp\/v2\/product"}],"about":[{"href":"https:\/\/staging.nbg.eu\/fr\/wp-json\/wp\/v2\/types\/product"}],"wp:featuredmedia":[{"embeddable":true,"href":"https:\/\/staging.nbg.eu\/fr\/wp-json\/wp\/v2\/media\/495544"}],"wp:attachment":[{"href":"https:\/\/staging.nbg.eu\/fr\/wp-json\/wp\/v2\/media?parent=535068"}],"wp:term":[{"taxonomy":"product_brand","embeddable":true,"href":"https:\/\/staging.nbg.eu\/fr\/wp-json\/wp\/v2\/product_brand?post=535068"},{"taxonomy":"product_cat","embeddable":true,"href":"https:\/\/staging.nbg.eu\/fr\/wp-json\/wp\/v2\/product_cat?post=535068"},{"taxonomy":"product_tag","embeddable":true,"href":"https:\/\/staging.nbg.eu\/fr\/wp-json\/wp\/v2\/product_tag?post=535068"}],"curies":[{"name":"wp","href":"https:\/\/api.w.org\/{rel}","templated":true}]}}