{"id":534954,"date":"2025-09-04T20:17:18","date_gmt":"2025-09-04T17:17:18","guid":{"rendered":"https:\/\/staging.nbg.eu\/product\/sprinco-usa-ar-308-buferna-pruzhina-25004-cherveno\/"},"modified":"2025-09-29T14:58:47","modified_gmt":"2025-09-29T11:58:47","slug":"sprinco-usa-ar-308-ressort-de-tampon-25004-rouge","status":"publish","type":"product","link":"https:\/\/staging.nbg.eu\/fr\/produit\/sprinco-usa-ar-308-ressort-de-tampon-25004-rouge\/","title":{"rendered":"SPRINCO USA AR .308 Ressort de Tampon (25004) Rouge"},"content":{"rendered":"<div class=\"product-description\">\n<h2>SPRINCO USA AR .308 Ressort de tampon (25004) Rouge<\/h2>\n<p>Le ressort de tampon SPRINCO USA AR .308 (25004) Rouge pour les armes \u00e0 feu de type AR offre :<\/p>\n<ul>\n<li>Durabilit\u00e9 et long\u00e9vit\u00e9 sup\u00e9rieures aux ressorts standard<\/li>\n<li>Fiabilit\u00e9 et cycle de fonctionnement am\u00e9lior\u00e9s, particuli\u00e8rement dans les syst\u00e8mes sur-gaz\u00e9s<\/li>\n<li>R\u00e9duction du rebond du verrou pour un fonctionnement plus fluide<\/li>\n<li>Meilleure gestion du recul<\/li>\n<li>Compatibilit\u00e9 avec les armes \u00e0 feu \u00e9quip\u00e9es de suppresseurs<\/li>\n<\/ul>\n<p>Con\u00e7u sp\u00e9cifiquement pour les syst\u00e8mes de tampon M4 et CAR-15, ce ressort \u00e0 puissance accrue est de couleur rouge pour une identification facile. Emball\u00e9 dans un tube rigide protecteur, il convient aux tireurs recherchant une performance optimale de leurs carabines de plateforme AR-15.<\/p>\n<\/div>\n","protected":false},"excerpt":{"rendered":"<p>Ressort de tampon AR .308 haute performance. Couleur rouge, am\u00e9liore la fiabilit\u00e9.<\/p>\n","protected":false},"featured_media":495521,"template":"","meta":{"_acf_changed":false},"product_brand":[],"product_cat":[12204,12142],"product_tag":[],"class_list":{"0":"post-534954","1":"product","2":"type-product","3":"status-publish","4":"has-post-thumbnail","6":"product_cat-ressorts","7":"product_cat-tuning-carabine","9":"first","10":"instock","11":"taxable","12":"shipping-taxable","13":"purchasable","14":"product-type-simple"},"acf":[],"_links":{"self":[{"href":"https:\/\/staging.nbg.eu\/fr\/wp-json\/wp\/v2\/product\/534954","targetHints":{"allow":["GET"]}}],"collection":[{"href":"https:\/\/staging.nbg.eu\/fr\/wp-json\/wp\/v2\/product"}],"about":[{"href":"https:\/\/staging.nbg.eu\/fr\/wp-json\/wp\/v2\/types\/product"}],"wp:featuredmedia":[{"embeddable":true,"href":"https:\/\/staging.nbg.eu\/fr\/wp-json\/wp\/v2\/media\/495521"}],"wp:attachment":[{"href":"https:\/\/staging.nbg.eu\/fr\/wp-json\/wp\/v2\/media?parent=534954"}],"wp:term":[{"taxonomy":"product_brand","embeddable":true,"href":"https:\/\/staging.nbg.eu\/fr\/wp-json\/wp\/v2\/product_brand?post=534954"},{"taxonomy":"product_cat","embeddable":true,"href":"https:\/\/staging.nbg.eu\/fr\/wp-json\/wp\/v2\/product_cat?post=534954"},{"taxonomy":"product_tag","embeddable":true,"href":"https:\/\/staging.nbg.eu\/fr\/wp-json\/wp\/v2\/product_tag?post=534954"}],"curies":[{"name":"wp","href":"https:\/\/api.w.org\/{rel}","templated":true}]}}