{"id":534849,"date":"2025-09-04T20:17:18","date_gmt":"2025-09-04T17:17:18","guid":{"rendered":"https:\/\/staging.nbg.eu\/product\/sprinco-usa-enhanced-4-coil-bolt-carrier-extractor-cs-spring-3-pak-25435-red\/"},"modified":"2025-09-29T14:49:48","modified_gmt":"2025-09-29T11:49:48","slug":"sprinco-usa-ressort-dextracteur-renforce-4-spires-pour-porte-verrou-cs-pack-de-3-25435-rouge","status":"publish","type":"product","link":"https:\/\/staging.nbg.eu\/fr\/produit\/sprinco-usa-ressort-dextracteur-renforce-4-spires-pour-porte-verrou-cs-pack-de-3-25435-rouge\/","title":{"rendered":"SPRINCO USA Ressort d&rsquo;Extracteur Renforc\u00e9 4 Spires pour Porte-Verrou CS Pack de 3 (25435) Rouge"},"content":{"rendered":"<div class=\"product-description\">\n<h2>SPRINCO USA Ressort d&rsquo;extracteur \u00e0 4 spires pour transporteur de culasse, Lot de 3 (25435) Rouge<\/h2>\n<p>Ressort d&rsquo;extracteur \u00e0 4 spires pour transporteur de culasse Sprinco USA. Fabriqu\u00e9 aux \u00c9tats-Unis en fil de chrome-silicium trait\u00e9 thermiquement et d\u00e9tendu. Ces ressorts subissent un traitement cryog\u00e9nique et sont recouverts de bisulfure de molybd\u00e8ne re-micronis\u00e9.<\/p>\n<ul>\n<li>Maintient le cycle de service prolong\u00e9 du ressort Mil-Spec NEUF<\/li>\n<li>Adapt\u00e9 aux longueurs de canon de 18&Prime;+ et \u00e0 la r\u00e9cup\u00e9ration des douilles<\/li>\n<li>R\u00e9siste \u00e0 la chaleur jusqu&rsquo;\u00e0 750\u00b0F<\/li>\n<li>Cycles de service intensifs avec performance constante<\/li>\n<li>Solution durable et pr\u00eate \u00e0 l&#8217;emploi<\/li>\n<\/ul>\n<p>Ressorts d&rsquo;extracteur pour groupe transporteur de culasse pour un fonctionnement et une long\u00e9vit\u00e9 am\u00e9lior\u00e9s de l&rsquo;arme \u00e0 feu.<\/p>\n<\/div>\n","protected":false},"excerpt":{"rendered":"<p>Ressorts d&rsquo;extracteur \u00e0 4 spires durables pour des cycles de fonctionnement prolong\u00e9s. Fabriqu\u00e9s aux \u00c9tats-Unis.<\/p>\n","protected":false},"featured_media":495495,"template":"","meta":{"_acf_changed":false},"product_brand":[],"product_cat":[12209],"product_tag":[],"class_list":{"0":"post-534849","1":"product","2":"type-product","3":"status-publish","4":"has-post-thumbnail","6":"product_cat-non-categorise","8":"first","9":"instock","10":"taxable","11":"shipping-taxable","12":"purchasable","13":"product-type-simple"},"acf":[],"_links":{"self":[{"href":"https:\/\/staging.nbg.eu\/fr\/wp-json\/wp\/v2\/product\/534849","targetHints":{"allow":["GET"]}}],"collection":[{"href":"https:\/\/staging.nbg.eu\/fr\/wp-json\/wp\/v2\/product"}],"about":[{"href":"https:\/\/staging.nbg.eu\/fr\/wp-json\/wp\/v2\/types\/product"}],"wp:featuredmedia":[{"embeddable":true,"href":"https:\/\/staging.nbg.eu\/fr\/wp-json\/wp\/v2\/media\/495495"}],"wp:attachment":[{"href":"https:\/\/staging.nbg.eu\/fr\/wp-json\/wp\/v2\/media?parent=534849"}],"wp:term":[{"taxonomy":"product_brand","embeddable":true,"href":"https:\/\/staging.nbg.eu\/fr\/wp-json\/wp\/v2\/product_brand?post=534849"},{"taxonomy":"product_cat","embeddable":true,"href":"https:\/\/staging.nbg.eu\/fr\/wp-json\/wp\/v2\/product_cat?post=534849"},{"taxonomy":"product_tag","embeddable":true,"href":"https:\/\/staging.nbg.eu\/fr\/wp-json\/wp\/v2\/product_tag?post=534849"}],"curies":[{"name":"wp","href":"https:\/\/api.w.org\/{rel}","templated":true}]}}