{"id":534732,"date":"2025-09-04T20:17:18","date_gmt":"2025-09-04T17:17:18","guid":{"rendered":"https:\/\/staging.nbg.eu\/product\/law-tactical-llc-ar-15-m16-gen3-m-folding-stock-adapter-fde-99313\/"},"modified":"2025-09-29T13:46:08","modified_gmt":"2025-09-29T10:46:08","slug":"law-tactical-llc-adaptateur-de-crosse-pliante-ar-15m16-gen3-m-fde-99313","status":"publish","type":"product","link":"https:\/\/staging.nbg.eu\/fr\/produit\/law-tactical-llc-adaptateur-de-crosse-pliante-ar-15m16-gen3-m-fde-99313\/","title":{"rendered":"LAW TACTICAL LLC Adaptateur de Crosse Pliante AR-15\/M16 Gen3-M FDE (99313)"},"content":{"rendered":"<div class=\"product-description\">\n<h2>LAW TACTICAL LLC AR-15\/M16 Gen3-M Adaptateur de crosse pliante FDE (99313)<\/h2>\n<p>Adaptateur LAW TACTICAL Gen3-M pour crosse pliante, fabriqu\u00e9 aux \u00c9tats-Unis. Cet adaptateur en acier permet l&rsquo;installation d&rsquo;une crosse pliante, cr\u00e9ant un fusil compact pour le d\u00e9ploiement en v\u00e9hicule ou le transport discret.<\/p>\n<ul>\n<li>Compatible avec les syst\u00e8mes \u00e0 gaz direct et \u00e0 piston<\/li>\n<li>Accepte les tubes de crosse A2, mil-spec M4 et carabine commerciale<\/li>\n<li>Fonctionne avec les groupes porteurs standard, y compris full-auto et taille .308<\/li>\n<li>Fonctionnement \u00e0 bouton unique pour pliage et d\u00e9pliage rapides<\/li>\n<li>Tension de charni\u00e8re r\u00e9glable<\/li>\n<li>Rev\u00eatement DLC<\/li>\n<li>Ajoute 3,3 cm \u00e0 la longueur de crosse<\/li>\n<li>Poids : 241 g<\/li>\n<\/ul>\n<p><strong>Note :<\/strong> Ne pas tirer avec la crosse pli\u00e9e. Compatible uniquement avec les porteurs Centerfire et Mil-Spec, ou les culasses AR 9mm compatibles.<\/p>\n<\/div>\n","protected":false},"excerpt":{"rendered":"<p>Adaptateur de crosse pliante compact pour AR-15, facilitant le transport et le rangement.<\/p>\n","protected":false},"featured_media":495380,"template":"","meta":{"_acf_changed":false},"product_brand":[],"product_cat":[12153,12193,12142],"product_tag":[],"class_list":{"0":"post-534732","1":"product","2":"type-product","3":"status-publish","4":"has-post-thumbnail","6":"product_cat-crosses-de-carabine","7":"product_cat-fusil","8":"product_cat-tuning-carabine","10":"first","11":"instock","12":"taxable","13":"shipping-taxable","14":"purchasable","15":"product-type-simple"},"acf":[],"_links":{"self":[{"href":"https:\/\/staging.nbg.eu\/fr\/wp-json\/wp\/v2\/product\/534732","targetHints":{"allow":["GET"]}}],"collection":[{"href":"https:\/\/staging.nbg.eu\/fr\/wp-json\/wp\/v2\/product"}],"about":[{"href":"https:\/\/staging.nbg.eu\/fr\/wp-json\/wp\/v2\/types\/product"}],"wp:featuredmedia":[{"embeddable":true,"href":"https:\/\/staging.nbg.eu\/fr\/wp-json\/wp\/v2\/media\/495380"}],"wp:attachment":[{"href":"https:\/\/staging.nbg.eu\/fr\/wp-json\/wp\/v2\/media?parent=534732"}],"wp:term":[{"taxonomy":"product_brand","embeddable":true,"href":"https:\/\/staging.nbg.eu\/fr\/wp-json\/wp\/v2\/product_brand?post=534732"},{"taxonomy":"product_cat","embeddable":true,"href":"https:\/\/staging.nbg.eu\/fr\/wp-json\/wp\/v2\/product_cat?post=534732"},{"taxonomy":"product_tag","embeddable":true,"href":"https:\/\/staging.nbg.eu\/fr\/wp-json\/wp\/v2\/product_tag?post=534732"}],"curies":[{"name":"wp","href":"https:\/\/api.w.org\/{rel}","templated":true}]}}