{"id":533742,"date":"2025-09-04T18:48:23","date_gmt":"2025-09-04T15:48:23","guid":{"rendered":"https:\/\/staging.nbg.eu\/product\/utg-h3-carbine-buffer-ar15-m4-rb-t6bfh3\/"},"modified":"2025-09-29T11:03:40","modified_gmt":"2025-09-29T08:03:40","slug":"utg-tampon-de-crosse-h3-carbine-ar15-m4-rb-t6bfh3","status":"publish","type":"product","link":"https:\/\/staging.nbg.eu\/fr\/produit\/utg-tampon-de-crosse-h3-carbine-ar15-m4-rb-t6bfh3\/","title":{"rendered":"UTG &#8211; Tampon de Crosse H3 Carbine &#8211; AR15 \/ M4 &#8211; RB-T6BFH3"},"content":{"rendered":"<div class=\"product-description\">\n<h2>UTG &#8211; Tampon H3 pour carabine &#8211; AR15 \/ M4 &#8211; RB-T6BFH3<\/h2>\n<p>Le tampon de recul UTG H3 pour AR15 pr\u00e9sente les caract\u00e9ristiques suivantes :<\/p>\n<ul>\n<li>3 poids en tungst\u00e8ne pour les performances<\/li>\n<li>Corps en aluminium 6061-T6 avec finition anodis\u00e9e<\/li>\n<li>Embout ajust\u00e9 pour la durabilit\u00e9<\/li>\n<li>Augmente le temps de cycle et facilite l&rsquo;extraction<\/li>\n<li>R\u00e9duit le recul ressenti<\/li>\n<li>Peut am\u00e9liorer la pr\u00e9cision avec certains calibres<\/li>\n<\/ul>\n<p>Pesant 153 grammes, ce tampon est con\u00e7u pour rendre votre plateforme AR plus confortable et potentiellement plus pr\u00e9cise. Ce composant peut am\u00e9liorer les performances et r\u00e9duire le recul.<\/p>\n","protected":false},"excerpt":{"rendered":"<p>Tampon de crosse UTG H3 : R\u00e9duit le recul, am\u00e9liore le confort pour AR15\/M4.<\/p>\n","protected":false},"featured_media":494316,"template":"","meta":{"_acf_changed":false},"product_brand":[],"product_cat":[12142],"product_tag":[],"class_list":{"0":"post-533742","1":"product","2":"type-product","3":"status-publish","4":"has-post-thumbnail","6":"product_cat-tuning-carabine","8":"first","9":"instock","10":"taxable","11":"shipping-taxable","12":"purchasable","13":"product-type-simple"},"acf":[],"_links":{"self":[{"href":"https:\/\/staging.nbg.eu\/fr\/wp-json\/wp\/v2\/product\/533742","targetHints":{"allow":["GET"]}}],"collection":[{"href":"https:\/\/staging.nbg.eu\/fr\/wp-json\/wp\/v2\/product"}],"about":[{"href":"https:\/\/staging.nbg.eu\/fr\/wp-json\/wp\/v2\/types\/product"}],"wp:featuredmedia":[{"embeddable":true,"href":"https:\/\/staging.nbg.eu\/fr\/wp-json\/wp\/v2\/media\/494316"}],"wp:attachment":[{"href":"https:\/\/staging.nbg.eu\/fr\/wp-json\/wp\/v2\/media?parent=533742"}],"wp:term":[{"taxonomy":"product_brand","embeddable":true,"href":"https:\/\/staging.nbg.eu\/fr\/wp-json\/wp\/v2\/product_brand?post=533742"},{"taxonomy":"product_cat","embeddable":true,"href":"https:\/\/staging.nbg.eu\/fr\/wp-json\/wp\/v2\/product_cat?post=533742"},{"taxonomy":"product_tag","embeddable":true,"href":"https:\/\/staging.nbg.eu\/fr\/wp-json\/wp\/v2\/product_tag?post=533742"}],"curies":[{"name":"wp","href":"https:\/\/api.w.org\/{rel}","templated":true}]}}