{"id":533351,"date":"2025-09-07T23:46:53","date_gmt":"2025-09-07T20:46:53","guid":{"rendered":"https:\/\/staging.nbg.eu\/product\/vanward-thread-insert\/"},"modified":"2025-09-29T10:50:20","modified_gmt":"2025-09-29T07:50:20","slug":"insert-filete-vanward","status":"publish","type":"product","link":"https:\/\/staging.nbg.eu\/fr\/produit\/insert-filete-vanward\/","title":{"rendered":"Insert Filet\u00e9 Vanward"},"content":{"rendered":"<div class=\"product-description\">\n<h2>Insert filet\u00e9 Vanward<\/h2>\n<p>Pour les suppresseurs Vanward Hunter et Hunter Pro. Inserts filet\u00e9s en acier disponibles en plusieurs tailles et configurations :<\/p>\n<ul>\n<li>M13<\/li>\n<li>M14<\/li>\n<li>M15<\/li>\n<li>M17<\/li>\n<li>M18<\/li>\n<li>M22<\/li>\n<\/ul>\n<p>Ces inserts filet\u00e9s sont con\u00e7us pour un ajustement pr\u00e9cis du manchon du suppresseur. Fabriqu\u00e9s en acier, ils assurent une durabilit\u00e9 et des performances dans diverses conditions de tir.<\/p>\n<p>Compatibles avec les mod\u00e8les Vanward Hunter et Hunter Pro, ces inserts filet\u00e9s offrent de la polyvalence. Ils sont faciles \u00e0 installer.<\/p>\n<\/div>\n","protected":false},"excerpt":{"rendered":"<p>Insert Filet\u00e9 Vanward : Inserts en acier pour les silencieux Hunter, M13-M22.<\/p>\n","protected":false},"featured_media":501453,"template":"","meta":{"_acf_changed":false},"product_brand":[11938],"product_cat":[12165,12128,12146],"product_tag":[],"class_list":{"0":"post-533351","1":"product","2":"type-product","3":"status-publish","4":"has-post-thumbnail","6":"product_brand-vanward","7":"product_cat-accessoires-suppresseur","8":"product_cat-suppresseurs","9":"product_cat-suppresseurs-carabine","11":"first","12":"instock","13":"taxable","14":"shipping-taxable","15":"purchasable","16":"product-type-variable","17":"wvs-archive-product-wrapper"},"acf":[],"_links":{"self":[{"href":"https:\/\/staging.nbg.eu\/fr\/wp-json\/wp\/v2\/product\/533351","targetHints":{"allow":["GET"]}}],"collection":[{"href":"https:\/\/staging.nbg.eu\/fr\/wp-json\/wp\/v2\/product"}],"about":[{"href":"https:\/\/staging.nbg.eu\/fr\/wp-json\/wp\/v2\/types\/product"}],"wp:featuredmedia":[{"embeddable":true,"href":"https:\/\/staging.nbg.eu\/fr\/wp-json\/wp\/v2\/media\/501453"}],"wp:attachment":[{"href":"https:\/\/staging.nbg.eu\/fr\/wp-json\/wp\/v2\/media?parent=533351"}],"wp:term":[{"taxonomy":"product_brand","embeddable":true,"href":"https:\/\/staging.nbg.eu\/fr\/wp-json\/wp\/v2\/product_brand?post=533351"},{"taxonomy":"product_cat","embeddable":true,"href":"https:\/\/staging.nbg.eu\/fr\/wp-json\/wp\/v2\/product_cat?post=533351"},{"taxonomy":"product_tag","embeddable":true,"href":"https:\/\/staging.nbg.eu\/fr\/wp-json\/wp\/v2\/product_tag?post=533351"}],"curies":[{"name":"wp","href":"https:\/\/api.w.org\/{rel}","templated":true}]}}