{"id":533007,"date":"2025-09-04T18:25:08","date_gmt":"2025-09-04T15:25:08","guid":{"rendered":"https:\/\/staging.nbg.eu\/product\/ftcs-gas-tube-cover-oblong-holes-ak-cerakote-black-nr-30\/"},"modified":"2025-09-29T10:10:20","modified_gmt":"2025-09-29T07:10:20","slug":"ftcs-cache-tube-de-gaz-trous-oblongs-ak-cerakote-noir-nr-30","status":"publish","type":"product","link":"https:\/\/staging.nbg.eu\/fr\/produit\/ftcs-cache-tube-de-gaz-trous-oblongs-ak-cerakote-noir-nr-30\/","title":{"rendered":"FTCS &#8211; Cache Tube de Gaz &#8211; Trous Oblongs &#8211; AK &#8211; Cerakote &#8211; Noir &#8211; Nr. 30"},"content":{"rendered":"<div class=\"product-description\">\n<h2>Couvercle de tube de gaz FTCS &#8211; Trous oblongs &#8211; AK &#8211; Cerakote Noir &#8211; N\u00b0 30<\/h2>\n<p>Le couvercle de tube de gaz FTCS pour AK pr\u00e9sente les caract\u00e9ristiques suivantes :<\/p>\n<ul>\n<li>Finition Cerakote Noir pour une r\u00e9sistance \u00e0 la corrosion<\/li>\n<li>Conception avec trous oblongs pour la dissipation de la chaleur<\/li>\n<li>Compatible avec la plupart des fusils de type AK<\/li>\n<li>Installation facile &#8211; sans besoin d&rsquo;un armurier<\/li>\n<li>R\u00e9duit la chaleur ressentie lors d&rsquo;utilisations prolong\u00e9es<\/li>\n<li>Apparence moderne<\/li>\n<\/ul>\n<p>Le couvercle de tube de gaz FTCS N\u00b0 30 pour AK offre des performances am\u00e9lior\u00e9es et un aspect personnalis\u00e9.<\/p>\n<\/div>\n","protected":false},"excerpt":{"rendered":"<p>Cache-gaz AK avec trous oblongs. Finition Cerakote noire. #30.<\/p>\n","protected":false},"featured_media":494056,"template":"","meta":{"_acf_changed":false},"product_brand":[11308],"product_cat":[12193,12127,12142],"product_tag":[],"class_list":{"0":"post-533007","1":"product","2":"type-product","3":"status-publish","4":"has-post-thumbnail","6":"product_brand-ftcs","7":"product_cat-fusil","8":"product_cat-tuning-ak","9":"product_cat-tuning-carabine","11":"first","12":"instock","13":"taxable","14":"shipping-taxable","15":"purchasable","16":"product-type-simple"},"acf":[],"_links":{"self":[{"href":"https:\/\/staging.nbg.eu\/fr\/wp-json\/wp\/v2\/product\/533007","targetHints":{"allow":["GET"]}}],"collection":[{"href":"https:\/\/staging.nbg.eu\/fr\/wp-json\/wp\/v2\/product"}],"about":[{"href":"https:\/\/staging.nbg.eu\/fr\/wp-json\/wp\/v2\/types\/product"}],"wp:featuredmedia":[{"embeddable":true,"href":"https:\/\/staging.nbg.eu\/fr\/wp-json\/wp\/v2\/media\/494056"}],"wp:attachment":[{"href":"https:\/\/staging.nbg.eu\/fr\/wp-json\/wp\/v2\/media?parent=533007"}],"wp:term":[{"taxonomy":"product_brand","embeddable":true,"href":"https:\/\/staging.nbg.eu\/fr\/wp-json\/wp\/v2\/product_brand?post=533007"},{"taxonomy":"product_cat","embeddable":true,"href":"https:\/\/staging.nbg.eu\/fr\/wp-json\/wp\/v2\/product_cat?post=533007"},{"taxonomy":"product_tag","embeddable":true,"href":"https:\/\/staging.nbg.eu\/fr\/wp-json\/wp\/v2\/product_tag?post=533007"}],"curies":[{"name":"wp","href":"https:\/\/api.w.org\/{rel}","templated":true}]}}