{"id":53274,"date":"2024-03-04T08:51:50","date_gmt":"2024-09-13T12:49:42","guid":{"rendered":"https:\/\/staging.nbg.eu\/product\/bore-tech-proof-positive-bore-stix-multiple-calibers\/"},"modified":"2024-09-13T12:50:43","modified_gmt":"2024-09-13T12:50:43","slug":"bore-tech-proof-positive-bore-stix-calibres-multiples","status":"publish","type":"product","link":"https:\/\/staging.nbg.eu\/fr\/produit\/bore-tech-proof-positive-bore-stix-calibres-multiples\/","title":{"rendered":"Bore Tech Proof-Positive Bore Stix (Calibres Multiples)"},"content":{"rendered":"<p>\n<strong>Tiges de nettoyage Bore Tech Proof-Positive (Plusieurs calibres)<\/strong><br \/>\nLes tiges de nettoyage Bore Tech Proof-Positive Bore Stix\u2122 pr\u00e9sentent :<\/p>\n<ul>\n<li>Poign\u00e9es \u00e0 roulement \u00e0 billes pour faciliter le mouvement<\/li>\n<li>Conception flottante pour suivre pr\u00e9cis\u00e9ment les rayures<\/li>\n<li>Prises en caoutchouc antid\u00e9rapantes et cod\u00e9es par couleur<\/li>\n<li>Embout rempla\u00e7able, sans laiton, s\u00fbr pour le canon<\/li>\n<li>Noyau en acier renforc\u00e9 pour une rigidit\u00e9 accrue<\/li>\n<li>Rev\u00eatement \u00e0 faible friction<\/li>\n<li>Syst\u00e8me d&rsquo;identification du pas de rayure du canon<\/li>\n<\/ul>\n<p>Choisissez les tiges de nettoyage Bore Tech Proof-Positive Bore Stix.<\/p>\n","protected":false},"excerpt":{"rendered":"<p>Tiges de nettoyage de pr\u00e9cision avec poign\u00e9es \u00e0 roulement \u00e0 billes et embouts rempla\u00e7ables.<\/p>\n","protected":false},"featured_media":53275,"template":"","meta":{"_acf_changed":false},"product_brand":[11152],"product_cat":[12133,12174],"product_tag":[],"class_list":{"0":"post-53274","1":"product","2":"type-product","3":"status-publish","4":"has-post-thumbnail","6":"product_brand-boretech","7":"product_cat-baguettes-de-nettoyage","8":"product_cat-nettoyage-darmes","10":"first","11":"instock","12":"taxable","13":"shipping-taxable","14":"purchasable","15":"product-type-variable","16":"wvs-archive-product-wrapper"},"acf":[],"_links":{"self":[{"href":"https:\/\/staging.nbg.eu\/fr\/wp-json\/wp\/v2\/product\/53274","targetHints":{"allow":["GET"]}}],"collection":[{"href":"https:\/\/staging.nbg.eu\/fr\/wp-json\/wp\/v2\/product"}],"about":[{"href":"https:\/\/staging.nbg.eu\/fr\/wp-json\/wp\/v2\/types\/product"}],"wp:featuredmedia":[{"embeddable":true,"href":"https:\/\/staging.nbg.eu\/fr\/wp-json\/wp\/v2\/media\/53275"}],"wp:attachment":[{"href":"https:\/\/staging.nbg.eu\/fr\/wp-json\/wp\/v2\/media?parent=53274"}],"wp:term":[{"taxonomy":"product_brand","embeddable":true,"href":"https:\/\/staging.nbg.eu\/fr\/wp-json\/wp\/v2\/product_brand?post=53274"},{"taxonomy":"product_cat","embeddable":true,"href":"https:\/\/staging.nbg.eu\/fr\/wp-json\/wp\/v2\/product_cat?post=53274"},{"taxonomy":"product_tag","embeddable":true,"href":"https:\/\/staging.nbg.eu\/fr\/wp-json\/wp\/v2\/product_tag?post=53274"}],"curies":[{"name":"wp","href":"https:\/\/api.w.org\/{rel}","templated":true}]}}