{"id":532735,"date":"2025-09-04T17:51:31","date_gmt":"2025-09-04T14:51:31","guid":{"rendered":"https:\/\/staging.nbg.eu\/product\/strike-industries-mass-driver-comp-for-glock-17-gen4\/"},"modified":"2025-09-29T09:49:40","modified_gmt":"2025-09-29T06:49:40","slug":"strike-industries-compensateur-mass-driver-pour-glock-17-gen4","status":"publish","type":"product","link":"https:\/\/staging.nbg.eu\/fr\/produit\/strike-industries-compensateur-mass-driver-pour-glock-17-gen4\/","title":{"rendered":"Strike Industries &#8211; Compensateur Mass Driver pour Glock 17 Gen4"},"content":{"rendered":"<h2>Strike Industries &#8211; Compensateur Mass Driver pour Glock 17 Gen4<\/h2>\n<p>Le compensateur Mass Driver (MDC) de Strike Industries pour Glock 17 Gen4 est un nouveau design de compensateur. Inspir\u00e9 des moteurs \u00e0 masse d&rsquo;\u00e9jection th\u00e9oriques utilis\u00e9s dans les voyages spatiaux, ce compensateur att\u00e9nue le recul m\u00e9canique sans compromettre la fiabilit\u00e9 du cycle.<\/p>\n<h2>Caract\u00e9ristiques principales :<\/h2>\n<ul>\n<li>Se s\u00e9pare des composants op\u00e9rationnels apr\u00e8s l&rsquo;allumage<\/li>\n<li>Maintient des vitesses cycliques proches de celles d&rsquo;origine<\/li>\n<li>R\u00e9duit la masse en mouvement<\/li>\n<li>Al\u00e9sage \u00e9largi pour minimiser les impacts de d\u00e9flecteur et le keyholing<\/li>\n<li>Coupe de d\u00e9gagement de 2,5 mm pour \u00e9viter d&rsquo;endommager la glissi\u00e8re<\/li>\n<li>Compatible avec la plupart des canons filet\u00e9s du march\u00e9 secondaire<\/li>\n<li>S&rsquo;adapte aux glissi\u00e8res GLOCK\u2122 GEN3, GEN4 et GEN5 G17<\/li>\n<li>Fonctionne avec la plupart des \u00e9tuis ouverts<\/li>\n<\/ul>\n<p><strong>Note :<\/strong> Couple recommand\u00e9 pour l&rsquo;\u00e9crou de la tige guide : 25 lbs\/in. L&rsquo;utilisation de munitions +P et +P+ peut causer une usure pr\u00e9matur\u00e9e.<\/p>\n","protected":false},"excerpt":{"rendered":"<p>Conception r\u00e9volutionnaire du compensateur pour une r\u00e9duction du recul et un cycle plus rapide.<\/p>\n","protected":false},"featured_media":493833,"template":"","meta":{"_acf_changed":false},"product_brand":[],"product_cat":[12194,12150],"product_tag":[],"class_list":{"0":"post-532735","1":"product","2":"type-product","3":"status-publish","4":"has-post-thumbnail","6":"product_cat-pieces-de-pistolet","7":"product_cat-pistolet","9":"first","10":"instock","11":"taxable","12":"shipping-taxable","13":"purchasable","14":"product-type-simple"},"acf":[],"_links":{"self":[{"href":"https:\/\/staging.nbg.eu\/fr\/wp-json\/wp\/v2\/product\/532735","targetHints":{"allow":["GET"]}}],"collection":[{"href":"https:\/\/staging.nbg.eu\/fr\/wp-json\/wp\/v2\/product"}],"about":[{"href":"https:\/\/staging.nbg.eu\/fr\/wp-json\/wp\/v2\/types\/product"}],"wp:featuredmedia":[{"embeddable":true,"href":"https:\/\/staging.nbg.eu\/fr\/wp-json\/wp\/v2\/media\/493833"}],"wp:attachment":[{"href":"https:\/\/staging.nbg.eu\/fr\/wp-json\/wp\/v2\/media?parent=532735"}],"wp:term":[{"taxonomy":"product_brand","embeddable":true,"href":"https:\/\/staging.nbg.eu\/fr\/wp-json\/wp\/v2\/product_brand?post=532735"},{"taxonomy":"product_cat","embeddable":true,"href":"https:\/\/staging.nbg.eu\/fr\/wp-json\/wp\/v2\/product_cat?post=532735"},{"taxonomy":"product_tag","embeddable":true,"href":"https:\/\/staging.nbg.eu\/fr\/wp-json\/wp\/v2\/product_tag?post=532735"}],"curies":[{"name":"wp","href":"https:\/\/api.w.org\/{rel}","templated":true}]}}