{"id":532625,"date":"2025-09-04T17:51:31","date_gmt":"2025-09-04T14:51:31","guid":{"rendered":"https:\/\/staging.nbg.eu\/product\/strike-industries-mass-driver-comp-for-glock-17-gen5-black-si-g5-mdcomp-s\/"},"modified":"2025-09-29T09:41:14","modified_gmt":"2025-09-29T06:41:14","slug":"strike-industries-compensateur-mass-driver-pour-glock-17-gen5-noir-si-g5-mdcomp-s","status":"publish","type":"product","link":"https:\/\/staging.nbg.eu\/fr\/produit\/strike-industries-compensateur-mass-driver-pour-glock-17-gen5-noir-si-g5-mdcomp-s\/","title":{"rendered":"Strike Industries &#8211; Compensateur Mass Driver pour Glock 17 Gen5 &#8211; Noir &#8211; SI-G5-MDCOMP-S"},"content":{"rendered":"<h2>Compensateur Mass Driver de Strike Industries pour Glock 17 Gen5 &#8211; Noir<\/h2>\n<p>Le compensateur Mass Driver (MDC) de Strike Industries pour Glock 17 Gen5. Cette conception s&rsquo;inspire des moteurs \u00e0 masse th\u00e9oriques utilis\u00e9s dans les voyages spatiaux.<\/p>\n<ul>\n<li>Att\u00e9nue le recul m\u00e9canique sans compromettre la vitesse de cycle<\/li>\n<li>R\u00e9duit la masse r\u00e9ciproque pour am\u00e9liorer les performances<\/li>\n<li>Al\u00e9sage \u00e9largi pour \u00e9viter les impacts de d\u00e9flecteur et le keyholing<\/li>\n<li>Coupe de d\u00e9gagement de 2,5 mm pour prot\u00e9ger la glissi\u00e8re du pistolet<\/li>\n<li>Compatible avec la plupart des canons filet\u00e9s du march\u00e9 secondaire<\/li>\n<li>S&rsquo;adapte aux glissi\u00e8res GLOCK\u2122 GEN3, GEN4 et GEN5 G19 &amp; G17<\/li>\n<li>Fonctionne avec la plupart des \u00e9tuis ouverts adapt\u00e9s aux compensateurs<\/li>\n<\/ul>\n<p><strong>Remarque :<\/strong> Couple recommand\u00e9 pour l&rsquo;\u00e9crou de la tige guide : 25 lbs\/in. L&rsquo;utilisation de munitions +P et +P+ peut causer une usure pr\u00e9matur\u00e9e.<\/p>\n","protected":false},"excerpt":{"rendered":"<p>Strike Industries MDC : R\u00e9duction r\u00e9volutionnaire du recul pour le Glock 17 Gen5.<\/p>\n","protected":false},"featured_media":493787,"template":"","meta":{"_acf_changed":false},"product_brand":[],"product_cat":[12194,12150],"product_tag":[],"class_list":{"0":"post-532625","1":"product","2":"type-product","3":"status-publish","4":"has-post-thumbnail","6":"product_cat-pieces-de-pistolet","7":"product_cat-pistolet","9":"first","10":"instock","11":"taxable","12":"shipping-taxable","13":"purchasable","14":"product-type-simple"},"acf":[],"_links":{"self":[{"href":"https:\/\/staging.nbg.eu\/fr\/wp-json\/wp\/v2\/product\/532625","targetHints":{"allow":["GET"]}}],"collection":[{"href":"https:\/\/staging.nbg.eu\/fr\/wp-json\/wp\/v2\/product"}],"about":[{"href":"https:\/\/staging.nbg.eu\/fr\/wp-json\/wp\/v2\/types\/product"}],"wp:featuredmedia":[{"embeddable":true,"href":"https:\/\/staging.nbg.eu\/fr\/wp-json\/wp\/v2\/media\/493787"}],"wp:attachment":[{"href":"https:\/\/staging.nbg.eu\/fr\/wp-json\/wp\/v2\/media?parent=532625"}],"wp:term":[{"taxonomy":"product_brand","embeddable":true,"href":"https:\/\/staging.nbg.eu\/fr\/wp-json\/wp\/v2\/product_brand?post=532625"},{"taxonomy":"product_cat","embeddable":true,"href":"https:\/\/staging.nbg.eu\/fr\/wp-json\/wp\/v2\/product_cat?post=532625"},{"taxonomy":"product_tag","embeddable":true,"href":"https:\/\/staging.nbg.eu\/fr\/wp-json\/wp\/v2\/product_tag?post=532625"}],"curies":[{"name":"wp","href":"https:\/\/api.w.org\/{rel}","templated":true}]}}