{"id":531286,"date":"2025-09-04T17:51:30","date_gmt":"2025-09-04T14:51:30","guid":{"rendered":"https:\/\/staging.nbg.eu\/product\/strike-industries-mass-driver-comp-for-glock-19-gen4\/"},"modified":"2025-09-26T17:55:17","modified_gmt":"2025-09-26T14:55:17","slug":"strike-industries-compensateur-mass-driver-pour-glock-19-gen4","status":"publish","type":"product","link":"https:\/\/staging.nbg.eu\/fr\/produit\/strike-industries-compensateur-mass-driver-pour-glock-19-gen4\/","title":{"rendered":"Strike Industries &#8211; Compensateur Mass Driver pour Glock 19 Gen4"},"content":{"rendered":"<h2>Compensateur Mass Driver de Strike Industries pour Glock 19 Gen4<\/h2>\n<p>Le compensateur Mass Driver (MDC) de Strike Industries pour Glock 19 Gen4 offre :<\/p>\n<ul>\n<li>R\u00e9duction du recul m\u00e9canique gr\u00e2ce \u00e0 un syst\u00e8me de contre-poids<\/li>\n<li>Vitesses cycliques proches de celles d&rsquo;origine pour une performance fiable<\/li>\n<li>Al\u00e9sage \u00e9largi pour \u00e9viter les impacts de d\u00e9flecteur et le keyholing<\/li>\n<li>Coupe de d\u00e9gagement de 2,5 mm pour prot\u00e9ger la face de la glissi\u00e8re<\/li>\n<li>Compatibilit\u00e9 avec la plupart des canons filet\u00e9s du march\u00e9 secondaire<\/li>\n<li>S&rsquo;adapte aux glissi\u00e8res G19 et G17 Gen3, Gen4 et Gen5<\/li>\n<li>Fonctionne avec les \u00e9tuis \u00e0 extr\u00e9mit\u00e9 ouverte adapt\u00e9s aux compensateurs<\/li>\n<\/ul>\n<p>Note : Un couple de 25 lbs\/in est recommand\u00e9 pour l&rsquo;\u00e9crou de la tige guide. L&rsquo;utilisation de munitions +P et +P+ peut causer une usure pr\u00e9matur\u00e9e.<\/p>\n","protected":false},"excerpt":{"rendered":"<p>Compensateur r\u00e9volutionnaire pour Glock 19 Gen4. R\u00e9duit le recul et le rel\u00e8vement de la bouche.<\/p>\n","protected":false},"featured_media":493671,"template":"","meta":{"_acf_changed":false},"product_brand":[],"product_cat":[12209],"product_tag":[],"class_list":{"0":"post-531286","1":"product","2":"type-product","3":"status-publish","4":"has-post-thumbnail","6":"product_cat-non-categorise","8":"first","9":"instock","10":"taxable","11":"shipping-taxable","12":"purchasable","13":"product-type-simple"},"acf":[],"_links":{"self":[{"href":"https:\/\/staging.nbg.eu\/fr\/wp-json\/wp\/v2\/product\/531286","targetHints":{"allow":["GET"]}}],"collection":[{"href":"https:\/\/staging.nbg.eu\/fr\/wp-json\/wp\/v2\/product"}],"about":[{"href":"https:\/\/staging.nbg.eu\/fr\/wp-json\/wp\/v2\/types\/product"}],"wp:featuredmedia":[{"embeddable":true,"href":"https:\/\/staging.nbg.eu\/fr\/wp-json\/wp\/v2\/media\/493671"}],"wp:attachment":[{"href":"https:\/\/staging.nbg.eu\/fr\/wp-json\/wp\/v2\/media?parent=531286"}],"wp:term":[{"taxonomy":"product_brand","embeddable":true,"href":"https:\/\/staging.nbg.eu\/fr\/wp-json\/wp\/v2\/product_brand?post=531286"},{"taxonomy":"product_cat","embeddable":true,"href":"https:\/\/staging.nbg.eu\/fr\/wp-json\/wp\/v2\/product_cat?post=531286"},{"taxonomy":"product_tag","embeddable":true,"href":"https:\/\/staging.nbg.eu\/fr\/wp-json\/wp\/v2\/product_tag?post=531286"}],"curies":[{"name":"wp","href":"https:\/\/api.w.org\/{rel}","templated":true}]}}