{"id":531064,"date":"2025-09-04T17:50:56","date_gmt":"2025-09-04T14:50:56","guid":{"rendered":"https:\/\/staging.nbg.eu\/product\/wbp-rogow-mounting-kit-for-enlarged-magazine-latch-ak-akm-ak-74\/"},"modified":"2025-09-26T16:30:37","modified_gmt":"2025-09-26T13:30:37","slug":"wbp-rogow-kit-de-montage-pour-loquet-de-chargeur-elargi-ak-akm-ak-74","status":"publish","type":"product","link":"https:\/\/staging.nbg.eu\/fr\/produit\/wbp-rogow-kit-de-montage-pour-loquet-de-chargeur-elargi-ak-akm-ak-74\/","title":{"rendered":"WBP Rog\u00f3w &#8211; Kit de Montage pour Loquet de Chargeur \u00c9largi &#8211; AK \/ AKM \/ AK-74"},"content":{"rendered":"<h2>WBP Rog\u00f3w &#8211; Kit de montage pour loquet de chargeur agrandi &#8211; AK \/ AKM \/ AK-74<\/h2>\n<p>Ce kit de montage pour loquet de chargeur agrandi de WBP Rog\u00f3w est con\u00e7u pour les fusils de type AK. Il s&rsquo;installe facilement et am\u00e9liore la fonctionnalit\u00e9 pour divers mod\u00e8les de la famille AK.<\/p>\n<h2>Caract\u00e9ristiques principales :<\/h2>\n<ul>\n<li>Surface agrandie pour faciliter le d\u00e9tachement du chargeur<\/li>\n<li>Compatible avec les mod\u00e8les AK, AKM et AK-74 courants<\/li>\n<li>Permet un rechargement plus rapide<\/li>\n<li>Inclut un ressort et un axe de pivot<\/li>\n<li>Fabriqu\u00e9 en acier oxyd\u00e9 r\u00e9sistant<\/li>\n<li>Finition noire<\/li>\n<\/ul>\n<p>Dimensions : 51 x 24 x 15 mm<br \/>\nPoids : 16 g<\/p>\n<p>Ce kit modifie le m\u00e9canisme de lib\u00e9ration du chargeur de votre AK.<\/p>\n","protected":false},"excerpt":{"rendered":"<p>Kit de loquet de chargeur AK agrandi. Installation facile, ergonomie am\u00e9lior\u00e9e. Acier, noir.<\/p>\n","protected":false},"featured_media":493602,"template":"","meta":{"_acf_changed":false},"product_brand":[],"product_cat":[12209],"product_tag":[],"class_list":{"0":"post-531064","1":"product","2":"type-product","3":"status-publish","4":"has-post-thumbnail","6":"product_cat-non-categorise","8":"first","9":"instock","10":"taxable","11":"shipping-taxable","12":"purchasable","13":"product-type-simple"},"acf":[],"_links":{"self":[{"href":"https:\/\/staging.nbg.eu\/fr\/wp-json\/wp\/v2\/product\/531064","targetHints":{"allow":["GET"]}}],"collection":[{"href":"https:\/\/staging.nbg.eu\/fr\/wp-json\/wp\/v2\/product"}],"about":[{"href":"https:\/\/staging.nbg.eu\/fr\/wp-json\/wp\/v2\/types\/product"}],"wp:featuredmedia":[{"embeddable":true,"href":"https:\/\/staging.nbg.eu\/fr\/wp-json\/wp\/v2\/media\/493602"}],"wp:attachment":[{"href":"https:\/\/staging.nbg.eu\/fr\/wp-json\/wp\/v2\/media?parent=531064"}],"wp:term":[{"taxonomy":"product_brand","embeddable":true,"href":"https:\/\/staging.nbg.eu\/fr\/wp-json\/wp\/v2\/product_brand?post=531064"},{"taxonomy":"product_cat","embeddable":true,"href":"https:\/\/staging.nbg.eu\/fr\/wp-json\/wp\/v2\/product_cat?post=531064"},{"taxonomy":"product_tag","embeddable":true,"href":"https:\/\/staging.nbg.eu\/fr\/wp-json\/wp\/v2\/product_tag?post=531064"}],"curies":[{"name":"wp","href":"https:\/\/api.w.org\/{rel}","templated":true}]}}