{"id":530943,"date":"2025-09-04T17:49:03","date_gmt":"2025-09-04T14:49:03","guid":{"rendered":"https:\/\/staging.nbg.eu\/product\/magpul-moe-sl-ak-grip-for-ak47-ak74-fde-mag682-fde\/"},"modified":"2025-09-26T16:15:59","modified_gmt":"2025-09-26T13:15:59","slug":"magpul-poignee-moe-sl-ak-pour-ak47ak74-fde-mag682-fde","status":"publish","type":"product","link":"https:\/\/staging.nbg.eu\/fr\/produit\/magpul-poignee-moe-sl-ak-pour-ak47ak74-fde-mag682-fde\/","title":{"rendered":"Magpul &#8211; Poignee MOE SL AK pour AK47\/AK74 &#8211; FDE &#8211; MAG682-FDE"},"content":{"rendered":"<div class=\"product-description\">\n<h2>Poign\u00e9e Magpul MOE SL AK pour AK47\/AK74 &#8211; FDE (MAG682-FDE)<\/h2>\n<p>Poign\u00e9e pour AK47\/AK74 Magpul MOE SL en couleur Flat Dark Earth. Cette poign\u00e9e fine offre un angle plus vertical, con\u00e7ue pour les armes \u00e0 longueur de crosse courte, rapprochant la main du corps.<\/p>\n<ul>\n<li>Fabriqu\u00e9e en polym\u00e8re avec une finition textur\u00e9e<\/li>\n<li>Compatible avec les bo\u00eetiers usin\u00e9s et estamp\u00e9s, y compris ceux avec plaques de renfort<\/li>\n<li>Texture TSP (Projections de Surface Trap\u00e9zo\u00efdales) pour un meilleur contr\u00f4le<\/li>\n<li>Angle de poign\u00e9e de 20 degr\u00e9s pour l&rsquo;ergonomie<\/li>\n<li>Profil plus mince que les poign\u00e9es standard<\/li>\n<li>Dimensions : 10,9 cm H x 2,8 cm L, poids de 73,7 g<\/li>\n<li>Fabriqu\u00e9e aux \u00c9tats-Unis &#8211; compte comme une pi\u00e8ce de conformit\u00e9 US pour 922r<\/li>\n<\/ul>\n<p>La poign\u00e9e Magpul MOE SL AK est con\u00e7ue pour une utilisation dans tous les environnements.<\/p>\n<\/div>\n","protected":false},"excerpt":{"rendered":"<p>Poign\u00e9e Magpul MOE SL AK : Am\u00e9lioration fine et textur\u00e9e pour AK47\/74 &#8211; Flat Dark Earth (FDE)<\/p>\n","protected":false},"featured_media":493578,"template":"","meta":{"_acf_changed":false},"product_brand":[],"product_cat":[12209],"product_tag":[],"class_list":{"0":"post-530943","1":"product","2":"type-product","3":"status-publish","4":"has-post-thumbnail","6":"product_cat-non-categorise","8":"first","9":"instock","10":"taxable","11":"shipping-taxable","12":"purchasable","13":"product-type-simple"},"acf":[],"_links":{"self":[{"href":"https:\/\/staging.nbg.eu\/fr\/wp-json\/wp\/v2\/product\/530943","targetHints":{"allow":["GET"]}}],"collection":[{"href":"https:\/\/staging.nbg.eu\/fr\/wp-json\/wp\/v2\/product"}],"about":[{"href":"https:\/\/staging.nbg.eu\/fr\/wp-json\/wp\/v2\/types\/product"}],"wp:featuredmedia":[{"embeddable":true,"href":"https:\/\/staging.nbg.eu\/fr\/wp-json\/wp\/v2\/media\/493578"}],"wp:attachment":[{"href":"https:\/\/staging.nbg.eu\/fr\/wp-json\/wp\/v2\/media?parent=530943"}],"wp:term":[{"taxonomy":"product_brand","embeddable":true,"href":"https:\/\/staging.nbg.eu\/fr\/wp-json\/wp\/v2\/product_brand?post=530943"},{"taxonomy":"product_cat","embeddable":true,"href":"https:\/\/staging.nbg.eu\/fr\/wp-json\/wp\/v2\/product_cat?post=530943"},{"taxonomy":"product_tag","embeddable":true,"href":"https:\/\/staging.nbg.eu\/fr\/wp-json\/wp\/v2\/product_tag?post=530943"}],"curies":[{"name":"wp","href":"https:\/\/api.w.org\/{rel}","templated":true}]}}