{"id":530750,"date":"2025-09-04T17:31:53","date_gmt":"2025-09-04T14:31:53","guid":{"rendered":"https:\/\/staging.nbg.eu\/product\/pistoletna-drzhka-magpul-moe-k2-za-ak-fde-mag683-fde\/"},"modified":"2025-09-26T16:05:14","modified_gmt":"2025-09-26T13:05:14","slug":"poignee-pistolet-magpul-moe-k2-pour-ak-fde-mag683-fde","status":"publish","type":"product","link":"https:\/\/staging.nbg.eu\/fr\/produit\/poignee-pistolet-magpul-moe-k2-pour-ak-fde-mag683-fde\/","title":{"rendered":"Poignee Pistolet Magpul MOE-K2 pour AK FDE MAG683-FDE"},"content":{"rendered":"<div class=\"product-description\">\n<h2>Poign\u00e9e Magpul MOE-K2 AK &#8211; FDE (MAG683-FDE)<\/h2>\n<p>Poign\u00e9e pour fusils AK47\/AK74. Cette poign\u00e9e de pistolet offre :<\/p>\n<ul>\n<li>Ergonomie et contr\u00f4le am\u00e9lior\u00e9s<\/li>\n<li>Construction en polym\u00e8re r\u00e9sistant et textur\u00e9<\/li>\n<li>Surface de pr\u00e9hension antid\u00e9rapante<\/li>\n<li>Angle de poign\u00e9e plus prononc\u00e9 pour les positions de tir modernes<\/li>\n<li>Fatigue r\u00e9duite du poignet lors d&rsquo;une utilisation prolong\u00e9e<\/li>\n<\/ul>\n<p>Con\u00e7ue par Magpul, fabricant d&rsquo;accessoires pour armes \u00e0 feu. Cette poign\u00e9e FDE est compatible avec diverses finitions d&rsquo;AK.<\/p>\n<p><strong>Num\u00e9ro de pi\u00e8ce du fabricant :<\/strong> MAG683-FDE<\/p>\n<p><strong>UPC :<\/strong> 840815117117<\/p>\n<\/div>\n","protected":false},"excerpt":{"rendered":"<p>Poign\u00e9e Magpul MOE-K2 AK : Ergonomique, antid\u00e9rapante, angle plus prononc\u00e9 pour le confort.<\/p>\n","protected":false},"featured_media":0,"template":"","meta":{"_acf_changed":false},"product_brand":[],"product_cat":[],"product_tag":[],"class_list":{"0":"post-530750","1":"product","2":"type-product","3":"status-publish","6":"first","7":"instock","8":"taxable","9":"shipping-taxable","10":"purchasable","11":"product-type-simple"},"acf":[],"_links":{"self":[{"href":"https:\/\/staging.nbg.eu\/fr\/wp-json\/wp\/v2\/product\/530750","targetHints":{"allow":["GET"]}}],"collection":[{"href":"https:\/\/staging.nbg.eu\/fr\/wp-json\/wp\/v2\/product"}],"about":[{"href":"https:\/\/staging.nbg.eu\/fr\/wp-json\/wp\/v2\/types\/product"}],"wp:attachment":[{"href":"https:\/\/staging.nbg.eu\/fr\/wp-json\/wp\/v2\/media?parent=530750"}],"wp:term":[{"taxonomy":"product_brand","embeddable":true,"href":"https:\/\/staging.nbg.eu\/fr\/wp-json\/wp\/v2\/product_brand?post=530750"},{"taxonomy":"product_cat","embeddable":true,"href":"https:\/\/staging.nbg.eu\/fr\/wp-json\/wp\/v2\/product_cat?post=530750"},{"taxonomy":"product_tag","embeddable":true,"href":"https:\/\/staging.nbg.eu\/fr\/wp-json\/wp\/v2\/product_tag?post=530750"}],"curies":[{"name":"wp","href":"https:\/\/api.w.org\/{rel}","templated":true}]}}