{"id":530274,"date":"2025-09-04T17:31:48","date_gmt":"2025-09-04T14:31:48","guid":{"rendered":"https:\/\/staging.nbg.eu\/product\/magpul-moe-m-lok-hand-guard-for-ar15-m4-carbine-length-black\/"},"modified":"2025-09-26T15:23:53","modified_gmt":"2025-09-26T12:23:53","slug":"magpul-garde-main-moe-m-lok-pour-ar15m4-longueur-carabine-noir","status":"publish","type":"product","link":"https:\/\/staging.nbg.eu\/fr\/produit\/magpul-garde-main-moe-m-lok-pour-ar15m4-longueur-carabine-noir\/","title":{"rendered":"Magpul &#8211; Garde-Main MOE M-LOK pour AR15\/M4 &#8211; Longueur Carabine &#8211; Noir"},"content":{"rendered":"<div class=\"product-description\">\n<h2>Magpul &#8211; Garde-main MOE\u00ae M-LOK\u00ae pour AR15\/M4 &#8211; Longueur carabine &#8211; Noir (MAG424-BLK)<\/h2>\n<p>Am\u00e9liorez votre AR15\/M4 avec le garde-main MOE\u00ae M-LOK\u00ae de Magpul. Ce garde-main de longueur carabine est con\u00e7u pour la performance et le confort.<\/p>\n<ul>\n<li>Construction en polym\u00e8re renforc\u00e9 pour une durabilit\u00e9 l\u00e9g\u00e8re<\/li>\n<li>Trous de montage M-LOK\u00ae aux positions 2, 6 et 10 heures<\/li>\n<li>Forme ergonomique avec surface textur\u00e9e pour une meilleure prise<\/li>\n<li>\u00c9cran thermique int\u00e9gr\u00e9 prot\u00e8ge les mains du syst\u00e8me de gaz chaud<\/li>\n<li>Installation facile utilisant un anneau delta standard<\/li>\n<li>Compatible avec les syst\u00e8mes \u00e0 impulsion directe et \u00e0 piston<\/li>\n<li>Am\u00e9liore le refroidissement du canon<\/li>\n<\/ul>\n<p>Le garde-main MOE\u00ae M-LOK\u00ae offre polyvalence et confort pour votre AR15\/M4. Sa construction en polym\u00e8re r\u00e9siste \u00e0 la chaleur et est plus l\u00e9g\u00e8re que les alternatives en aluminium, tandis que le syst\u00e8me M-LOK\u00ae permet un montage facile des accessoires. Am\u00e9liorez la manipulation et la protection avec cette mise \u00e0 niveau de Magpul.<\/p>\n<h3>Sp\u00e9cifications :<\/h3>\n<ul>\n<li>Poids : 181 g<\/li>\n<li>Longueur : 182 mm<\/li>\n<li>Largeur : 56 mm<\/li>\n<li>Hauteur : 68 mm<\/li>\n<li>Couleur : Noir<\/li>\n<li>Fabriqu\u00e9 aux \u00c9tats-Unis<\/li>\n<\/ul>\n<\/div>\n","protected":false},"excerpt":{"rendered":"<p>Garde-main Magpul MOE M-LOK pour carabine AR15\/M4. Polym\u00e8re, emplacements M-LOK, ergonomique.<\/p>\n","protected":false},"featured_media":493118,"template":"","meta":{"_acf_changed":false},"product_brand":[],"product_cat":[12193,12141,12142],"product_tag":[],"class_list":{"0":"post-530274","1":"product","2":"type-product","3":"status-publish","4":"has-post-thumbnail","6":"product_cat-fusil","7":"product_cat-rails","8":"product_cat-tuning-carabine","10":"first","11":"instock","12":"taxable","13":"shipping-taxable","14":"purchasable","15":"product-type-simple"},"acf":[],"_links":{"self":[{"href":"https:\/\/staging.nbg.eu\/fr\/wp-json\/wp\/v2\/product\/530274","targetHints":{"allow":["GET"]}}],"collection":[{"href":"https:\/\/staging.nbg.eu\/fr\/wp-json\/wp\/v2\/product"}],"about":[{"href":"https:\/\/staging.nbg.eu\/fr\/wp-json\/wp\/v2\/types\/product"}],"wp:featuredmedia":[{"embeddable":true,"href":"https:\/\/staging.nbg.eu\/fr\/wp-json\/wp\/v2\/media\/493118"}],"wp:attachment":[{"href":"https:\/\/staging.nbg.eu\/fr\/wp-json\/wp\/v2\/media?parent=530274"}],"wp:term":[{"taxonomy":"product_brand","embeddable":true,"href":"https:\/\/staging.nbg.eu\/fr\/wp-json\/wp\/v2\/product_brand?post=530274"},{"taxonomy":"product_cat","embeddable":true,"href":"https:\/\/staging.nbg.eu\/fr\/wp-json\/wp\/v2\/product_cat?post=530274"},{"taxonomy":"product_tag","embeddable":true,"href":"https:\/\/staging.nbg.eu\/fr\/wp-json\/wp\/v2\/product_tag?post=530274"}],"curies":[{"name":"wp","href":"https:\/\/api.w.org\/{rel}","templated":true}]}}