{"id":53019,"date":"2024-03-08T06:59:20","date_gmt":"2024-09-13T12:46:23","guid":{"rendered":"https:\/\/staging.nbg.eu\/product\/bore-tech-shotgun-blend\/"},"modified":"2024-09-13T12:47:16","modified_gmt":"2024-09-13T12:47:16","slug":"bore-tech-shotgun-blend","status":"publish","type":"product","link":"https:\/\/staging.nbg.eu\/fr\/produit\/bore-tech-shotgun-blend\/","title":{"rendered":"Bore Tech Shotgun Blend"},"content":{"rendered":"<p>\nLe m\u00e9lange pour fusil de chasse de Bore Tech est un nettoyant de canon sans ammoniaque con\u00e7u pour les tireurs modernes. Cette formule biod\u00e9gradable \u00e9limine les r\u00e9sidus de plomb, de poudre et de bourre en plastique des canons, des c\u00f4nes de forcement et des chokes. Il est s\u00fbr, inodore et facile \u00e0 utiliser. Le nettoyage est efficace, avec des r\u00e9sultats visibles sur les patchs.<\/p>\n","protected":false},"excerpt":{"rendered":"<p>Nettoyant puissant pour canon qui \u00e9limine en toute s\u00e9curit\u00e9 les r\u00e9sidus de plomb, de carbone et de plastique.<\/p>\n","protected":false},"featured_media":53020,"template":"","meta":{"_acf_changed":false},"product_brand":[11152],"product_cat":[12174,12188],"product_tag":[],"class_list":{"0":"post-53019","1":"product","2":"type-product","3":"status-publish","4":"has-post-thumbnail","6":"product_brand-boretech","7":"product_cat-nettoyage-darmes","8":"product_cat-nettoyants","10":"first","11":"instock","12":"taxable","13":"shipping-taxable","14":"purchasable","15":"product-type-variable","16":"wvs-archive-product-wrapper"},"acf":[],"_links":{"self":[{"href":"https:\/\/staging.nbg.eu\/fr\/wp-json\/wp\/v2\/product\/53019","targetHints":{"allow":["GET"]}}],"collection":[{"href":"https:\/\/staging.nbg.eu\/fr\/wp-json\/wp\/v2\/product"}],"about":[{"href":"https:\/\/staging.nbg.eu\/fr\/wp-json\/wp\/v2\/types\/product"}],"wp:featuredmedia":[{"embeddable":true,"href":"https:\/\/staging.nbg.eu\/fr\/wp-json\/wp\/v2\/media\/53020"}],"wp:attachment":[{"href":"https:\/\/staging.nbg.eu\/fr\/wp-json\/wp\/v2\/media?parent=53019"}],"wp:term":[{"taxonomy":"product_brand","embeddable":true,"href":"https:\/\/staging.nbg.eu\/fr\/wp-json\/wp\/v2\/product_brand?post=53019"},{"taxonomy":"product_cat","embeddable":true,"href":"https:\/\/staging.nbg.eu\/fr\/wp-json\/wp\/v2\/product_cat?post=53019"},{"taxonomy":"product_tag","embeddable":true,"href":"https:\/\/staging.nbg.eu\/fr\/wp-json\/wp\/v2\/product_tag?post=53019"}],"curies":[{"name":"wp","href":"https:\/\/api.w.org\/{rel}","templated":true}]}}