{"id":529950,"date":"2025-09-02T20:30:44","date_gmt":"2025-09-02T17:30:44","guid":{"rendered":"https:\/\/staging.nbg.eu\/product\/predna-drzhka-magpul-zhukov-za-ak-47-ak-74-lilava-mag586-plm\/"},"modified":"2025-09-26T15:05:54","modified_gmt":"2025-09-26T12:05:54","slug":"garde-main-avant-magpul-zhukov-pour-ak-47ak-74-violet-mag586-plm","status":"publish","type":"product","link":"https:\/\/staging.nbg.eu\/fr\/produit\/garde-main-avant-magpul-zhukov-pour-ak-47ak-74-violet-mag586-plm\/","title":{"rendered":"Garde-Main Avant Magpul ZHUKOV pour AK-47\/AK-74 Violet MAG586 PLM"},"content":{"rendered":"<div class=\"product-description\">\n<h2>Garde-main Magpul ZHUKOV pour AK-47\/AK-74 &#8211; Prune (MAG586-PLM)<\/h2>\n<p>Garde-main allong\u00e9 pour AK-47 ou AK-74. Offre une surface de pr\u00e9hension \u00e9tendue et des options de montage d&rsquo;accessoires suppl\u00e9mentaires.<\/p>\n<ul>\n<li>Compatible avec la plupart des fusils AK-47\/AKM\/AK-74 (diam\u00e8tre du canon 16,75-18,25 mm, longueur &gt;13&Prime;)<\/li>\n<li>Ch\u00e2ssis en aluminium anodis\u00e9 dur sur toute la longueur pour un montage rigide et une protection thermique<\/li>\n<li>Rev\u00eatement ext\u00e9rieur en polym\u00e8re avec emplacements pour accessoires M-LOK<\/li>\n<li>Comprend un couvercle sup\u00e9rieur de remplacement en polym\u00e8re<\/li>\n<li>Compatible avec le montage optique UltiMAK<\/li>\n<li>Longueur : 11,7 pouces<\/li>\n<\/ul>\n<p>Garde-main adapt\u00e9 pour la chasse et le tir.<\/p>\n<\/div>\n","protected":false},"excerpt":{"rendered":"<p>Garde-main Magpul ZHUKOV allong\u00e9 pour AK-47\/AK-74, couleur prune, compatible M-LOK.<\/p>\n","protected":false},"featured_media":0,"template":"","meta":{"_acf_changed":false},"product_brand":[],"product_cat":[],"product_tag":[],"class_list":{"0":"post-529950","1":"product","2":"type-product","3":"status-publish","6":"first","7":"instock","8":"taxable","9":"shipping-taxable","10":"purchasable","11":"product-type-simple"},"acf":[],"_links":{"self":[{"href":"https:\/\/staging.nbg.eu\/fr\/wp-json\/wp\/v2\/product\/529950","targetHints":{"allow":["GET"]}}],"collection":[{"href":"https:\/\/staging.nbg.eu\/fr\/wp-json\/wp\/v2\/product"}],"about":[{"href":"https:\/\/staging.nbg.eu\/fr\/wp-json\/wp\/v2\/types\/product"}],"wp:attachment":[{"href":"https:\/\/staging.nbg.eu\/fr\/wp-json\/wp\/v2\/media?parent=529950"}],"wp:term":[{"taxonomy":"product_brand","embeddable":true,"href":"https:\/\/staging.nbg.eu\/fr\/wp-json\/wp\/v2\/product_brand?post=529950"},{"taxonomy":"product_cat","embeddable":true,"href":"https:\/\/staging.nbg.eu\/fr\/wp-json\/wp\/v2\/product_cat?post=529950"},{"taxonomy":"product_tag","embeddable":true,"href":"https:\/\/staging.nbg.eu\/fr\/wp-json\/wp\/v2\/product_tag?post=529950"}],"curies":[{"name":"wp","href":"https:\/\/api.w.org\/{rel}","templated":true}]}}