{"id":529286,"date":"2025-09-02T20:21:32","date_gmt":"2025-09-02T17:21:32","guid":{"rendered":"https:\/\/staging.nbg.eu\/product\/magpul-gl-enhanced-magazine-well-for-glock-19-gen-4-mag950\/"},"modified":"2025-09-26T12:31:52","modified_gmt":"2025-09-26T09:31:52","slug":"magpul-entonnoir-de-chargeur-ameliore-gl-pour-glock-19-gen-4-mag950","status":"publish","type":"product","link":"https:\/\/staging.nbg.eu\/fr\/produit\/magpul-entonnoir-de-chargeur-ameliore-gl-pour-glock-19-gen-4-mag950\/","title":{"rendered":"Magpul &#8211; Entonnoir de Chargeur Ameliore GL pour GLOCK 19 GEN 4 &#8211; MAG950"},"content":{"rendered":"<h2>Magpul GL Puits de Chargeur Am\u00e9lior\u00e9 pour GLOCK\u00ae 19 Gen4 &#8211; MAG950<\/h2>\n<p>Am\u00e9liorez les performances de votre GLOCK 19 Gen4 avec le puits de chargeur Magpul. Con\u00e7u pour des situations exigeantes, il assure une insertion et un retrait fluides du chargeur. Caract\u00e9ristiques principales :<\/p>\n<ul>\n<li>Conception ergonomique pour une bonne dissimulation<\/li>\n<li>Optimis\u00e9 pour les chargeurs GLOCK standard et les Magpul GL9\u00ae PMAGs\u00ae<\/li>\n<li>G\u00e9om\u00e9trie des bords et de la rampe pour une manipulation ais\u00e9e du chargeur<\/li>\n<li>Fabriqu\u00e9 aux \u00c9tats-Unis<\/li>\n<\/ul>\n<p><strong>Remarque :<\/strong> Non compatible avec les dos de poign\u00e9e modulaires GLOCK ou certains chargeurs \u00e0 capacit\u00e9 r\u00e9duite. Installation professionnelle recommand\u00e9e pour les ajustements serr\u00e9s.<\/p>\n","protected":false},"excerpt":{"rendered":"<p>Am\u00e9liorez l&rsquo;insertion du chargeur du GLOCK 19 Gen4 avec le puits de chargeur \u00e9l\u00e9gant de Magpul.<\/p>\n","protected":false},"featured_media":491119,"template":"","meta":{"_acf_changed":false},"product_brand":[11405,11544],"product_cat":[12194,12150],"product_tag":[],"class_list":{"0":"post-529286","1":"product","2":"type-product","3":"status-publish","4":"has-post-thumbnail","6":"product_brand-glock","7":"product_brand-magpul","8":"product_cat-pieces-de-pistolet","9":"product_cat-pistolet","11":"first","12":"instock","13":"taxable","14":"shipping-taxable","15":"purchasable","16":"product-type-simple"},"acf":[],"_links":{"self":[{"href":"https:\/\/staging.nbg.eu\/fr\/wp-json\/wp\/v2\/product\/529286","targetHints":{"allow":["GET"]}}],"collection":[{"href":"https:\/\/staging.nbg.eu\/fr\/wp-json\/wp\/v2\/product"}],"about":[{"href":"https:\/\/staging.nbg.eu\/fr\/wp-json\/wp\/v2\/types\/product"}],"wp:featuredmedia":[{"embeddable":true,"href":"https:\/\/staging.nbg.eu\/fr\/wp-json\/wp\/v2\/media\/491119"}],"wp:attachment":[{"href":"https:\/\/staging.nbg.eu\/fr\/wp-json\/wp\/v2\/media?parent=529286"}],"wp:term":[{"taxonomy":"product_brand","embeddable":true,"href":"https:\/\/staging.nbg.eu\/fr\/wp-json\/wp\/v2\/product_brand?post=529286"},{"taxonomy":"product_cat","embeddable":true,"href":"https:\/\/staging.nbg.eu\/fr\/wp-json\/wp\/v2\/product_cat?post=529286"},{"taxonomy":"product_tag","embeddable":true,"href":"https:\/\/staging.nbg.eu\/fr\/wp-json\/wp\/v2\/product_tag?post=529286"}],"curies":[{"name":"wp","href":"https:\/\/api.w.org\/{rel}","templated":true}]}}