{"id":52909,"date":"2024-03-08T09:51:57","date_gmt":"2024-03-08T09:51:57","guid":{"rendered":"https:\/\/staging.nbg.eu\/product\/bronze-spiral-shotgun-brush\/"},"modified":"2024-09-13T12:44:55","modified_gmt":"2024-09-13T12:44:55","slug":"brosse-en-bronze-spirale-pour-fusil-de-chasse","status":"publish","type":"product","link":"https:\/\/staging.nbg.eu\/fr\/produit\/brosse-en-bronze-spirale-pour-fusil-de-chasse\/","title":{"rendered":"Brosse en Bronze Spirale pour Fusil de Chasse"},"content":{"rendered":"<p>La brosse en spirale pour fusil de chasse en bronze de Bore Tech pr\u00e9sente des poils en boucle. Fabriqu\u00e9e en bronze phosphoreux sans danger pour le canon, elle \u00e9limine efficacement les r\u00e9sidus de plastique et dure plus longtemps que les brosses standard \u00e0 poils m\u00e9talliques. Disponible pour les calibres 10 \u00e0 .410, compatible avec les tiges filet\u00e9es standard 5\/16-27.<\/p>\n","protected":false},"excerpt":{"rendered":"<p>Brosse en spirale innovante pour un nettoyage approfondi et s\u00fbr du canon de fusil.<\/p>\n","protected":false},"featured_media":52910,"template":"","meta":{"_acf_changed":false},"product_brand":[11152],"product_cat":[12201,12174],"product_tag":[],"class_list":{"0":"post-52909","1":"product","2":"type-product","3":"status-publish","4":"has-post-thumbnail","6":"product_brand-boretech","7":"product_cat-brosses","8":"product_cat-nettoyage-darmes","10":"first","11":"outofstock","12":"taxable","13":"shipping-taxable","14":"purchasable","15":"product-type-simple"},"acf":[],"_links":{"self":[{"href":"https:\/\/staging.nbg.eu\/fr\/wp-json\/wp\/v2\/product\/52909","targetHints":{"allow":["GET"]}}],"collection":[{"href":"https:\/\/staging.nbg.eu\/fr\/wp-json\/wp\/v2\/product"}],"about":[{"href":"https:\/\/staging.nbg.eu\/fr\/wp-json\/wp\/v2\/types\/product"}],"wp:featuredmedia":[{"embeddable":true,"href":"https:\/\/staging.nbg.eu\/fr\/wp-json\/wp\/v2\/media\/52910"}],"wp:attachment":[{"href":"https:\/\/staging.nbg.eu\/fr\/wp-json\/wp\/v2\/media?parent=52909"}],"wp:term":[{"taxonomy":"product_brand","embeddable":true,"href":"https:\/\/staging.nbg.eu\/fr\/wp-json\/wp\/v2\/product_brand?post=52909"},{"taxonomy":"product_cat","embeddable":true,"href":"https:\/\/staging.nbg.eu\/fr\/wp-json\/wp\/v2\/product_cat?post=52909"},{"taxonomy":"product_tag","embeddable":true,"href":"https:\/\/staging.nbg.eu\/fr\/wp-json\/wp\/v2\/product_tag?post=52909"}],"curies":[{"name":"wp","href":"https:\/\/api.w.org\/{rel}","templated":true}]}}