{"id":527816,"date":"2025-09-02T20:21:10","date_gmt":"2025-09-02T17:21:10","guid":{"rendered":"https:\/\/staging.nbg.eu\/product\/strike-industries-g5-magwell-for-glock-17-22-31-34-35-45-gen5-si-g5-magwell-17\/"},"modified":"2025-09-25T22:34:28","modified_gmt":"2025-09-25T19:34:28","slug":"strike-industries-entonnoir-de-chargeur-g5-pour-glock-172231343545-gen5-si-g5-magwell-17","status":"publish","type":"product","link":"https:\/\/staging.nbg.eu\/fr\/produit\/strike-industries-entonnoir-de-chargeur-g5-pour-glock-172231343545-gen5-si-g5-magwell-17\/","title":{"rendered":"Strike Industries &#8211; Entonnoir de Chargeur G5 pour Glock 17\/22\/31\/34\/35\/45 Gen5 &#8211; SI-G5-MAGWELL-17"},"content":{"rendered":"<div class=\"product-description\">\n<h2>Strike Industries G5 MagWell pour Glock 17\/22\/31\/34\/35\/45 Gen5<\/h2>\n<p>Accessoire pour Glock Gen5. Con\u00e7u pour faciliter le rechargement du chargeur, cet accessoire n&rsquo;affecte pas la finesse de la poign\u00e9e du pistolet.<\/p>\n<ul>\n<li>Compatible avec les mod\u00e8les Glock G17\/G22\/G31\/G34\/G35\/G45 Gen5<\/li>\n<li>Conception \u00e9vas\u00e9e pour une insertion plus ais\u00e9e du chargeur<\/li>\n<li>L\u00e9ger (11,3 g) et fabriqu\u00e9 en polym\u00e8re r\u00e9sistant<\/li>\n<li>Installation facile avec vis de r\u00e9glage M4 et cl\u00e9 hexagonale de 2,5 mm incluses<\/li>\n<li>Dimensions : 61,72 mm (L) x 37,34 mm (l) x 23,11 mm (H)<\/li>\n<\/ul>\n<p>Am\u00e9liore la vitesse et la r\u00e9gularit\u00e9 du rechargement tout en maintenant un port confortable. Compatible avec la plupart des plaques de base et extensions de chargeur du march\u00e9 secondaire. Fonctionne avec le Strike EMP.<\/p>\n<p><strong>Remarque :<\/strong> Ne pas trop serrer la vis de r\u00e9glage lors de l&rsquo;installation pour \u00e9viter tout d\u00e9salignement ou dommage.<\/p>\n<\/div>\n","protected":false},"excerpt":{"rendered":"<p>Am\u00e9liorez les rechargements du Glock Gen5 avec le magwell \u00e9l\u00e9gant de Strike Industries.<\/p>\n","protected":false},"featured_media":490773,"template":"","meta":{"_acf_changed":false},"product_brand":[11405,11544],"product_cat":[12194,12150],"product_tag":[],"class_list":{"0":"post-527816","1":"product","2":"type-product","3":"status-publish","4":"has-post-thumbnail","6":"product_brand-glock","7":"product_brand-magpul","8":"product_cat-pieces-de-pistolet","9":"product_cat-pistolet","11":"first","12":"instock","13":"taxable","14":"shipping-taxable","15":"purchasable","16":"product-type-simple"},"acf":[],"_links":{"self":[{"href":"https:\/\/staging.nbg.eu\/fr\/wp-json\/wp\/v2\/product\/527816","targetHints":{"allow":["GET"]}}],"collection":[{"href":"https:\/\/staging.nbg.eu\/fr\/wp-json\/wp\/v2\/product"}],"about":[{"href":"https:\/\/staging.nbg.eu\/fr\/wp-json\/wp\/v2\/types\/product"}],"wp:featuredmedia":[{"embeddable":true,"href":"https:\/\/staging.nbg.eu\/fr\/wp-json\/wp\/v2\/media\/490773"}],"wp:attachment":[{"href":"https:\/\/staging.nbg.eu\/fr\/wp-json\/wp\/v2\/media?parent=527816"}],"wp:term":[{"taxonomy":"product_brand","embeddable":true,"href":"https:\/\/staging.nbg.eu\/fr\/wp-json\/wp\/v2\/product_brand?post=527816"},{"taxonomy":"product_cat","embeddable":true,"href":"https:\/\/staging.nbg.eu\/fr\/wp-json\/wp\/v2\/product_cat?post=527816"},{"taxonomy":"product_tag","embeddable":true,"href":"https:\/\/staging.nbg.eu\/fr\/wp-json\/wp\/v2\/product_tag?post=527816"}],"curies":[{"name":"wp","href":"https:\/\/api.w.org\/{rel}","templated":true}]}}