{"id":527601,"date":"2025-09-02T20:20:53","date_gmt":"2025-09-02T17:20:53","guid":{"rendered":"https:\/\/staging.nbg.eu\/product\/strike-industries-ak-rear-sight-rail-black-si-akrr\/"},"modified":"2025-09-25T22:27:08","modified_gmt":"2025-09-25T19:27:08","slug":"strike-industries-rail-de-hausse-arriere-ak-noir-si-akrr","status":"publish","type":"product","link":"https:\/\/staging.nbg.eu\/fr\/produit\/strike-industries-rail-de-hausse-arriere-ak-noir-si-akrr\/","title":{"rendered":"Strike Industries &#8211; Rail de Hausse Arriere AK &#8211; Noir &#8211; SI-AKRR"},"content":{"rendered":"<div class=\"product-description\">\n<h2>Strike Industries &#8211; Rail de vis\u00e9e arri\u00e8re pour AK &#8211; Noir &#8211; SI-AKRR<\/h2>\n<p>Am\u00e9liorez votre carabine de la famille AK avec le rail de vis\u00e9e arri\u00e8re Strike Industries. Cet accessoire offre :<\/p>\n<ul>\n<li>Fixation compatible Picatinny pour optiques \u00e0 profil bas<\/li>\n<li>Construction en aluminium a\u00e9ronautique 6061<\/li>\n<li>Double fonction comme lunette de vis\u00e9e standard<\/li>\n<li>Capacit\u00e9s d&rsquo;ajustement vertical et horizontal<\/li>\n<li>Conception l\u00e9g\u00e8re de seulement 38g<\/li>\n<\/ul>\n<p>Mesurant 99,7 mm de longueur et 21 mm de largeur, ce rail noir remplace la vis\u00e9e arri\u00e8re de votre AK. Il pr\u00e9sente des renfoncements lat\u00e9raux pour la peinture personnalis\u00e9e et maintient un d\u00e9gagement ad\u00e9quat pour l&rsquo;utilisation des vis\u00e9es m\u00e9talliques lorsqu&rsquo;aucune optique n&rsquo;est mont\u00e9e.<\/p>\n<p>Am\u00e9liorez la polyvalence et la pr\u00e9cision de votre AK avec cet ajout \u00e0 votre configuration de fusil.<\/p>\n<\/div>\n","protected":false},"excerpt":{"rendered":"<p>Rail de vis\u00e9e arri\u00e8re AK pour optiques. Aluminium durable, compatible Picatinny.<\/p>\n","protected":false},"featured_media":490589,"template":"","meta":{"_acf_changed":false},"product_brand":[],"product_cat":[12127],"product_tag":[],"class_list":{"0":"post-527601","1":"product","2":"type-product","3":"status-publish","4":"has-post-thumbnail","6":"product_cat-tuning-ak","8":"first","9":"instock","10":"taxable","11":"shipping-taxable","12":"purchasable","13":"product-type-simple"},"acf":[],"_links":{"self":[{"href":"https:\/\/staging.nbg.eu\/fr\/wp-json\/wp\/v2\/product\/527601","targetHints":{"allow":["GET"]}}],"collection":[{"href":"https:\/\/staging.nbg.eu\/fr\/wp-json\/wp\/v2\/product"}],"about":[{"href":"https:\/\/staging.nbg.eu\/fr\/wp-json\/wp\/v2\/types\/product"}],"wp:featuredmedia":[{"embeddable":true,"href":"https:\/\/staging.nbg.eu\/fr\/wp-json\/wp\/v2\/media\/490589"}],"wp:attachment":[{"href":"https:\/\/staging.nbg.eu\/fr\/wp-json\/wp\/v2\/media?parent=527601"}],"wp:term":[{"taxonomy":"product_brand","embeddable":true,"href":"https:\/\/staging.nbg.eu\/fr\/wp-json\/wp\/v2\/product_brand?post=527601"},{"taxonomy":"product_cat","embeddable":true,"href":"https:\/\/staging.nbg.eu\/fr\/wp-json\/wp\/v2\/product_cat?post=527601"},{"taxonomy":"product_tag","embeddable":true,"href":"https:\/\/staging.nbg.eu\/fr\/wp-json\/wp\/v2\/product_tag?post=527601"}],"curies":[{"name":"wp","href":"https:\/\/api.w.org\/{rel}","templated":true}]}}