{"id":527000,"date":"2025-08-25T00:18:45","date_gmt":"2025-08-24T21:18:45","guid":{"rendered":"https:\/\/staging.nbg.eu\/product\/ftcs-enlarged-magazine-catch-with-shelf-ak-platform-no-16\/"},"modified":"2025-09-25T22:05:38","modified_gmt":"2025-09-25T19:05:38","slug":"ftcs-bouton-de-chargeur-elargi-avec-rebord-plateforme-ak-no16","status":"publish","type":"product","link":"https:\/\/staging.nbg.eu\/fr\/produit\/ftcs-bouton-de-chargeur-elargi-avec-rebord-plateforme-ak-no16\/","title":{"rendered":"FTCS &#8211; Bouton de Chargeur Elargi Avec Rebord &#8211; Plateforme AK &#8211; No.16"},"content":{"rendered":"<div class=\"product-description\">\n<h2>FTCS &#8211; Loquet de chargeur \u00e9largi avec rebord &#8211; Plateforme AK &#8211; No.16<\/h2>\n<p>Ce loquet de chargeur \u00e9largi pour carabine de plateforme AK comprend un rebord pour lib\u00e9rer le chargeur avec l&rsquo;index. Fabriqu\u00e9 en acier et fini en Cerakote Noir Graphite H-146.<\/p>\n<h2>Caract\u00e9ristiques principales :<\/h2>\n<ul>\n<li>Compatible avec la plupart des armes de type AK\/AKM\/AK-74<\/li>\n<li>Construction en acier<\/li>\n<li>Conception \u00e9largie<\/li>\n<li>Rebord suppl\u00e9mentaire pour lib\u00e9ration du chargeur avec l&rsquo;index<\/li>\n<\/ul>\n<h2>Sp\u00e9cifications techniques :<\/h2>\n<ul>\n<li>Dimensions : 55 x 52 x 21 mm<\/li>\n<li>Poids : 20 g<\/li>\n<li>Finition : Cerakote Noir Graphite H-146<\/li>\n<\/ul>\n<p>Le loquet de chargeur \u00e9largi avec rebord FTCS &#8211; No.16 pour plateforme AK.<\/p>\n<\/div>\n","protected":false},"excerpt":{"rendered":"<p>Bouton de d\u00e9verrouillage de chargeur am\u00e9lior\u00e9 avec repose-doigt pour plateforme AK. Acier, noir.<\/p>\n","protected":false},"featured_media":481341,"template":"","meta":{"_acf_changed":false},"product_brand":[11308],"product_cat":[12193,12127,12142],"product_tag":[],"class_list":{"0":"post-527000","1":"product","2":"type-product","3":"status-publish","4":"has-post-thumbnail","6":"product_brand-ftcs","7":"product_cat-fusil","8":"product_cat-tuning-ak","9":"product_cat-tuning-carabine","11":"first","12":"instock","13":"taxable","14":"shipping-taxable","15":"purchasable","16":"product-type-simple"},"acf":[],"_links":{"self":[{"href":"https:\/\/staging.nbg.eu\/fr\/wp-json\/wp\/v2\/product\/527000","targetHints":{"allow":["GET"]}}],"collection":[{"href":"https:\/\/staging.nbg.eu\/fr\/wp-json\/wp\/v2\/product"}],"about":[{"href":"https:\/\/staging.nbg.eu\/fr\/wp-json\/wp\/v2\/types\/product"}],"wp:featuredmedia":[{"embeddable":true,"href":"https:\/\/staging.nbg.eu\/fr\/wp-json\/wp\/v2\/media\/481341"}],"wp:attachment":[{"href":"https:\/\/staging.nbg.eu\/fr\/wp-json\/wp\/v2\/media?parent=527000"}],"wp:term":[{"taxonomy":"product_brand","embeddable":true,"href":"https:\/\/staging.nbg.eu\/fr\/wp-json\/wp\/v2\/product_brand?post=527000"},{"taxonomy":"product_cat","embeddable":true,"href":"https:\/\/staging.nbg.eu\/fr\/wp-json\/wp\/v2\/product_cat?post=527000"},{"taxonomy":"product_tag","embeddable":true,"href":"https:\/\/staging.nbg.eu\/fr\/wp-json\/wp\/v2\/product_tag?post=527000"}],"curies":[{"name":"wp","href":"https:\/\/api.w.org\/{rel}","templated":true}]}}