{"id":52396,"date":"2024-03-12T18:05:32","date_gmt":"2024-09-13T11:33:00","guid":{"rendered":"https:\/\/staging.nbg.eu\/product\/bore-tech-x-count-patches-multiple-sizes\/"},"modified":"2024-09-13T11:34:12","modified_gmt":"2024-09-13T11:34:12","slug":"patches-bore-tech-x-count-tailles-multiples","status":"publish","type":"product","link":"https:\/\/staging.nbg.eu\/fr\/produit\/patches-bore-tech-x-count-tailles-multiples\/","title":{"rendered":"Patches Bore Tech X-Count (Tailles Multiples)"},"content":{"rendered":"<p>Patches Bore Tech X-Count\u2122 : Caract\u00e9ristiques :<\/p>\n<ul>\n<li>100% flanelle de coton<\/li>\n<li>Mat\u00e9riau doublement gratt\u00e9, ne s&rsquo;effiloche pas<\/li>\n<li>Capacit\u00e9 de nettoyage efficace<\/li>\n<li>Bonne absorption des solvants<\/li>\n<li>Fabriqu\u00e9 aux \u00c9tats-Unis<\/li>\n<li>Convient \u00e0 divers types d&rsquo;armes et calibres<\/li>\n<li>Emballage refermable et suspendable<\/li>\n<\/ul>\n","protected":false},"excerpt":{"rendered":"<p>Patchs de nettoyage pour armes en coton de qualit\u00e9 sup\u00e9rieure, diff\u00e9rentes tailles. Fabriqu\u00e9s aux \u00c9tats-Unis.<\/p>\n","protected":false},"featured_media":52397,"template":"","meta":{"_acf_changed":false},"product_brand":[11152],"product_cat":[12174,12200],"product_tag":[],"class_list":{"0":"post-52396","1":"product","2":"type-product","3":"status-publish","4":"has-post-thumbnail","6":"product_brand-boretech","7":"product_cat-nettoyage-darmes","8":"product_cat-patchs","10":"first","11":"instock","12":"taxable","13":"shipping-taxable","14":"purchasable","15":"product-type-variable","16":"wvs-archive-product-wrapper"},"acf":[],"_links":{"self":[{"href":"https:\/\/staging.nbg.eu\/fr\/wp-json\/wp\/v2\/product\/52396","targetHints":{"allow":["GET"]}}],"collection":[{"href":"https:\/\/staging.nbg.eu\/fr\/wp-json\/wp\/v2\/product"}],"about":[{"href":"https:\/\/staging.nbg.eu\/fr\/wp-json\/wp\/v2\/types\/product"}],"wp:featuredmedia":[{"embeddable":true,"href":"https:\/\/staging.nbg.eu\/fr\/wp-json\/wp\/v2\/media\/52397"}],"wp:attachment":[{"href":"https:\/\/staging.nbg.eu\/fr\/wp-json\/wp\/v2\/media?parent=52396"}],"wp:term":[{"taxonomy":"product_brand","embeddable":true,"href":"https:\/\/staging.nbg.eu\/fr\/wp-json\/wp\/v2\/product_brand?post=52396"},{"taxonomy":"product_cat","embeddable":true,"href":"https:\/\/staging.nbg.eu\/fr\/wp-json\/wp\/v2\/product_cat?post=52396"},{"taxonomy":"product_tag","embeddable":true,"href":"https:\/\/staging.nbg.eu\/fr\/wp-json\/wp\/v2\/product_tag?post=52396"}],"curies":[{"name":"wp","href":"https:\/\/api.w.org\/{rel}","templated":true}]}}