{"id":52109,"date":"2024-03-12T19:00:56","date_gmt":"2024-09-13T11:29:48","guid":{"rendered":"https:\/\/staging.nbg.eu\/product\/bore-tech-rimfire-blend\/"},"modified":"2024-09-13T11:30:41","modified_gmt":"2024-09-13T11:30:41","slug":"bore-tech-rimfire-blend","status":"publish","type":"product","link":"https:\/\/staging.nbg.eu\/fr\/produit\/bore-tech-rimfire-blend\/","title":{"rendered":"Bore Tech Rimfire Blend"},"content":{"rendered":"<div class=\"product-description\">\n<h2>Nettoyant pour canon Bore Tech Rimfire Blend<\/h2>\n<p>Formul\u00e9 pour les tireurs de petit calibre, ce nettoyant \u00e9limine le plomb, les r\u00e9sidus de poudre et la cire des balles. Utilis\u00e9 par les comp\u00e9titeurs et les fabricants de carabines.<\/p>\n<ul>\n<li>Sans ammoniaque et inodore<\/li>\n<li>100% biod\u00e9gradable<\/li>\n<li>\u00c9limine les couches de plomb, de cire et de carbone<\/li>\n<li>N\u00e9cessite peu de brossage<\/li>\n<li>S\u00fbr pour tous les types de canons<\/li>\n<\/ul>\n<p>D\u00e9couvrez la gamme de nettoyage sp\u00e9cialis\u00e9e de Bore Tech.<\/p>\n<\/div>\n","protected":false},"excerpt":{"rendered":"<p>Nettoyant efficace pour armes \u00e0 percussion annulaire qui \u00e9limine le plomb, la cire et le carbone. Sans ammoniaque.<\/p>\n","protected":false},"featured_media":52110,"template":"","meta":{"_acf_changed":false},"product_brand":[11152],"product_cat":[12174,12188],"product_tag":[],"class_list":{"0":"post-52109","1":"product","2":"type-product","3":"status-publish","4":"has-post-thumbnail","6":"product_brand-boretech","7":"product_cat-nettoyage-darmes","8":"product_cat-nettoyants","10":"first","11":"instock","12":"taxable","13":"shipping-taxable","14":"purchasable","15":"product-type-variable","16":"wvs-archive-product-wrapper"},"acf":[],"_links":{"self":[{"href":"https:\/\/staging.nbg.eu\/fr\/wp-json\/wp\/v2\/product\/52109","targetHints":{"allow":["GET"]}}],"collection":[{"href":"https:\/\/staging.nbg.eu\/fr\/wp-json\/wp\/v2\/product"}],"about":[{"href":"https:\/\/staging.nbg.eu\/fr\/wp-json\/wp\/v2\/types\/product"}],"wp:featuredmedia":[{"embeddable":true,"href":"https:\/\/staging.nbg.eu\/fr\/wp-json\/wp\/v2\/media\/52110"}],"wp:attachment":[{"href":"https:\/\/staging.nbg.eu\/fr\/wp-json\/wp\/v2\/media?parent=52109"}],"wp:term":[{"taxonomy":"product_brand","embeddable":true,"href":"https:\/\/staging.nbg.eu\/fr\/wp-json\/wp\/v2\/product_brand?post=52109"},{"taxonomy":"product_cat","embeddable":true,"href":"https:\/\/staging.nbg.eu\/fr\/wp-json\/wp\/v2\/product_cat?post=52109"},{"taxonomy":"product_tag","embeddable":true,"href":"https:\/\/staging.nbg.eu\/fr\/wp-json\/wp\/v2\/product_tag?post=52109"}],"curies":[{"name":"wp","href":"https:\/\/api.w.org\/{rel}","templated":true}]}}