{"id":51923,"date":"2024-03-12T19:14:59","date_gmt":"2024-09-13T11:27:16","guid":{"rendered":"https:\/\/staging.nbg.eu\/product\/bore-tech-cu2-copper-remover\/"},"modified":"2024-09-13T11:28:08","modified_gmt":"2024-09-13T11:28:08","slug":"bore-tech-cu2-nettoyant-cuivre","status":"publish","type":"product","link":"https:\/\/staging.nbg.eu\/fr\/produit\/bore-tech-cu2-nettoyant-cuivre\/","title":{"rendered":"Bore Tech CU+2 Nettoyant Cuivre"},"content":{"rendered":"<div class=\"product-description\">\n<h2>Bore Tech CU+2 Dissolvant de cuivre<\/h2>\n<p>Le dissolvant de cuivre Cu+2 brevet\u00e9 \u00e9limine les d\u00e9p\u00f4ts de cuivre. Cette solution est une alternative aux solvants \u00e0 base de p\u00e9trole et d&rsquo;ammoniac, offrant :<\/p>\n<ul>\n<li>S\u00fbr pour le canon et sans ammoniac<\/li>\n<li>Inodore et biod\u00e9gradable<\/li>\n<li>Extraction rapide et compl\u00e8te du cuivre<\/li>\n<li>Processus en deux \u00e9tapes pour le nettoyage<\/li>\n<li>Protection contre la rouille \u00e0 court terme<\/li>\n<\/ul>\n<p>Ce dissolvant de cuivre non dangereux est facile \u00e0 utiliser pour l&rsquo;entretien des armes \u00e0 feu.<\/p>\n<\/div>\n","protected":false},"excerpt":{"rendered":"<p>Dissolvant de cuivre brevet\u00e9, sans ammoniaque. Action rapide, sans danger pour le canon et inodore.<\/p>\n","protected":false},"featured_media":51924,"template":"","meta":{"_acf_changed":false},"product_brand":[11152],"product_cat":[12174,12188],"product_tag":[],"class_list":{"0":"post-51923","1":"product","2":"type-product","3":"status-publish","4":"has-post-thumbnail","6":"product_brand-boretech","7":"product_cat-nettoyage-darmes","8":"product_cat-nettoyants","10":"first","11":"instock","12":"taxable","13":"shipping-taxable","14":"purchasable","15":"product-type-variable","16":"wvs-archive-product-wrapper"},"acf":[],"_links":{"self":[{"href":"https:\/\/staging.nbg.eu\/fr\/wp-json\/wp\/v2\/product\/51923","targetHints":{"allow":["GET"]}}],"collection":[{"href":"https:\/\/staging.nbg.eu\/fr\/wp-json\/wp\/v2\/product"}],"about":[{"href":"https:\/\/staging.nbg.eu\/fr\/wp-json\/wp\/v2\/types\/product"}],"wp:featuredmedia":[{"embeddable":true,"href":"https:\/\/staging.nbg.eu\/fr\/wp-json\/wp\/v2\/media\/51924"}],"wp:attachment":[{"href":"https:\/\/staging.nbg.eu\/fr\/wp-json\/wp\/v2\/media?parent=51923"}],"wp:term":[{"taxonomy":"product_brand","embeddable":true,"href":"https:\/\/staging.nbg.eu\/fr\/wp-json\/wp\/v2\/product_brand?post=51923"},{"taxonomy":"product_cat","embeddable":true,"href":"https:\/\/staging.nbg.eu\/fr\/wp-json\/wp\/v2\/product_cat?post=51923"},{"taxonomy":"product_tag","embeddable":true,"href":"https:\/\/staging.nbg.eu\/fr\/wp-json\/wp\/v2\/product_tag?post=51923"}],"curies":[{"name":"wp","href":"https:\/\/api.w.org\/{rel}","templated":true}]}}