{"id":51791,"date":"2024-03-13T05:48:23","date_gmt":"2024-03-13T05:48:23","guid":{"rendered":"https:\/\/staging.nbg.eu\/product\/bore-tech-c4-carbon-remover-4-oz\/"},"modified":"2024-09-13T10:07:33","modified_gmt":"2024-09-13T10:07:33","slug":"bore-tech-c4-nettoyant-carbone-4-oz","status":"publish","type":"product","link":"https:\/\/staging.nbg.eu\/fr\/produit\/bore-tech-c4-nettoyant-carbone-4-oz\/","title":{"rendered":"Bore Tech C4 Nettoyant Carbone &#8211; 4 Oz"},"content":{"rendered":"<div class=\"product-description\">\n<h2>Bore Tech C4 Dissolvant de Carbone &#8211; 120 ml<\/h2>\n<p>Bore Tech C4 Dissolvant de Carbone \u00e9limine les d\u00e9p\u00f4ts de carbone. Cette formule est sans danger pour les canons, non toxique et sans ammoniaque. Elle convient aux canons, aux culasses et \u00e0 d&rsquo;autres pi\u00e8ces.<\/p>\n<\/div>\n","protected":false},"excerpt":{"rendered":"<p>D\u00e9capant carbone puissant et s\u00fbr pour armes \u00e0 feu. Rapide et efficace.<\/p>\n","protected":false},"featured_media":51792,"template":"","meta":{"_acf_changed":false},"product_brand":[11152],"product_cat":[12174,12188],"product_tag":[],"class_list":{"0":"post-51791","1":"product","2":"type-product","3":"status-publish","4":"has-post-thumbnail","6":"product_brand-boretech","7":"product_cat-nettoyage-darmes","8":"product_cat-nettoyants","10":"first","11":"instock","12":"taxable","13":"shipping-taxable","14":"purchasable","15":"product-type-variable","16":"wvs-archive-product-wrapper"},"acf":[],"_links":{"self":[{"href":"https:\/\/staging.nbg.eu\/fr\/wp-json\/wp\/v2\/product\/51791","targetHints":{"allow":["GET"]}}],"collection":[{"href":"https:\/\/staging.nbg.eu\/fr\/wp-json\/wp\/v2\/product"}],"about":[{"href":"https:\/\/staging.nbg.eu\/fr\/wp-json\/wp\/v2\/types\/product"}],"wp:featuredmedia":[{"embeddable":true,"href":"https:\/\/staging.nbg.eu\/fr\/wp-json\/wp\/v2\/media\/51792"}],"wp:attachment":[{"href":"https:\/\/staging.nbg.eu\/fr\/wp-json\/wp\/v2\/media?parent=51791"}],"wp:term":[{"taxonomy":"product_brand","embeddable":true,"href":"https:\/\/staging.nbg.eu\/fr\/wp-json\/wp\/v2\/product_brand?post=51791"},{"taxonomy":"product_cat","embeddable":true,"href":"https:\/\/staging.nbg.eu\/fr\/wp-json\/wp\/v2\/product_cat?post=51791"},{"taxonomy":"product_tag","embeddable":true,"href":"https:\/\/staging.nbg.eu\/fr\/wp-json\/wp\/v2\/product_tag?post=51791"}],"curies":[{"name":"wp","href":"https:\/\/api.w.org\/{rel}","templated":true}]}}