{"id":51664,"date":"2024-03-14T09:15:35","date_gmt":"2024-09-13T10:04:57","guid":{"rendered":"https:\/\/staging.nbg.eu\/product\/boretech-nylon-chamber-brush-multiple-calibers\/"},"modified":"2024-09-13T10:05:45","modified_gmt":"2024-09-13T10:05:45","slug":"brosse-de-chambre-en-nylon-boretech-calibres-multiples","status":"publish","type":"product","link":"https:\/\/staging.nbg.eu\/fr\/produit\/brosse-de-chambre-en-nylon-boretech-calibres-multiples\/","title":{"rendered":"Brosse de Chambre en Nylon BoreTech (Calibres Multiples)"},"content":{"rendered":"<div class=\"product-description\">\n<h2>Brosse de chambre en nylon BoreTech (Plusieurs calibres)<\/h2>\n<p>Les brosses de chambre en nylon de Bore Tech offrent s\u00e9curit\u00e9 et efficacit\u00e9. Ces brosses, s\u00fbres pour la chambre, pr\u00e9sentent :<\/p>\n<ul>\n<li>Compatibilit\u00e9 avec les nettoyants rapides pour le cuivre<\/li>\n<li>Action de nettoyage am\u00e9lior\u00e9e avec des poils en nylon stri\u00e9s<\/li>\n<li>Diam\u00e8tres de poils adapt\u00e9s \u00e0 chaque calibre<\/li>\n<li>C\u0153ur de brosse non en laiton, \u00e0 double torsion avec extr\u00e9mit\u00e9 boucl\u00e9e<\/li>\n<li>Rivets en aluminium de qualit\u00e9 a\u00e9ronautique pour la durabilit\u00e9<\/li>\n<\/ul>\n<p>\u00c9limine les fausses indications d&rsquo;encrassement au cuivre et les taches bleues associ\u00e9es aux brosses en bronze phosphoreux. Disponible en packs individuels pour .223\/5.56mm AR-15 et .308\/7.62mm AR-10.<\/p>\n<p>Choisissez Bore Tech pour un nettoyage de chambre plus rapide et efficace sans compromettre l&rsquo;int\u00e9grit\u00e9 de votre arme \u00e0 feu.<\/p>\n<\/div>\n","protected":false},"excerpt":{"rendered":"<p>Brosse \u00e0 chambre en nylon s\u00fbre et durable pour un nettoyage efficace des armes \u00e0 feu.<\/p>\n","protected":false},"featured_media":51665,"template":"","meta":{"_acf_changed":false},"product_brand":[11152],"product_cat":[12201,12174],"product_tag":[],"class_list":{"0":"post-51664","1":"product","2":"type-product","3":"status-publish","4":"has-post-thumbnail","6":"product_brand-boretech","7":"product_cat-brosses","8":"product_cat-nettoyage-darmes","9":"pa_model-ar-10-fr","10":"pa_model-ar-15-fr","12":"first","13":"instock","14":"taxable","15":"shipping-taxable","16":"purchasable","17":"product-type-variable","18":"wvs-archive-product-wrapper"},"acf":[],"_links":{"self":[{"href":"https:\/\/staging.nbg.eu\/fr\/wp-json\/wp\/v2\/product\/51664","targetHints":{"allow":["GET"]}}],"collection":[{"href":"https:\/\/staging.nbg.eu\/fr\/wp-json\/wp\/v2\/product"}],"about":[{"href":"https:\/\/staging.nbg.eu\/fr\/wp-json\/wp\/v2\/types\/product"}],"wp:featuredmedia":[{"embeddable":true,"href":"https:\/\/staging.nbg.eu\/fr\/wp-json\/wp\/v2\/media\/51665"}],"wp:attachment":[{"href":"https:\/\/staging.nbg.eu\/fr\/wp-json\/wp\/v2\/media?parent=51664"}],"wp:term":[{"taxonomy":"product_brand","embeddable":true,"href":"https:\/\/staging.nbg.eu\/fr\/wp-json\/wp\/v2\/product_brand?post=51664"},{"taxonomy":"product_cat","embeddable":true,"href":"https:\/\/staging.nbg.eu\/fr\/wp-json\/wp\/v2\/product_cat?post=51664"},{"taxonomy":"product_tag","embeddable":true,"href":"https:\/\/staging.nbg.eu\/fr\/wp-json\/wp\/v2\/product_tag?post=51664"}],"curies":[{"name":"wp","href":"https:\/\/api.w.org\/{rel}","templated":true}]}}