{"id":51527,"date":"2024-03-15T05:39:44","date_gmt":"2024-09-13T09:59:14","guid":{"rendered":"https:\/\/staging.nbg.eu\/product\/bore-tech-bullet-knock-out-set\/"},"modified":"2024-09-13T10:00:00","modified_gmt":"2024-09-13T10:00:00","slug":"ensemble-bore-tech-bullet-knock-out","status":"publish","type":"product","link":"https:\/\/staging.nbg.eu\/fr\/produit\/ensemble-bore-tech-bullet-knock-out\/","title":{"rendered":"Ensemble Bore Tech Bullet Knock-out"},"content":{"rendered":"<p>Le <strong>Kit d&rsquo;extraction de balles Bore Tech<\/strong> est un outil pour les tireurs. Cet ensemble compact comprend 4 embouts en laiton usin\u00e9s, con\u00e7us pour retirer les balles coinc\u00e9es ou les douilles bloqu\u00e9es sans endommager votre baguette de nettoyage. Compatible avec les fusils et les pistolets de calibre .17 \u00e0 .50, il est utile dans votre bo\u00eete de tir.<\/p>\n","protected":false},"excerpt":{"rendered":"<p>Outil essentiel pour retirer les balles coinc\u00e9es. 4 embouts en laiton, calibres .17 \u00e0 .50.<\/p>\n","protected":false},"featured_media":51528,"template":"","meta":{"_acf_changed":false},"product_brand":[11152],"product_cat":[12201,12174],"product_tag":[],"class_list":{"0":"post-51527","1":"product","2":"type-product","3":"status-publish","4":"has-post-thumbnail","6":"product_brand-boretech","7":"product_cat-brosses","8":"product_cat-nettoyage-darmes","10":"first","11":"instock","12":"taxable","13":"shipping-taxable","14":"purchasable","15":"product-type-simple"},"acf":[],"_links":{"self":[{"href":"https:\/\/staging.nbg.eu\/fr\/wp-json\/wp\/v2\/product\/51527","targetHints":{"allow":["GET"]}}],"collection":[{"href":"https:\/\/staging.nbg.eu\/fr\/wp-json\/wp\/v2\/product"}],"about":[{"href":"https:\/\/staging.nbg.eu\/fr\/wp-json\/wp\/v2\/types\/product"}],"wp:featuredmedia":[{"embeddable":true,"href":"https:\/\/staging.nbg.eu\/fr\/wp-json\/wp\/v2\/media\/51528"}],"wp:attachment":[{"href":"https:\/\/staging.nbg.eu\/fr\/wp-json\/wp\/v2\/media?parent=51527"}],"wp:term":[{"taxonomy":"product_brand","embeddable":true,"href":"https:\/\/staging.nbg.eu\/fr\/wp-json\/wp\/v2\/product_brand?post=51527"},{"taxonomy":"product_cat","embeddable":true,"href":"https:\/\/staging.nbg.eu\/fr\/wp-json\/wp\/v2\/product_cat?post=51527"},{"taxonomy":"product_tag","embeddable":true,"href":"https:\/\/staging.nbg.eu\/fr\/wp-json\/wp\/v2\/product_tag?post=51527"}],"curies":[{"name":"wp","href":"https:\/\/api.w.org\/{rel}","templated":true}]}}