{"id":51453,"date":"2024-03-15T06:18:52","date_gmt":"2024-09-13T09:56:56","guid":{"rendered":"https:\/\/staging.nbg.eu\/product\/bore-tech-chameleon-gel-2-oz-tube\/"},"modified":"2024-09-13T09:57:44","modified_gmt":"2024-09-13T09:57:44","slug":"gel-cameleon-bore-tech-tube-2-oz","status":"publish","type":"product","link":"https:\/\/staging.nbg.eu\/fr\/produit\/gel-cameleon-bore-tech-tube-2-oz\/","title":{"rendered":"Gel Cameleon Bore Tech (Tube 2 Oz)"},"content":{"rendered":"<h2>Bore Tech Chameleon Gel (Tube de 2 Oz)<\/h2>\n<p>Le Bore Tech Chameleon Gel\u2122 est un nettoyant et polissant pour armes \u00e0 feu. Ce gel change de couleur et \u00e9limine les r\u00e9sidus de carbone, cuivre, plomb et molybd\u00e8ne, laissant le canon propre.<\/p>\n<ul>\n<li>Sans odeur et biod\u00e9gradable<\/li>\n<li>S\u00fbr pour tous les types de canons<\/li>\n<li>Pas de m\u00e9lange n\u00e9cessaire<\/li>\n<li>Formule en gel<\/li>\n<li>Technologie de changement de couleur pour le nettoyage<\/li>\n<\/ul>\n<p>Le gel change de couleur pour indiquer le type de r\u00e9sidu pr\u00e9sent :<\/p>\n<p>Bleu\/Vert : Cuivre<\/p>\n<p>Noir : Carbone<\/p>\n<p>Gris : Plomb\/Molybd\u00e8ne<\/p>\n<p>Blanc : Canon propre<\/p>\n<p>Entretenez la performance de votre arme \u00e0 feu avec cette solution de nettoyage. Tube de 2 oz disponible.<\/p>\n","protected":false},"excerpt":{"rendered":"<p>Le nettoyant en gel changeant de couleur \u00e9limine l&rsquo;encrassement des canons d&rsquo;armes \u00e0 feu.<\/p>\n","protected":false},"featured_media":51454,"template":"","meta":{"_acf_changed":false},"product_brand":[11152],"product_cat":[12174,12188],"product_tag":[],"class_list":{"0":"post-51453","1":"product","2":"type-product","3":"status-publish","4":"has-post-thumbnail","6":"product_brand-boretech","7":"product_cat-nettoyage-darmes","8":"product_cat-nettoyants","10":"first","11":"instock","12":"taxable","13":"shipping-taxable","14":"purchasable","15":"product-type-simple"},"acf":[],"_links":{"self":[{"href":"https:\/\/staging.nbg.eu\/fr\/wp-json\/wp\/v2\/product\/51453","targetHints":{"allow":["GET"]}}],"collection":[{"href":"https:\/\/staging.nbg.eu\/fr\/wp-json\/wp\/v2\/product"}],"about":[{"href":"https:\/\/staging.nbg.eu\/fr\/wp-json\/wp\/v2\/types\/product"}],"wp:featuredmedia":[{"embeddable":true,"href":"https:\/\/staging.nbg.eu\/fr\/wp-json\/wp\/v2\/media\/51454"}],"wp:attachment":[{"href":"https:\/\/staging.nbg.eu\/fr\/wp-json\/wp\/v2\/media?parent=51453"}],"wp:term":[{"taxonomy":"product_brand","embeddable":true,"href":"https:\/\/staging.nbg.eu\/fr\/wp-json\/wp\/v2\/product_brand?post=51453"},{"taxonomy":"product_cat","embeddable":true,"href":"https:\/\/staging.nbg.eu\/fr\/wp-json\/wp\/v2\/product_cat?post=51453"},{"taxonomy":"product_tag","embeddable":true,"href":"https:\/\/staging.nbg.eu\/fr\/wp-json\/wp\/v2\/product_tag?post=51453"}],"curies":[{"name":"wp","href":"https:\/\/api.w.org\/{rel}","templated":true}]}}