{"id":51338,"date":"2024-03-15T07:47:20","date_gmt":"2024-09-13T09:49:44","guid":{"rendered":"https:\/\/staging.nbg.eu\/product\/boretech-eliminator-4-oz\/"},"modified":"2024-09-13T09:50:36","modified_gmt":"2024-09-13T09:50:36","slug":"boretech-eliminator-4-oz","status":"publish","type":"product","link":"https:\/\/staging.nbg.eu\/fr\/produit\/boretech-eliminator-4-oz\/","title":{"rendered":"BoreTech Eliminator &#8211; 4 Oz"},"content":{"rendered":"<div class=\"product-description\">\n<h2>BoreTech Eliminator &#8211; 118 ml<\/h2>\n<p>Le nettoyant pour canon BoreTech Eliminator\u2122 est un produit brevet\u00e9 dans l&rsquo;industrie du tir. Cette formule \u00e0 action rapide et s\u00fbre pour le canon surpasse les autres produits. Caract\u00e9ristiques principales :<\/p>\n<ul>\n<li>100% s\u00fbr pour le canon et biod\u00e9gradable<\/li>\n<li>Sans ammoniaque et inodore<\/li>\n<li>\u00c9limine rapidement le carbone, le cuivre, le plomb et les r\u00e9sidus corrosifs<\/li>\n<li>Non dangereux et facile \u00e0 utiliser<\/li>\n<\/ul>\n<p>Le m\u00e9lange unique d&rsquo;agents tensioactifs de l&rsquo;Eliminator d\u00e9tache rapidement les d\u00e9p\u00f4ts de carbone tout en oxydant et en suspendant l&rsquo;encrassement au cuivre. Cette action emp\u00eache le red\u00e9p\u00f4t et assure un nettoyage complet sans perte d&rsquo;efficacit\u00e9.<\/p>\n<h3>Instructions :<\/h3>\n<ol>\n<li>Humidifiez 3-4 patchs avec l&rsquo;Eliminator et poussez-les dans le canon dans une seule direction<\/li>\n<li>Faites 10-15 passages avec une brosse en nylon satur\u00e9e<\/li>\n<li>R\u00e9p\u00e9tez l&rsquo;\u00e9tape 1 et laissez agir pendant 3-5 minutes<\/li>\n<li>Poussez des patchs secs jusqu&rsquo;\u00e0 ce qu&rsquo;ils soient propres<\/li>\n<li>R\u00e9p\u00e9tez si n\u00e9cessaire<\/li>\n<li>Appliquez l&rsquo;huile pour arme Bore Tech Friction Guard XP pour le stockage<\/li>\n<li>Passez un patch sec avant utilisation<\/li>\n<\/ol>\n<p>Choisissez BoreTech Eliminator pour un nettoyage efficace et une protection du canon.<\/p>\n<\/div>\n","protected":false},"excerpt":{"rendered":"<p>BoreTech Eliminator : Nettoyant de canon s\u00fbr et puissant. \u00c9limine l&rsquo;encrassement.<\/p>\n","protected":false},"featured_media":70976,"template":"","meta":{"_acf_changed":false},"product_brand":[11152],"product_cat":[12174,12188],"product_tag":[],"class_list":{"0":"post-51338","1":"product","2":"type-product","3":"status-publish","4":"has-post-thumbnail","6":"product_brand-boretech","7":"product_cat-nettoyage-darmes","8":"product_cat-nettoyants","10":"first","11":"instock","12":"taxable","13":"shipping-taxable","14":"purchasable","15":"product-type-variable","16":"wvs-archive-product-wrapper"},"acf":[],"_links":{"self":[{"href":"https:\/\/staging.nbg.eu\/fr\/wp-json\/wp\/v2\/product\/51338","targetHints":{"allow":["GET"]}}],"collection":[{"href":"https:\/\/staging.nbg.eu\/fr\/wp-json\/wp\/v2\/product"}],"about":[{"href":"https:\/\/staging.nbg.eu\/fr\/wp-json\/wp\/v2\/types\/product"}],"wp:featuredmedia":[{"embeddable":true,"href":"https:\/\/staging.nbg.eu\/fr\/wp-json\/wp\/v2\/media\/70976"}],"wp:attachment":[{"href":"https:\/\/staging.nbg.eu\/fr\/wp-json\/wp\/v2\/media?parent=51338"}],"wp:term":[{"taxonomy":"product_brand","embeddable":true,"href":"https:\/\/staging.nbg.eu\/fr\/wp-json\/wp\/v2\/product_brand?post=51338"},{"taxonomy":"product_cat","embeddable":true,"href":"https:\/\/staging.nbg.eu\/fr\/wp-json\/wp\/v2\/product_cat?post=51338"},{"taxonomy":"product_tag","embeddable":true,"href":"https:\/\/staging.nbg.eu\/fr\/wp-json\/wp\/v2\/product_tag?post=51338"}],"curies":[{"name":"wp","href":"https:\/\/api.w.org\/{rel}","templated":true}]}}