{"id":51234,"date":"2024-03-15T17:11:28","date_gmt":"2024-03-15T17:11:28","guid":{"rendered":"https:\/\/staging.nbg.eu\/product\/bore-tech-bore-guide-bolt-action-centerfire-8mm-416-cal\/"},"modified":"2024-09-13T09:47:43","modified_gmt":"2024-09-13T09:47:43","slug":"guide-canon-bore-tech-verrou-central-8mm416-cal","status":"publish","type":"product","link":"https:\/\/staging.nbg.eu\/fr\/produit\/guide-canon-bore-tech-verrou-central-8mm416-cal\/","title":{"rendered":"Guide Canon Bore Tech &#8211; Verrou Central (8mm\/.416 Cal)"},"content":{"rendered":"<div class=\"product-description\">\n<h2>Guide de canon Bore Tech &#8211; Carabine \u00e0 verrou (8mm\/.416 Cal)<\/h2>\n<p>Prot\u00e9gez votre arme \u00e0 feu et votre tige de nettoyage avec le guide de canon Bore Tech. Cet outil pour carabines \u00e0 verrou assure :<\/p>\n<ul>\n<li>Alignement pr\u00e9cis des tiges de nettoyage avec le canon<\/li>\n<li>Pr\u00e9vention des dommages \u00e0 l&rsquo;arme et \u00e0 la tige de nettoyage<\/li>\n<li>\u00c9tanch\u00e9it\u00e9 avec c\u00f4nes en caoutchouc r\u00e9sistant aux solvants<\/li>\n<li>Pas de fuite de nettoyant dans la chambre et le m\u00e9canisme<\/li>\n<\/ul>\n<p>Caract\u00e9ristiques :<\/p>\n<ul>\n<li>Composants usin\u00e9s CNC et moul\u00e9s par injection<\/li>\n<li>Code couleur vert pour calibres 8mm \u00e0 .416<\/li>\n<li>Compatible avec la plupart des carabines \u00e0 verrou<\/li>\n<li>Ports de solvant \u00e9largis pour application facile<\/li>\n<li>Collier de culasse ajustable pour actions courtes et longues<\/li>\n<\/ul>\n<p>Investissez dans l&rsquo;entretien appropri\u00e9 des armes \u00e0 feu avec le guide de canon Bore Tech.<\/p>\n<\/div>\n","protected":false},"excerpt":{"rendered":"<p>Outil de nettoyage de pr\u00e9cision pour fusils \u00e0 verrou de 8mm \u00e0 .416. Pr\u00e9vient les dommages.<\/p>\n","protected":false},"featured_media":51235,"template":"","meta":{"_acf_changed":false},"product_brand":[11152],"product_cat":[12133,12174],"product_tag":[],"class_list":{"0":"post-51234","1":"product","2":"type-product","3":"status-publish","4":"has-post-thumbnail","6":"product_brand-boretech","7":"product_cat-baguettes-de-nettoyage","8":"product_cat-nettoyage-darmes","10":"first","11":"instock","12":"taxable","13":"shipping-taxable","14":"purchasable","15":"product-type-variable","16":"wvs-archive-product-wrapper"},"acf":[],"_links":{"self":[{"href":"https:\/\/staging.nbg.eu\/fr\/wp-json\/wp\/v2\/product\/51234","targetHints":{"allow":["GET"]}}],"collection":[{"href":"https:\/\/staging.nbg.eu\/fr\/wp-json\/wp\/v2\/product"}],"about":[{"href":"https:\/\/staging.nbg.eu\/fr\/wp-json\/wp\/v2\/types\/product"}],"wp:featuredmedia":[{"embeddable":true,"href":"https:\/\/staging.nbg.eu\/fr\/wp-json\/wp\/v2\/media\/51235"}],"wp:attachment":[{"href":"https:\/\/staging.nbg.eu\/fr\/wp-json\/wp\/v2\/media?parent=51234"}],"wp:term":[{"taxonomy":"product_brand","embeddable":true,"href":"https:\/\/staging.nbg.eu\/fr\/wp-json\/wp\/v2\/product_brand?post=51234"},{"taxonomy":"product_cat","embeddable":true,"href":"https:\/\/staging.nbg.eu\/fr\/wp-json\/wp\/v2\/product_cat?post=51234"},{"taxonomy":"product_tag","embeddable":true,"href":"https:\/\/staging.nbg.eu\/fr\/wp-json\/wp\/v2\/product_tag?post=51234"}],"curies":[{"name":"wp","href":"https:\/\/api.w.org\/{rel}","templated":true}]}}