{"id":50942,"date":"2024-01-30T18:05:11","date_gmt":"2024-09-13T09:12:02","guid":{"rendered":"https:\/\/staging.nbg.eu\/product\/blue-force-gear-vickers-padded-sling\/"},"modified":"2024-10-30T09:09:13","modified_gmt":"2024-10-30T09:09:13","slug":"sangle-rembourree-vickers-blue-force-gear","status":"publish","type":"product","link":"https:\/\/staging.nbg.eu\/fr\/produit\/sangle-rembourree-vickers-blue-force-gear\/","title":{"rendered":"Sangle Rembourr\u00e9e Vickers Blue Force Gear"},"content":{"rendered":"<h2>Sangle rembourr\u00e9e Vickers de Blue Force Gear<\/h2>\n<p>La sangle d&rsquo;applications de combat rembourr\u00e9e Vickers\u2122 brevet\u00e9e. D\u00e9velopp\u00e9e en collaboration avec Larry Vickers, ancien membre op\u00e9rationnel du 1er SFOD-Delta, cette sangle tactique \u00e0 ajustement rapide est utilis\u00e9e par l&rsquo;arm\u00e9e am\u00e9ricaine.<\/p>\n<h2>Caract\u00e9ristiques principales :<\/h2>\n<ul>\n<li>Rembourrage int\u00e9gr\u00e9 de 5 cm pour plus de confort<\/li>\n<li>Construction en mousse \u00e0 cellules ferm\u00e9es<\/li>\n<li>Ajusteur rapide pour changements de longueur instantan\u00e9s<\/li>\n<li>Transition fluide du port \u00e0 la position de combat<\/li>\n<li>Fabriqu\u00e9e aux \u00c9tats-Unis avec des mat\u00e9riaux de qualit\u00e9<\/li>\n<\/ul>\n<p>La sangle rembourr\u00e9e Vickers combine confort et fonctionnalit\u00e9.<\/p>\n","protected":false},"excerpt":{"rendered":"<p>Sangle tactique \u00e0 r\u00e9glage rapide avec rembourrage confortable pour fusils.<\/p>\n","protected":false},"featured_media":50654,"template":"","meta":{"_acf_changed":false},"product_brand":[11128],"product_cat":[12156,12160],"product_tag":[],"class_list":{"0":"post-50942","1":"product","2":"type-product","3":"status-publish","4":"has-post-thumbnail","6":"product_brand-blue-force-gear","7":"product_cat-bretelles","8":"product_cat-equipement","10":"first","11":"instock","12":"taxable","13":"shipping-taxable","14":"purchasable","15":"product-type-variable","16":"wvs-archive-product-wrapper"},"acf":[],"_links":{"self":[{"href":"https:\/\/staging.nbg.eu\/fr\/wp-json\/wp\/v2\/product\/50942","targetHints":{"allow":["GET"]}}],"collection":[{"href":"https:\/\/staging.nbg.eu\/fr\/wp-json\/wp\/v2\/product"}],"about":[{"href":"https:\/\/staging.nbg.eu\/fr\/wp-json\/wp\/v2\/types\/product"}],"wp:featuredmedia":[{"embeddable":true,"href":"https:\/\/staging.nbg.eu\/fr\/wp-json\/wp\/v2\/media\/50654"}],"wp:attachment":[{"href":"https:\/\/staging.nbg.eu\/fr\/wp-json\/wp\/v2\/media?parent=50942"}],"wp:term":[{"taxonomy":"product_brand","embeddable":true,"href":"https:\/\/staging.nbg.eu\/fr\/wp-json\/wp\/v2\/product_brand?post=50942"},{"taxonomy":"product_cat","embeddable":true,"href":"https:\/\/staging.nbg.eu\/fr\/wp-json\/wp\/v2\/product_cat?post=50942"},{"taxonomy":"product_tag","embeddable":true,"href":"https:\/\/staging.nbg.eu\/fr\/wp-json\/wp\/v2\/product_tag?post=50942"}],"curies":[{"name":"wp","href":"https:\/\/api.w.org\/{rel}","templated":true}]}}