{"id":50110,"date":"2024-04-21T18:34:24","date_gmt":"2024-09-13T08:44:15","guid":{"rendered":"https:\/\/staging.nbg.eu\/product\/blue-force-gear-molded-uwl-black\/"},"modified":"2024-09-13T08:44:59","modified_gmt":"2024-09-13T08:44:59","slug":"blue-force-gear-uwl-moule-noir","status":"publish","type":"product","link":"https:\/\/staging.nbg.eu\/fr\/produit\/blue-force-gear-uwl-moule-noir\/","title":{"rendered":"Blue Force Gear UWL Moule &#8211; Noir"},"content":{"rendered":"<div class=\"product-description\">\n<h2>Blue Force Gear Attache de Sangle Moul\u00e9e UWL &#8211; Noir<\/h2>\n<p>L&rsquo;attache universelle moul\u00e9e (UWL) permet de fixer les sangles \u00e0 divers points de montage sur les armes. Con\u00e7ue pour les sangles jusqu&rsquo;\u00e0 1,25&Prime; de large, y compris la sangle Vickers, cette solution l\u00e9g\u00e8re convient aux \u0153illets, fentes et trous de rail.<\/p>\n<h3>Caract\u00e9ristiques principales :<\/h3>\n<ul>\n<li>C\u00e2ble en acier inoxydable recouvert de nylon<\/li>\n<li>Corps en nylon 6-6 non r\u00e9fl\u00e9chissant<\/li>\n<li>Boucle de fil de 2,55&Prime; de la base au sommet<\/li>\n<li>Boucle de sangle de 1,25&Prime; compatible avec les sangles Vickers<\/li>\n<li>Prise \u00e0 bouton-poussoir pour les pivots de sangle standard<\/li>\n<li>Extr\u00e9mit\u00e9s \u00e0 tige sph\u00e9rique serties directement sur le fil<\/li>\n<\/ul>\n<p>L&rsquo;attache de sangle moul\u00e9e UWL &#8211; Noir de Blue Force Gear offre une polyvalence pour la fixation des sangles.<\/p>\n<\/div>\n","protected":false},"excerpt":{"rendered":"<p>Fixation de sangle polyvalente pour sangles de 3,18 cm. Conception durable et l\u00e9g\u00e8re.<\/p>\n","protected":false},"featured_media":50111,"template":"","meta":{"_acf_changed":false},"product_brand":[11128],"product_cat":[12156,12160],"product_tag":[],"class_list":{"0":"post-50110","1":"product","2":"type-product","3":"status-publish","4":"has-post-thumbnail","6":"product_brand-blue-force-gear","7":"product_cat-bretelles","8":"product_cat-equipement","10":"first","11":"instock","12":"taxable","13":"shipping-taxable","14":"purchasable","15":"product-type-simple"},"acf":[],"_links":{"self":[{"href":"https:\/\/staging.nbg.eu\/fr\/wp-json\/wp\/v2\/product\/50110","targetHints":{"allow":["GET"]}}],"collection":[{"href":"https:\/\/staging.nbg.eu\/fr\/wp-json\/wp\/v2\/product"}],"about":[{"href":"https:\/\/staging.nbg.eu\/fr\/wp-json\/wp\/v2\/types\/product"}],"wp:featuredmedia":[{"embeddable":true,"href":"https:\/\/staging.nbg.eu\/fr\/wp-json\/wp\/v2\/media\/50111"}],"wp:attachment":[{"href":"https:\/\/staging.nbg.eu\/fr\/wp-json\/wp\/v2\/media?parent=50110"}],"wp:term":[{"taxonomy":"product_brand","embeddable":true,"href":"https:\/\/staging.nbg.eu\/fr\/wp-json\/wp\/v2\/product_brand?post=50110"},{"taxonomy":"product_cat","embeddable":true,"href":"https:\/\/staging.nbg.eu\/fr\/wp-json\/wp\/v2\/product_cat?post=50110"},{"taxonomy":"product_tag","embeddable":true,"href":"https:\/\/staging.nbg.eu\/fr\/wp-json\/wp\/v2\/product_tag?post=50110"}],"curies":[{"name":"wp","href":"https:\/\/api.w.org\/{rel}","templated":true}]}}