{"id":49755,"date":"2024-05-23T19:46:21","date_gmt":"2024-09-13T08:37:20","guid":{"rendered":"https:\/\/staging.nbg.eu\/product\/blue-force-gear-micro-trauma-kit-now\/"},"modified":"2024-09-13T08:38:11","modified_gmt":"2024-09-13T08:38:11","slug":"kit-trauma-micro-blue-force-gear-now","status":"publish","type":"product","link":"https:\/\/staging.nbg.eu\/fr\/produit\/kit-trauma-micro-blue-force-gear-now\/","title":{"rendered":"Kit Trauma Micro Blue Force Gear NOW"},"content":{"rendered":"<div class=\"product-description\">\n<h2>Blue Force Gear Micro Trauma Kit NOW!<\/h2>\n<p>Le Micro Trauma Kit NOW! (Micro TKN) est une solution compacte pour le transport quotidien de fournitures m\u00e9dicales essentielles. Con\u00e7u pour les professionnels des forces de l&rsquo;ordre, les citoyens pr\u00e9par\u00e9s et les chasseurs, ce kit mont\u00e9 \u00e0 la ceinture assure un acc\u00e8s rapide aux articles de premiers secours critiques.<\/p>\n<h2>Caract\u00e9ristiques principales :<\/h2>\n<ul>\n<li>Taille compacte pour un transport quotidien confortable<\/li>\n<li>D\u00e9ploiement d&rsquo;une seule main des deux c\u00f4t\u00e9s<\/li>\n<li>Options de fixation MOLLE ou \u00e0 la ceinture<\/li>\n<li>Technologie Ten-Speed pour un rangement s\u00e9curis\u00e9<\/li>\n<li>Insert amovible pour un rangement organis\u00e9 des fournitures<\/li>\n<li>Languettes ajustables \u00e0 crochet et boucle adapt\u00e9es \u00e0 la plupart des ceintures<\/li>\n<\/ul>\n<p>Soyez pr\u00e9par\u00e9 aux urgences avec le Micro TKN &#8211; votre ressource portable lorsque chaque seconde compte.<\/p>\n<\/div>\n","protected":false},"excerpt":{"rendered":"<p>Trousse de traumatologie compacte et salvatrice pour un port quotidien \u00e0 la ceinture.<\/p>\n","protected":false},"featured_media":49756,"template":"","meta":{"_acf_changed":false},"product_brand":[11128],"product_cat":[12160,12195],"product_tag":[],"class_list":{"0":"post-49755","1":"product","2":"type-product","3":"status-publish","4":"has-post-thumbnail","6":"product_brand-blue-force-gear","7":"product_cat-equipement","8":"product_cat-medical","10":"first","11":"instock","12":"taxable","13":"shipping-taxable","14":"purchasable","15":"product-type-variable","16":"wvs-archive-product-wrapper"},"acf":[],"_links":{"self":[{"href":"https:\/\/staging.nbg.eu\/fr\/wp-json\/wp\/v2\/product\/49755","targetHints":{"allow":["GET"]}}],"collection":[{"href":"https:\/\/staging.nbg.eu\/fr\/wp-json\/wp\/v2\/product"}],"about":[{"href":"https:\/\/staging.nbg.eu\/fr\/wp-json\/wp\/v2\/types\/product"}],"wp:featuredmedia":[{"embeddable":true,"href":"https:\/\/staging.nbg.eu\/fr\/wp-json\/wp\/v2\/media\/49756"}],"wp:attachment":[{"href":"https:\/\/staging.nbg.eu\/fr\/wp-json\/wp\/v2\/media?parent=49755"}],"wp:term":[{"taxonomy":"product_brand","embeddable":true,"href":"https:\/\/staging.nbg.eu\/fr\/wp-json\/wp\/v2\/product_brand?post=49755"},{"taxonomy":"product_cat","embeddable":true,"href":"https:\/\/staging.nbg.eu\/fr\/wp-json\/wp\/v2\/product_cat?post=49755"},{"taxonomy":"product_tag","embeddable":true,"href":"https:\/\/staging.nbg.eu\/fr\/wp-json\/wp\/v2\/product_tag?post=49755"}],"curies":[{"name":"wp","href":"https:\/\/api.w.org\/{rel}","templated":true}]}}