{"id":49570,"date":"2024-07-29T13:10:43","date_gmt":"2024-09-12T16:17:17","guid":{"rendered":"https:\/\/staging.nbg.eu\/product\/cobra-buckle-conversion-kit\/"},"modified":"2024-09-12T16:18:05","modified_gmt":"2024-09-12T16:18:05","slug":"kit-conversion-boucle-cobra","status":"publish","type":"product","link":"https:\/\/staging.nbg.eu\/fr\/produit\/kit-conversion-boucle-cobra\/","title":{"rendered":"Kit Conversion Boucle COBRA"},"content":{"rendered":"<div class=\"product-description\">\n<h2>Kit de conversion COBRA\u00ae pour ceinture GRID\u2122<\/h2>\n<p>Am\u00e9liorez votre ceinture GRID\u2122 avec notre kit de conversion COBRA\u00ae, comprenant la boucle COBRA\u00ae ProStyle brevet\u00e9e. Ce kit ajoute une fonction de d\u00e9verrouillage rapide et un aspect robuste \u00e0 votre ceinture, am\u00e9liorant sa forme et sa fonction.<\/p>\n<h3>Caract\u00e9ristiques principales :<\/h3>\n<ul>\n<li>Verrou adapt\u00e9 pour un verrouillage fluide et la pr\u00e9vention d&rsquo;ouverture accidentelle<\/li>\n<li>Conforme aux normes ANSI et CSA<\/li>\n<li>Certifi\u00e9 pour les tests de brouillard salin et de sable souffl\u00e9<\/li>\n<li>Fonction de d\u00e9verrouillage rapide pour plus de commodit\u00e9<\/li>\n<\/ul>\n<p><strong>Note :<\/strong> Ce kit d&rsquo;am\u00e9lioration n&rsquo;ajoute pas de capacit\u00e9s de charge \u00e0 la ceinture GRID. Pour des options avec capacit\u00e9 de charge, veuillez consid\u00e9rer notre ceinture CHLK.<\/p>\n<\/div>\n","protected":false},"excerpt":{"rendered":"<p>Kit de boucle COBRA\u00ae : Am\u00e9lioration \u00e0 d\u00e9gagement rapide pour la ceinture GRID\u2122. S\u00fbre et \u00e9l\u00e9gante.<\/p>\n","protected":false},"featured_media":49573,"template":"","meta":{"_acf_changed":false},"product_brand":[],"product_cat":[12179,12160],"product_tag":[],"class_list":{"0":"post-49570","1":"product","2":"type-product","3":"status-publish","4":"has-post-thumbnail","6":"product_cat-ceintures-tactiques","7":"product_cat-equipement","9":"first","10":"instock","11":"taxable","12":"shipping-taxable","13":"purchasable","14":"product-type-variable","15":"wvs-archive-product-wrapper"},"acf":[],"_links":{"self":[{"href":"https:\/\/staging.nbg.eu\/fr\/wp-json\/wp\/v2\/product\/49570","targetHints":{"allow":["GET"]}}],"collection":[{"href":"https:\/\/staging.nbg.eu\/fr\/wp-json\/wp\/v2\/product"}],"about":[{"href":"https:\/\/staging.nbg.eu\/fr\/wp-json\/wp\/v2\/types\/product"}],"wp:featuredmedia":[{"embeddable":true,"href":"https:\/\/staging.nbg.eu\/fr\/wp-json\/wp\/v2\/media\/49573"}],"wp:attachment":[{"href":"https:\/\/staging.nbg.eu\/fr\/wp-json\/wp\/v2\/media?parent=49570"}],"wp:term":[{"taxonomy":"product_brand","embeddable":true,"href":"https:\/\/staging.nbg.eu\/fr\/wp-json\/wp\/v2\/product_brand?post=49570"},{"taxonomy":"product_cat","embeddable":true,"href":"https:\/\/staging.nbg.eu\/fr\/wp-json\/wp\/v2\/product_cat?post=49570"},{"taxonomy":"product_tag","embeddable":true,"href":"https:\/\/staging.nbg.eu\/fr\/wp-json\/wp\/v2\/product_tag?post=49570"}],"curies":[{"name":"wp","href":"https:\/\/api.w.org\/{rel}","templated":true}]}}