{"id":49390,"date":"2024-07-29T18:42:30","date_gmt":"2024-09-12T16:13:03","guid":{"rendered":"https:\/\/staging.nbg.eu\/product\/large-utility-dapper-pouch\/"},"modified":"2024-09-12T16:13:53","modified_gmt":"2024-09-12T16:13:53","slug":"grande-poche-utilitaire-dapper","status":"publish","type":"product","link":"https:\/\/staging.nbg.eu\/fr\/produit\/grande-poche-utilitaire-dapper\/","title":{"rendered":"Grande Poche Utilitaire Dapper"},"content":{"rendered":"<div class=\"product-description\">\n<h2>Grande Pochette Utilitaire<\/h2>\n<p>Cette pochette utilitaire large est con\u00e7ue pour contenir la plupart des objets quotidiens et \u00e9quipements. Elle peut contenir des chargeurs, du mat\u00e9riel informatique, des fournitures m\u00e9dicales et des outils.<\/p>\n<ul>\n<li>Installation et retrait rapides sur tout champ de boucles<\/li>\n<li>Deux tirettes de fermeture \u00e9clair pour un acc\u00e8s facile<\/li>\n<li>Poign\u00e9e de transport sup\u00e9rieure en caoutchouc pour un transport pratique<\/li>\n<li>Dessus transparent pour voir le contenu d&rsquo;un coup d&rsquo;\u0153il<\/li>\n<li>Champ de boucles int\u00e9rieur pour des options d&rsquo;organisation suppl\u00e9mentaires<\/li>\n<li>Dos \u00e0 crochets pour un montage polyvalent sur diverses surfaces<\/li>\n<\/ul>\n<p>Utilisable avec les sacs Blue Force Gear, les inserts Dapper, ou pour des applications personnalis\u00e9es.<\/p>\n<\/div>\n","protected":false},"excerpt":{"rendered":"<p>Pochette polyvalente et amovible pour les \u00e9quipements quotidiens et les essentiels de mission.<\/p>\n","protected":false},"featured_media":49394,"template":"","meta":{"_acf_changed":false},"product_brand":[11128],"product_cat":[12160,12151],"product_tag":[],"class_list":{"0":"post-49390","1":"product","2":"type-product","3":"status-publish","4":"has-post-thumbnail","6":"product_brand-blue-force-gear","7":"product_cat-equipement","8":"product_cat-pochettes","10":"first","11":"instock","12":"taxable","13":"shipping-taxable","14":"purchasable","15":"product-type-simple"},"acf":[],"_links":{"self":[{"href":"https:\/\/staging.nbg.eu\/fr\/wp-json\/wp\/v2\/product\/49390","targetHints":{"allow":["GET"]}}],"collection":[{"href":"https:\/\/staging.nbg.eu\/fr\/wp-json\/wp\/v2\/product"}],"about":[{"href":"https:\/\/staging.nbg.eu\/fr\/wp-json\/wp\/v2\/types\/product"}],"wp:featuredmedia":[{"embeddable":true,"href":"https:\/\/staging.nbg.eu\/fr\/wp-json\/wp\/v2\/media\/49394"}],"wp:attachment":[{"href":"https:\/\/staging.nbg.eu\/fr\/wp-json\/wp\/v2\/media?parent=49390"}],"wp:term":[{"taxonomy":"product_brand","embeddable":true,"href":"https:\/\/staging.nbg.eu\/fr\/wp-json\/wp\/v2\/product_brand?post=49390"},{"taxonomy":"product_cat","embeddable":true,"href":"https:\/\/staging.nbg.eu\/fr\/wp-json\/wp\/v2\/product_cat?post=49390"},{"taxonomy":"product_tag","embeddable":true,"href":"https:\/\/staging.nbg.eu\/fr\/wp-json\/wp\/v2\/product_tag?post=49390"}],"curies":[{"name":"wp","href":"https:\/\/api.w.org\/{rel}","templated":true}]}}