{"id":49152,"date":"2024-07-29T18:45:25","date_gmt":"2024-09-12T16:08:43","guid":{"rendered":"https:\/\/staging.nbg.eu\/product\/ten-speed-single-m4-mag-pouch\/"},"modified":"2024-09-12T16:09:43","modified_gmt":"2024-09-12T16:09:43","slug":"poche-simple-chargeur-m4-ten-speed","status":"publish","type":"product","link":"https:\/\/staging.nbg.eu\/fr\/produit\/poche-simple-chargeur-m4-ten-speed\/","title":{"rendered":"Poche Simple Chargeur M4 Ten-Speed"},"content":{"rendered":"<div class=\"product-description\">\n<h2>Pochette simple pour chargeur M4<\/h2>\n<p>Cette pochette l\u00e9g\u00e8re contient un chargeur M4 ou des objets de taille similaire. Fabriqu\u00e9e avec de l&rsquo;\u00e9lastique et un mat\u00e9riau composite, elle reste plate lorsqu&rsquo;elle est vide.<\/p>\n<h3>Caract\u00e9ristiques principales :<\/h3>\n<ul>\n<li>Syst\u00e8me d&rsquo;attache brevet\u00e9<\/li>\n<li>Compatible MOLLE<\/li>\n<li>60% plus l\u00e9g\u00e8re que les pochettes traditionnelles<\/li>\n<li>Mat\u00e9riau stratifi\u00e9 r\u00e9sistant<\/li>\n<li>R\u00e9tention et durabilit\u00e9 optimis\u00e9es<\/li>\n<\/ul>\n<h3>Sp\u00e9cifications :<\/h3>\n<ul>\n<li>Dimensions : 0,3 x 7,6 x 15,2 cm<\/li>\n<li>Champ MOLLE : 3 x 2<\/li>\n<li>Mat\u00e9riaux : \u00e9lastique, stratifi\u00e9 composite<\/li>\n<\/ul>\n<p>Cette pochette polyvalente et test\u00e9e au combat convient aux militaires, aux forces de l&rsquo;ordre et aux amateurs de mat\u00e9riel tactique.<\/p>\n<\/div>\n","protected":false},"excerpt":{"rendered":"<p>Porte-chargeur M4 l\u00e9ger et s\u00e9curis\u00e9. Acc\u00e8s rapide, profil plat.<\/p>\n","protected":false},"featured_media":49161,"template":"","meta":{"_acf_changed":false},"product_brand":[11128],"product_cat":[12160,12151,12136],"product_tag":[],"class_list":{"0":"post-49152","1":"product","2":"type-product","3":"status-publish","4":"has-post-thumbnail","6":"product_brand-blue-force-gear","7":"product_cat-equipement","8":"product_cat-pochettes","9":"product_cat-porte-chargeurs","11":"first","12":"instock","13":"taxable","14":"shipping-taxable","15":"purchasable","16":"product-type-variable","17":"wvs-archive-product-wrapper"},"acf":[],"_links":{"self":[{"href":"https:\/\/staging.nbg.eu\/fr\/wp-json\/wp\/v2\/product\/49152","targetHints":{"allow":["GET"]}}],"collection":[{"href":"https:\/\/staging.nbg.eu\/fr\/wp-json\/wp\/v2\/product"}],"about":[{"href":"https:\/\/staging.nbg.eu\/fr\/wp-json\/wp\/v2\/types\/product"}],"wp:featuredmedia":[{"embeddable":true,"href":"https:\/\/staging.nbg.eu\/fr\/wp-json\/wp\/v2\/media\/49161"}],"wp:attachment":[{"href":"https:\/\/staging.nbg.eu\/fr\/wp-json\/wp\/v2\/media?parent=49152"}],"wp:term":[{"taxonomy":"product_brand","embeddable":true,"href":"https:\/\/staging.nbg.eu\/fr\/wp-json\/wp\/v2\/product_brand?post=49152"},{"taxonomy":"product_cat","embeddable":true,"href":"https:\/\/staging.nbg.eu\/fr\/wp-json\/wp\/v2\/product_cat?post=49152"},{"taxonomy":"product_tag","embeddable":true,"href":"https:\/\/staging.nbg.eu\/fr\/wp-json\/wp\/v2\/product_tag?post=49152"}],"curies":[{"name":"wp","href":"https:\/\/api.w.org\/{rel}","templated":true}]}}