{"id":48964,"date":"2024-07-29T18:46:44","date_gmt":"2024-09-12T16:04:24","guid":{"rendered":"https:\/\/staging.nbg.eu\/product\/horizontal-ten-speed-single-m4-mag-pouch\/"},"modified":"2024-09-12T16:05:15","modified_gmt":"2024-09-12T16:05:15","slug":"poche-horizontale-simple-chargeur-m4-ten-speed","status":"publish","type":"product","link":"https:\/\/staging.nbg.eu\/fr\/produit\/poche-horizontale-simple-chargeur-m4-ten-speed\/","title":{"rendered":"Poche Horizontale Simple Chargeur M4 Ten-Speed"},"content":{"rendered":"<h2>Porte-chargeur M4 simple horizontal Ten-Speed\u00ae<\/h2>\n<p>Le porte-chargeur M4 horizontal Ten-Speed\u00ae offre une solution pour le transport de munitions. Construit avec de l&rsquo;\u00e9lastique de qualit\u00e9 militaire, ce porte-chargeur est con\u00e7u pour s&rsquo;adapter aux sections de sangle MOLLE inutilis\u00e9es des gilets pare-balles, des vestes ou des ceintures.<\/p>\n<ul>\n<li>Compatible avec les chargeurs M4 STANAG de 30 cartouches et la plupart des chargeurs 5,56<\/li>\n<li>Convient aux chargeurs SMG plus grands (UMP, CZ Scorpion, P90) et certains chargeurs AK-74<\/li>\n<li>Options de stockage flexibles : balles vers le haut\/bas, avant\/arri\u00e8re<\/li>\n<li>Disponible en versions compatibles MOLLE Helium Whisper et montage sur ceinture<\/li>\n<li>La version mont\u00e9e sur ceinture s&rsquo;adapte aux ceintures jusqu&rsquo;\u00e0 5 cm de large avec des fixations ajustables \u00e0 crochet et boucle<\/li>\n<\/ul>\n<p>Le porte-chargeur M4 simple horizontal Ten-Speed\u00ae est une solution pour la gestion des munitions.<\/p>\n","protected":false},"excerpt":{"rendered":"<p>Pochette horizontale polyvalente pour chargeurs M4\/5,56. Fixation MOLLE ou sur ceinture.<\/p>\n","protected":false},"featured_media":48971,"template":"","meta":{"_acf_changed":false},"product_brand":[11128],"product_cat":[12160,12151,12136],"product_tag":[],"class_list":{"0":"post-48964","1":"product","2":"type-product","3":"status-publish","4":"has-post-thumbnail","6":"product_brand-blue-force-gear","7":"product_cat-equipement","8":"product_cat-pochettes","9":"product_cat-porte-chargeurs","11":"first","12":"instock","13":"taxable","14":"shipping-taxable","15":"purchasable","16":"product-type-simple"},"acf":[],"_links":{"self":[{"href":"https:\/\/staging.nbg.eu\/fr\/wp-json\/wp\/v2\/product\/48964","targetHints":{"allow":["GET"]}}],"collection":[{"href":"https:\/\/staging.nbg.eu\/fr\/wp-json\/wp\/v2\/product"}],"about":[{"href":"https:\/\/staging.nbg.eu\/fr\/wp-json\/wp\/v2\/types\/product"}],"wp:featuredmedia":[{"embeddable":true,"href":"https:\/\/staging.nbg.eu\/fr\/wp-json\/wp\/v2\/media\/48971"}],"wp:attachment":[{"href":"https:\/\/staging.nbg.eu\/fr\/wp-json\/wp\/v2\/media?parent=48964"}],"wp:term":[{"taxonomy":"product_brand","embeddable":true,"href":"https:\/\/staging.nbg.eu\/fr\/wp-json\/wp\/v2\/product_brand?post=48964"},{"taxonomy":"product_cat","embeddable":true,"href":"https:\/\/staging.nbg.eu\/fr\/wp-json\/wp\/v2\/product_cat?post=48964"},{"taxonomy":"product_tag","embeddable":true,"href":"https:\/\/staging.nbg.eu\/fr\/wp-json\/wp\/v2\/product_tag?post=48964"}],"curies":[{"name":"wp","href":"https:\/\/api.w.org\/{rel}","templated":true}]}}