{"id":48760,"date":"2024-07-29T18:47:29","date_gmt":"2024-09-12T15:57:43","guid":{"rendered":"https:\/\/staging.nbg.eu\/product\/ten-speed-triple-m4-mag-pouch\/"},"modified":"2024-09-12T15:58:35","modified_gmt":"2024-09-12T15:58:35","slug":"poche-triple-chargeurs-m4-ten-speed","status":"publish","type":"product","link":"https:\/\/staging.nbg.eu\/fr\/produit\/poche-triple-chargeurs-m4-ten-speed\/","title":{"rendered":"Poche Triple Chargeurs M4 Ten-Speed"},"content":{"rendered":"<div class=\"product-description\">\n<h2>Pochette Triple M4 Ten-Speed\u00ae par BFG<\/h2>\n<p>Cette pochette l\u00e9g\u00e8re contient trois chargeurs AR\/M4 ou M16. Fabriqu\u00e9e avec de l&rsquo;\u00e9lastique de qualit\u00e9 militaire et du stratifi\u00e9 ULTRAcomp\u00ae, elle reste plate lorsqu&rsquo;elle est vide.<\/p>\n<ul>\n<li>Convient aux chargeurs en polym\u00e8re ou en m\u00e9tal<\/li>\n<li>Conception polyvalente pour fournitures m\u00e9dicales, grenades flash, etc.<\/li>\n<li>Compatible MOLLE avec syst\u00e8me de fixation Helium Whisper\u00ae<\/li>\n<li>Dimensions : 0,32 cm x 22,86 cm x 15,24 cm<\/li>\n<li>N\u00e9cessite un champ MOLLE de 3 x 6<\/li>\n<\/ul>\n<p>Cette pochette utilise la technologie Ten-Speed\u00ae dans un format compact. Adapt\u00e9e pour les militaires, les forces de l&rsquo;ordre et les amateurs de mat\u00e9riel tactique.<\/p>\n<\/div>\n","protected":false},"excerpt":{"rendered":"<p>Pochette MOLLE l\u00e9g\u00e8re et flexible pour 3 chargeurs AR\/M4 ou articles similaires.<\/p>\n","protected":false},"featured_media":48770,"template":"","meta":{"_acf_changed":false},"product_brand":[11128],"product_cat":[12160,12151,12136],"product_tag":[],"class_list":{"0":"post-48760","1":"product","2":"type-product","3":"status-publish","4":"has-post-thumbnail","6":"product_brand-blue-force-gear","7":"product_cat-equipement","8":"product_cat-pochettes","9":"product_cat-porte-chargeurs","11":"first","12":"instock","13":"taxable","14":"shipping-taxable","15":"purchasable","16":"product-type-simple"},"acf":[],"_links":{"self":[{"href":"https:\/\/staging.nbg.eu\/fr\/wp-json\/wp\/v2\/product\/48760","targetHints":{"allow":["GET"]}}],"collection":[{"href":"https:\/\/staging.nbg.eu\/fr\/wp-json\/wp\/v2\/product"}],"about":[{"href":"https:\/\/staging.nbg.eu\/fr\/wp-json\/wp\/v2\/types\/product"}],"wp:featuredmedia":[{"embeddable":true,"href":"https:\/\/staging.nbg.eu\/fr\/wp-json\/wp\/v2\/media\/48770"}],"wp:attachment":[{"href":"https:\/\/staging.nbg.eu\/fr\/wp-json\/wp\/v2\/media?parent=48760"}],"wp:term":[{"taxonomy":"product_brand","embeddable":true,"href":"https:\/\/staging.nbg.eu\/fr\/wp-json\/wp\/v2\/product_brand?post=48760"},{"taxonomy":"product_cat","embeddable":true,"href":"https:\/\/staging.nbg.eu\/fr\/wp-json\/wp\/v2\/product_cat?post=48760"},{"taxonomy":"product_tag","embeddable":true,"href":"https:\/\/staging.nbg.eu\/fr\/wp-json\/wp\/v2\/product_tag?post=48760"}],"curies":[{"name":"wp","href":"https:\/\/api.w.org\/{rel}","templated":true}]}}