{"id":48678,"date":"2024-07-29T19:00:12","date_gmt":"2024-09-12T15:53:38","guid":{"rendered":"https:\/\/staging.nbg.eu\/product\/ten-speed-single-pistol-mag-pouch\/"},"modified":"2024-09-12T15:54:30","modified_gmt":"2024-09-12T15:54:30","slug":"poche-chargeur-pistolet-simple-ten-speed","status":"publish","type":"product","link":"https:\/\/staging.nbg.eu\/fr\/produit\/poche-chargeur-pistolet-simple-ten-speed\/","title":{"rendered":"Poche Chargeur Pistolet Simple Ten-Speed"},"content":{"rendered":"<h2>Pochette pour un chargeur de pistolet Ten-Speed\u00ae<\/h2>\n<p>Notre pochette Ten-Speed\u00ae pour un chargeur de pistolet est con\u00e7ue pour l&rsquo;utilisateur tactique moderne. Cette pochette polyvalente peut contenir :<\/p>\n<ul>\n<li>Des chargeurs de pistolet simple ou double pile (jusqu&rsquo;au HK 45)<\/li>\n<li>Des outils multifonctions<\/li>\n<li>Des lampes<\/li>\n<li>Des couteaux<\/li>\n<li>Des petits sprays OC<\/li>\n<\/ul>\n<p>Fabriqu\u00e9e avec de l&rsquo;\u00e9lastique de qualit\u00e9 militaire et une construction ULTRAcomp\u2122, cette pochette l\u00e9g\u00e8re reste plate lorsqu&rsquo;elle n&rsquo;est pas utilis\u00e9e. Le syst\u00e8me de fixation Helium Whisper\u00ae brevet\u00e9 assure la compatibilit\u00e9 MOLLE et r\u00e9duit le poids jusqu&rsquo;\u00e0 60% sans compromettre la durabilit\u00e9.<\/p>\n<p>Dimensions : 0,32 cm x 5,08 cm x 10,16 cm (requiert un champ MOLLE 2&#215;1)<\/p>\n<p>Cette pochette offre une meilleure r\u00e9tention et durabilit\u00e9 gr\u00e2ce \u00e0 nos derni\u00e8res innovations en mati\u00e8re de mat\u00e9riaux.<\/p>\n","protected":false},"excerpt":{"rendered":"<p>Porte-chargeur de pistolet ultra-l\u00e9ger \u00e0 acc\u00e8s rapide pour chargeurs simples ou doubles.<\/p>\n","protected":false},"featured_media":33867,"template":"","meta":{"_acf_changed":false},"product_brand":[11128],"product_cat":[12160,12151,12136],"product_tag":[],"class_list":{"0":"post-48678","1":"product","2":"type-product","3":"status-publish","4":"has-post-thumbnail","6":"product_brand-blue-force-gear","7":"product_cat-equipement","8":"product_cat-pochettes","9":"product_cat-porte-chargeurs","11":"first","12":"instock","13":"taxable","14":"shipping-taxable","15":"purchasable","16":"product-type-variable","17":"wvs-archive-product-wrapper"},"acf":[],"_links":{"self":[{"href":"https:\/\/staging.nbg.eu\/fr\/wp-json\/wp\/v2\/product\/48678","targetHints":{"allow":["GET"]}}],"collection":[{"href":"https:\/\/staging.nbg.eu\/fr\/wp-json\/wp\/v2\/product"}],"about":[{"href":"https:\/\/staging.nbg.eu\/fr\/wp-json\/wp\/v2\/types\/product"}],"wp:featuredmedia":[{"embeddable":true,"href":"https:\/\/staging.nbg.eu\/fr\/wp-json\/wp\/v2\/media\/33867"}],"wp:attachment":[{"href":"https:\/\/staging.nbg.eu\/fr\/wp-json\/wp\/v2\/media?parent=48678"}],"wp:term":[{"taxonomy":"product_brand","embeddable":true,"href":"https:\/\/staging.nbg.eu\/fr\/wp-json\/wp\/v2\/product_brand?post=48678"},{"taxonomy":"product_cat","embeddable":true,"href":"https:\/\/staging.nbg.eu\/fr\/wp-json\/wp\/v2\/product_cat?post=48678"},{"taxonomy":"product_tag","embeddable":true,"href":"https:\/\/staging.nbg.eu\/fr\/wp-json\/wp\/v2\/product_tag?post=48678"}],"curies":[{"name":"wp","href":"https:\/\/api.w.org\/{rel}","templated":true}]}}