{"id":48518,"date":"2024-07-30T17:57:46","date_gmt":"2024-07-30T17:57:46","guid":{"rendered":"https:\/\/staging.nbg.eu\/product\/red-dot-sight-holosun-hs503gu\/"},"modified":"2024-09-12T15:42:27","modified_gmt":"2024-09-12T15:42:27","slug":"viseur-point-rouge-holosun-hs503gu","status":"publish","type":"product","link":"https:\/\/staging.nbg.eu\/fr\/produit\/viseur-point-rouge-holosun-hs503gu\/","title":{"rendered":"Viseur Point Rouge Holosun HS503GU"},"content":{"rendered":"<h2>Viseur point rouge Holosun HS503GU<\/h2>\n<p>Le viseur point rouge Holosun HS503GU offre les caract\u00e9ristiques suivantes :<\/p>\n<ul>\n<li>R\u00e9ticule cercle-point avec point de 2 MOA et cercle de 65 MOA<\/li>\n<li>Emplacement de la pile dans une tourelle viss\u00e9e<\/li>\n<li>Bo\u00eetier de protection pour les tourelles de d\u00e9rive et d&rsquo;\u00e9l\u00e9vation<\/li>\n<li>Autonomie de la pile jusqu&rsquo;\u00e0 2 ans en utilisation constante<\/li>\n<li>Fonction marche\/arr\u00eat activ\u00e9e par le mouvement<\/li>\n<li>Technologie LED<\/li>\n<li>Positionnement hors axe de la lentille pour la r\u00e9flexion de la lumi\u00e8re<\/li>\n<li>Construction en aluminium l\u00e9g\u00e8re (0,18 kg)<\/li>\n<li>Dimensions compactes : 6,6 cm L x 3,8 cm l x 6,9 cm H<\/li>\n<li>Grossissement 1x<\/li>\n<li>Compatible avec les rails Picatinny<\/li>\n<\/ul>\n<p>Le HS503GU est adapt\u00e9 \u00e0 la chasse et au tir sportif tactique. Il offre pr\u00e9cision et durabilit\u00e9.<\/p>\n","protected":false},"excerpt":{"rendered":"<p>Viseur point rouge compact avec r\u00e9ticule \u00e0 cercle et point et longue dur\u00e9e de vie de la batterie.<\/p>\n","protected":false},"featured_media":48519,"template":"","meta":{"_acf_changed":false},"product_brand":[11427],"product_cat":[12170,12203,12169],"product_tag":[],"class_list":{"0":"post-48518","1":"product","2":"type-product","3":"status-publish","4":"has-post-thumbnail","6":"product_brand-holosun","7":"product_cat-points-rouges","8":"product_cat-points-rouges-fusil","9":"product_cat-visee","11":"first","12":"outofstock","13":"taxable","14":"shipping-taxable","15":"purchasable","16":"product-type-simple"},"acf":[],"_links":{"self":[{"href":"https:\/\/staging.nbg.eu\/fr\/wp-json\/wp\/v2\/product\/48518","targetHints":{"allow":["GET"]}}],"collection":[{"href":"https:\/\/staging.nbg.eu\/fr\/wp-json\/wp\/v2\/product"}],"about":[{"href":"https:\/\/staging.nbg.eu\/fr\/wp-json\/wp\/v2\/types\/product"}],"wp:featuredmedia":[{"embeddable":true,"href":"https:\/\/staging.nbg.eu\/fr\/wp-json\/wp\/v2\/media\/48519"}],"wp:attachment":[{"href":"https:\/\/staging.nbg.eu\/fr\/wp-json\/wp\/v2\/media?parent=48518"}],"wp:term":[{"taxonomy":"product_brand","embeddable":true,"href":"https:\/\/staging.nbg.eu\/fr\/wp-json\/wp\/v2\/product_brand?post=48518"},{"taxonomy":"product_cat","embeddable":true,"href":"https:\/\/staging.nbg.eu\/fr\/wp-json\/wp\/v2\/product_cat?post=48518"},{"taxonomy":"product_tag","embeddable":true,"href":"https:\/\/staging.nbg.eu\/fr\/wp-json\/wp\/v2\/product_tag?post=48518"}],"curies":[{"name":"wp","href":"https:\/\/api.w.org\/{rel}","templated":true}]}}