{"id":47720,"date":"2024-07-30T18:21:46","date_gmt":"2024-09-12T13:52:16","guid":{"rendered":"https:\/\/staging.nbg.eu\/product\/surefire-supressor-alighnment-rod\/"},"modified":"2024-09-12T13:53:04","modified_gmt":"2024-09-12T13:53:04","slug":"tige-dalignement-pour-silencieux-surefire","status":"publish","type":"product","link":"https:\/\/staging.nbg.eu\/fr\/produit\/tige-dalignement-pour-silencieux-surefire\/","title":{"rendered":"Tige d&rsquo;alignement pour silencieux Surefire"},"content":{"rendered":"<p style=\"text-align: center\"><span style=\"font-size: 170%\"><strong>Tiges d&rsquo;alignement de canon SureFire<\/strong><\/span><\/p>\n<p>Les tiges de canon SureFire sont des outils qui assurent une concentricit\u00e9 appropri\u00e9e le long de la trajectoire de la balle lors du tir avec un suppresseur sur une nouvelle plateforme. La tige repr\u00e9sente au mieux la trajectoire de la balle et montrera tout d\u00e9salignement \u00e9ventuel. SureFire recommande de v\u00e9rifier l&rsquo;alignement canon-adaptateur-suppresseur sur toute nouvelle configuration ou tout montage non test\u00e9, et les tiges de canon SureFire sont le moyen le plus efficace de le confirmer. Il suffit de choisir la tige correspondant au calibre de votre fusil ou carabine.<\/p>\n<p><span style=\"color: #282828\"><strong><span style=\"font-size: 150%\">CARACT\u00c9RISTIQUES :<\/span><\/strong><\/span><\/p>\n<p style=\"padding-left: 40px\"><span style=\"color: #282828\"><strong>\u2588 <\/strong><\/span>Fabriqu\u00e9 aux \u00c9tats-Unis.<\/p>\n<p style=\"padding-left: 40px\"><span style=\"color: #282828\"><strong>\u2588 <\/strong><\/span>Acier inoxydable trait\u00e9 thermiquement.<\/p>\n<p style=\"padding-left: 40px\"><span style=\"color: #282828\"><strong>\u2588 <\/strong><\/span>Pour la validation de l&rsquo;installation avant le premier tir.<\/p>\n<p style=\"padding-left: 40px\"><span style=\"color: #282828\"><strong>\u2588 <\/strong><\/span>Tiges usin\u00e9es avec pr\u00e9cision pour une v\u00e9rification plus pr\u00e9cise.<\/p>\n<p style=\"padding-left: 40px\"><span style=\"color: #282828\"><strong>\u2588 <\/strong><\/span>La tige usin\u00e9e avec pr\u00e9cision montrera tout \u00e9cart d&rsquo;alignement.<\/p>\n<p style=\"padding-left: 40px\"><span style=\"color: #282828\"><strong>\u2588 <\/strong><\/span>La m\u00e9thode approuv\u00e9e par SureFire pour v\u00e9rifier l&rsquo;alignement correct du suppresseur.<\/p>\n<p style=\"padding-left: 40px\"><span style=\"color: #282828\"><strong>\u2588 <\/strong><\/span>Tiges de calibre sp\u00e9cifique pour les options les plus populaires du march\u00e9.<\/p>\n<p style=\"padding-left: 40px\"><span style=\"color: #282828\"><strong>\u2588 <\/strong><\/span>Un espace \u00e9gal doit \u00eatre visible entre l&rsquo;al\u00e9sage du suppresseur et la tige centr\u00e9e.<\/p>\n<p style=\"padding-left: 40px\"><span style=\"color: #282828\"><strong>\u2588 <\/strong><\/span>Il suffit d&rsquo;ins\u00e9rer la tige \u00e0 travers le suppresseur mont\u00e9 d&rsquo;une arme d\u00e9charg\u00e9e.<\/p>\n<p style=\"padding-left: 40px\"><span style=\"color: #282828\"><strong>\u2588 <\/strong><\/span>Tiges sp\u00e9cifiques disponibles pour la plupart des calibres populaires (5,56 mm, 6,5 mm, 6,8 mm, 7,62 mm, 9 mm, .338)<\/p>\n<table width=\"595\">\n<tbody>\n<tr>\n<td colspan=\"2\" width=\"595\"><span style=\"font-size: 150%;color: #282828\"><b>ATTRIBUTS PRINCIPAUX<\/b><\/span><\/td>\n<\/tr>\n<tr>\n<td width=\"198\"><b>CALIBRE<\/b><\/td>\n<td width=\"397\">5,56 mm, 6,5 mm, 6,8 mm, 7,62 mm, 9 mm, .338 cal<\/td>\n<\/tr>\n<tr>\n<td width=\"198\"><b>CONSTRUCTION<\/b><\/td>\n<td width=\"397\">Acier inoxydable trait\u00e9 thermiquement<\/td>\n<\/tr>\n<\/tbody>\n<\/table>\n","protected":false},"excerpt":{"rendered":"<p><strong>Outils d&rsquo;alignement pour silencieux SureFire<\/strong><\/p>\n","protected":false},"featured_media":47722,"template":"","meta":{"_acf_changed":false},"product_brand":[11866],"product_cat":[12165,12196,12128],"product_tag":[],"class_list":{"0":"post-47720","1":"product","2":"type-product","3":"status-publish","4":"has-post-thumbnail","6":"product_brand-surefire","7":"product_cat-accessoires-suppresseur","8":"product_cat-outils","9":"product_cat-suppresseurs","11":"first","12":"instock","13":"taxable","14":"shipping-taxable","15":"purchasable","16":"product-type-variable","17":"wvs-archive-product-wrapper"},"acf":[],"_links":{"self":[{"href":"https:\/\/staging.nbg.eu\/fr\/wp-json\/wp\/v2\/product\/47720","targetHints":{"allow":["GET"]}}],"collection":[{"href":"https:\/\/staging.nbg.eu\/fr\/wp-json\/wp\/v2\/product"}],"about":[{"href":"https:\/\/staging.nbg.eu\/fr\/wp-json\/wp\/v2\/types\/product"}],"wp:featuredmedia":[{"embeddable":true,"href":"https:\/\/staging.nbg.eu\/fr\/wp-json\/wp\/v2\/media\/47722"}],"wp:attachment":[{"href":"https:\/\/staging.nbg.eu\/fr\/wp-json\/wp\/v2\/media?parent=47720"}],"wp:term":[{"taxonomy":"product_brand","embeddable":true,"href":"https:\/\/staging.nbg.eu\/fr\/wp-json\/wp\/v2\/product_brand?post=47720"},{"taxonomy":"product_cat","embeddable":true,"href":"https:\/\/staging.nbg.eu\/fr\/wp-json\/wp\/v2\/product_cat?post=47720"},{"taxonomy":"product_tag","embeddable":true,"href":"https:\/\/staging.nbg.eu\/fr\/wp-json\/wp\/v2\/product_tag?post=47720"}],"curies":[{"name":"wp","href":"https:\/\/api.w.org\/{rel}","templated":true}]}}