{"id":47568,"date":"2024-07-30T18:46:42","date_gmt":"2024-09-12T13:44:59","guid":{"rendered":"https:\/\/staging.nbg.eu\/product\/surefire-dg-11-switch\/"},"modified":"2024-09-12T13:45:40","modified_gmt":"2024-09-12T13:45:40","slug":"interrupteur-surefire-dg-11","status":"publish","type":"product","link":"https:\/\/staging.nbg.eu\/fr\/produit\/interrupteur-surefire-dg-11\/","title":{"rendered":"Interrupteur SureFire DG-11"},"content":{"rendered":"<div class=\"product-description\">\n<h2>Commutateur SureFire DG-11<\/h2>\n<p>Le commutateur SureFire DG-11 est con\u00e7u pour les pistolets Glock Gen 3\/4\/5 avec rails accessoires. Ce commutateur de poign\u00e9e offre :<\/p>\n<ul>\n<li>Activation de la lampe sans compromettre la prise en main<\/li>\n<li>Interrupteur ambidextre \u00e0 double fonction momentan\u00e9e et continue<\/li>\n<li>Pad central de taille r\u00e9duite pour un contr\u00f4le pr\u00e9cis<\/li>\n<li>Compatibilit\u00e9 avec les lampes de la s\u00e9rie X (sauf XH50G)<\/li>\n<\/ul>\n<p>Le DG-11 permet aux utilisateurs d&rsquo;activer leur lampe par pression du doigt tout en maintenant une prise ferme sur l&rsquo;arme. Cette conception facilite un contr\u00f4le rapide et pr\u00e9cis de la lumi\u00e8re, ce qui en fait un accessoire utile pour les forces de l&rsquo;ordre, le personnel militaire et les propri\u00e9taires d&rsquo;armes responsables.<\/p>\n<\/div>\n","protected":false},"excerpt":{"rendered":"<p>Interrupteur mont\u00e9 sur la poign\u00e9e pour un contr\u00f4le pr\u00e9cis de la lampe tactique sur les pistolets Glock.<\/p>\n","protected":false},"featured_media":47569,"template":"","meta":{"_acf_changed":false},"product_brand":[11866],"product_cat":[12208,12184,12177],"product_tag":[],"class_list":{"0":"post-47568","1":"product","2":"type-product","3":"status-publish","4":"has-post-thumbnail","6":"product_brand-surefire","7":"product_cat-accessoires-de-lampe","8":"product_cat-lampes","9":"product_cat-lampes-de-pistolet","11":"first","12":"instock","13":"taxable","14":"shipping-taxable","15":"purchasable","16":"product-type-simple"},"acf":[],"_links":{"self":[{"href":"https:\/\/staging.nbg.eu\/fr\/wp-json\/wp\/v2\/product\/47568","targetHints":{"allow":["GET"]}}],"collection":[{"href":"https:\/\/staging.nbg.eu\/fr\/wp-json\/wp\/v2\/product"}],"about":[{"href":"https:\/\/staging.nbg.eu\/fr\/wp-json\/wp\/v2\/types\/product"}],"wp:featuredmedia":[{"embeddable":true,"href":"https:\/\/staging.nbg.eu\/fr\/wp-json\/wp\/v2\/media\/47569"}],"wp:attachment":[{"href":"https:\/\/staging.nbg.eu\/fr\/wp-json\/wp\/v2\/media?parent=47568"}],"wp:term":[{"taxonomy":"product_brand","embeddable":true,"href":"https:\/\/staging.nbg.eu\/fr\/wp-json\/wp\/v2\/product_brand?post=47568"},{"taxonomy":"product_cat","embeddable":true,"href":"https:\/\/staging.nbg.eu\/fr\/wp-json\/wp\/v2\/product_cat?post=47568"},{"taxonomy":"product_tag","embeddable":true,"href":"https:\/\/staging.nbg.eu\/fr\/wp-json\/wp\/v2\/product_tag?post=47568"}],"curies":[{"name":"wp","href":"https:\/\/api.w.org\/{rel}","templated":true}]}}