{"id":47190,"date":"2024-07-30T18:50:58","date_gmt":"2024-07-30T18:50:58","guid":{"rendered":"https:\/\/staging.nbg.eu\/product\/surefire-sflfp123-batteries-charger\/"},"modified":"2024-09-12T13:08:32","modified_gmt":"2024-09-12T13:08:32","slug":"piles-surefire-sflfp123-chargeur","status":"publish","type":"product","link":"https:\/\/staging.nbg.eu\/fr\/produit\/piles-surefire-sflfp123-chargeur\/","title":{"rendered":"Piles SureFire SFLFP123 + chargeur"},"content":{"rendered":"<p>Kit de batteries SFLFP123 SureFire avec chargeur :<\/p>\n<ul>\n<li>Les batteries SFLFP123 rechargeables sont plus \u00e9conomiques que les batteries au lithium 123A jetables<\/li>\n<li>Ne contient pas de m\u00e9taux lourds dangereux<\/li>\n<li>Chargeur \u00e0 deux compartiments pour recharger facilement \u00e0 domicile ou en d\u00e9placement<\/li>\n<li>Le kit comprend :\n<ul>\n<li>Deux cellules rechargeables au lithium fer phosphate (LiFePO4) de 450mAh et 3,2V<\/li>\n<li>Un chargeur de batterie \u00e0 deux compartiments<\/li>\n<li>Un c\u00e2ble MICRO-USB vers USB-A<\/li>\n<\/ul>\n<\/li>\n<\/ul>\n<p>Batteries SFLFP123 SureFire avec chargeur.<\/p>\n","protected":false},"excerpt":{"rendered":"<p>Batteries LiFePO4 rechargeables avec chargeur. \u00c9cologiques et \u00e9conomiques.<\/p>\n","protected":false},"featured_media":47169,"template":"","meta":{"_acf_changed":false},"product_brand":[11866],"product_cat":[12208,12132,12184],"product_tag":[],"class_list":{"0":"post-47190","1":"product","2":"type-product","3":"status-publish","4":"has-post-thumbnail","6":"product_brand-surefire","7":"product_cat-accessoires-de-lampe","8":"product_cat-batteries","9":"product_cat-lampes","11":"first","12":"outofstock","13":"taxable","14":"shipping-taxable","15":"purchasable","16":"product-type-simple"},"acf":[],"_links":{"self":[{"href":"https:\/\/staging.nbg.eu\/fr\/wp-json\/wp\/v2\/product\/47190","targetHints":{"allow":["GET"]}}],"collection":[{"href":"https:\/\/staging.nbg.eu\/fr\/wp-json\/wp\/v2\/product"}],"about":[{"href":"https:\/\/staging.nbg.eu\/fr\/wp-json\/wp\/v2\/types\/product"}],"wp:featuredmedia":[{"embeddable":true,"href":"https:\/\/staging.nbg.eu\/fr\/wp-json\/wp\/v2\/media\/47169"}],"wp:attachment":[{"href":"https:\/\/staging.nbg.eu\/fr\/wp-json\/wp\/v2\/media?parent=47190"}],"wp:term":[{"taxonomy":"product_brand","embeddable":true,"href":"https:\/\/staging.nbg.eu\/fr\/wp-json\/wp\/v2\/product_brand?post=47190"},{"taxonomy":"product_cat","embeddable":true,"href":"https:\/\/staging.nbg.eu\/fr\/wp-json\/wp\/v2\/product_cat?post=47190"},{"taxonomy":"product_tag","embeddable":true,"href":"https:\/\/staging.nbg.eu\/fr\/wp-json\/wp\/v2\/product_tag?post=47190"}],"curies":[{"name":"wp","href":"https:\/\/api.w.org\/{rel}","templated":true}]}}