{"id":47042,"date":"2024-07-30T19:06:10","date_gmt":"2024-09-12T12:56:00","guid":{"rendered":"https:\/\/staging.nbg.eu\/product\/iosso-ar-rifle-complete-cleaning-kit\/"},"modified":"2024-09-12T12:56:46","modified_gmt":"2024-09-12T12:56:46","slug":"kit-de-nettoyage-complet-iosso-pour-carabine-ar","status":"publish","type":"product","link":"https:\/\/staging.nbg.eu\/fr\/produit\/kit-de-nettoyage-complet-iosso-pour-carabine-ar\/","title":{"rendered":"Kit de nettoyage complet Iosso pour carabine AR"},"content":{"rendered":"<div class=\"product-description\">\n<h2>Kit de nettoyage complet pour fusil AR Iosso<\/h2>\n<p>Entretenez votre arme \u00e0 feu avec notre kit de nettoyage. Caract\u00e9ristiques :<\/p>\n<ul>\n<li>6 brosses de pr\u00e9cision pour un nettoyage approfondi<\/li>\n<li>Nettoie le bo\u00eetier sup\u00e9rieur, la chambre, le porte-culasse, l&rsquo;al\u00e9sage .223\/.30, le tube de cl\u00e9 et le tube de gaz<\/li>\n<li>La brosse pour tube de gaz nettoie sans d\u00e9montage<\/li>\n<li>Inclut tous les outils n\u00e9cessaires, une tige et une corde<\/li>\n<li>Polyvalent : convient aux pistolets, fusils et fusils de chasse<\/li>\n<li>Sac de transport inclus<\/li>\n<\/ul>\n<p>\u00c0 utiliser avec le nettoyant pour canon Iosso et l&rsquo;huile \u00e0 triple action pour des r\u00e9sultats optimaux (vendus s\u00e9par\u00e9ment).<\/p>\n<\/div>\n","protected":false},"excerpt":{"rendered":"<p>Kit de nettoyage complet pour fusil AR avec 6 brosses et outils essentiels.<\/p>\n","protected":false},"featured_media":107635,"template":"","meta":{"_acf_changed":false},"product_brand":[11481],"product_cat":[12201,12139,12174],"product_tag":[],"class_list":{"0":"post-47042","1":"product","2":"type-product","3":"status-publish","4":"has-post-thumbnail","6":"product_brand-iosso","7":"product_cat-brosses","8":"product_cat-kits-de-nettoyage","9":"product_cat-nettoyage-darmes","10":"pa_model-ar-308-fr","11":"pa_model-ar-15-fr","13":"first","14":"instock","15":"taxable","16":"shipping-taxable","17":"purchasable","18":"product-type-variable","19":"wvs-archive-product-wrapper"},"acf":[],"_links":{"self":[{"href":"https:\/\/staging.nbg.eu\/fr\/wp-json\/wp\/v2\/product\/47042","targetHints":{"allow":["GET"]}}],"collection":[{"href":"https:\/\/staging.nbg.eu\/fr\/wp-json\/wp\/v2\/product"}],"about":[{"href":"https:\/\/staging.nbg.eu\/fr\/wp-json\/wp\/v2\/types\/product"}],"wp:featuredmedia":[{"embeddable":true,"href":"https:\/\/staging.nbg.eu\/fr\/wp-json\/wp\/v2\/media\/107635"}],"wp:attachment":[{"href":"https:\/\/staging.nbg.eu\/fr\/wp-json\/wp\/v2\/media?parent=47042"}],"wp:term":[{"taxonomy":"product_brand","embeddable":true,"href":"https:\/\/staging.nbg.eu\/fr\/wp-json\/wp\/v2\/product_brand?post=47042"},{"taxonomy":"product_cat","embeddable":true,"href":"https:\/\/staging.nbg.eu\/fr\/wp-json\/wp\/v2\/product_cat?post=47042"},{"taxonomy":"product_tag","embeddable":true,"href":"https:\/\/staging.nbg.eu\/fr\/wp-json\/wp\/v2\/product_tag?post=47042"}],"curies":[{"name":"wp","href":"https:\/\/api.w.org\/{rel}","templated":true}]}}